{"id":7626,"date":"2021-10-06T10:39:55","date_gmt":"2021-10-06T10:39:55","guid":{"rendered":"https:\/\/www.froilabo.com\/?page_id=7626"},"modified":"2021-10-12T09:35:27","modified_gmt":"2021-10-12T09:35:27","slug":"f-gaz-2","status":"publish","type":"page","link":"https:\/\/www.froilabo.com\/fr\/f-gaz-2\/","title":{"rendered":"F-Gaz"},"content":{"rendered":"<p><strong>F-Gaz<\/strong><\/p>\n<p>La F-Gaz est une norme li\u00e9e aux protocoles de Montr\u00e9al et de Kyoto concernant la r\u00e9gulation des r\u00e9frig\u00e9rants dans l\u2019Union Europ\u00e9enne.<\/p>\n<p>Le but de cette norme est l\u2019interdiction progressive des r\u00e9frig\u00e9rants qui ont un potentiel d\u2019effet de serre \u00e9lev\u00e9, pour les remplacer par des r\u00e9frig\u00e9rants ayant des impacts sur l\u2019environnement moins polluant et plus respectueux.<\/p>\n<p>Pour plus de d\u00e9tails sur cette norme, vous pouvez consulter l\u2019article correspondant dans la rubrique \u00ab\u00a0Support Client\u00a0\u00bb.<\/p>\n","protected":false},"excerpt":{"rendered":"<p>F-Gaz La F-Gaz est une norme li\u00e9e aux protocoles de Montr\u00e9al et de Kyoto concernant la r\u00e9gulation des r\u00e9frig\u00e9rants dans l\u2019Union Europ\u00e9enne. Le but de cette norme est l\u2019interdiction progressive des r\u00e9frig\u00e9rants qui ont un potentiel d\u2019effet de serre \u00e9lev\u00e9, pour les remplacer par des r\u00e9frig\u00e9rants ayant des impacts sur l\u2019environnement moins polluant et plus [&hellip;]<\/p>\n","protected":false},"author":53,"featured_media":0,"parent":0,"menu_order":0,"comment_status":"closed","ping_status":"closed","template":"","meta":{"_acf_changed":false,"footnotes":""},"class_list":["post-7626","page","type-page","status-publish","hentry"],"acf":{"rf_hero_type":"default","rf_hero_vertpos":"50","rf_hero_horizpos":"50","rf_hero_textcol":"light","rf_hero_bgcol":"white","rf_hero_tint":false,"rf_hero_height":"default","rf_hero_title_hide":false,"rf_hero_title":"","rf_sitemap_hide":false,"rf_further_reading_posts":false},"yoast_head":"<!-- This site is optimized with the Yoast SEO plugin v27.4 - https:\/\/yoast.com\/product\/yoast-seo-wordpress\/ -->\n<title>F-Gaz - Froilabo<\/title>\n<meta name=\"robots\" content=\"index, follow, max-snippet:-1, max-image-preview:large, max-video-preview:-1\" \/>\n<link rel=\"canonical\" href=\"https:\/\/www.froilabo.com\/fr\/f-gaz-2\/\" \/>\n<meta property=\"og:locale\" content=\"fr_FR\" \/>\n<meta property=\"og:type\" content=\"article\" \/>\n<meta property=\"og:title\" content=\"F-Gaz - Froilabo\" \/>\n<meta property=\"og:description\" content=\"F-Gaz La F-Gaz est une norme li\u00e9e aux protocoles de Montr\u00e9al et de Kyoto concernant la r\u00e9gulation des r\u00e9frig\u00e9rants dans l\u2019Union Europ\u00e9enne. Le but de cette norme est l\u2019interdiction progressive des r\u00e9frig\u00e9rants qui ont un potentiel d\u2019effet de serre \u00e9lev\u00e9, pour les remplacer par des r\u00e9frig\u00e9rants ayant des impacts sur l\u2019environnement moins polluant et plus [&hellip;]\" \/>\n<meta property=\"og:url\" content=\"https:\/\/www.froilabo.com\/fr\/f-gaz-2\/\" \/>\n<meta property=\"og:site_name\" content=\"Froilabo\" \/>\n<meta property=\"article:modified_time\" content=\"2021-10-12T09:35:27+00:00\" \/>\n<meta name=\"twitter:card\" content=\"summary_large_image\" \/>\n<script type=\"application\/ld+json\" class=\"yoast-schema-graph\">{\"@context\":\"https:\\\/\\\/schema.org\",\"@graph\":[{\"@type\":\"WebPage\",\"@id\":\"https:\\\/\\\/www.froilabo.com\\\/fr\\\/f-gaz-2\\\/\",\"url\":\"https:\\\/\\\/www.froilabo.com\\\/fr\\\/f-gaz-2\\\/\",\"name\":\"F-Gaz - Froilabo\",\"isPartOf\":{\"@id\":\"https:\\\/\\\/www.froilabo.com\\\/fr\\\/#website\"},\"datePublished\":\"2021-10-06T10:39:55+00:00\",\"dateModified\":\"2021-10-12T09:35:27+00:00\",\"breadcrumb\":{\"@id\":\"https:\\\/\\\/www.froilabo.com\\\/fr\\\/f-gaz-2\\\/#breadcrumb\"},\"inLanguage\":\"fr-FR\",\"potentialAction\":[{\"@type\":\"ReadAction\",\"target\":[\"https:\\\/\\\/www.froilabo.com\\\/fr\\\/f-gaz-2\\\/\"]}]},{\"@type\":\"BreadcrumbList\",\"@id\":\"https:\\\/\\\/www.froilabo.com\\\/fr\\\/f-gaz-2\\\/#breadcrumb\",\"itemListElement\":[{\"@type\":\"ListItem\",\"position\":1,\"name\":\"Home\",\"item\":\"https:\\\/\\\/www.froilabo.com\\\/fr\\\/home\\\/\"},{\"@type\":\"ListItem\",\"position\":2,\"name\":\"F-Gaz\"}]},{\"@type\":\"WebSite\",\"@id\":\"https:\\\/\\\/www.froilabo.com\\\/fr\\\/#website\",\"url\":\"https:\\\/\\\/www.froilabo.com\\\/fr\\\/\",\"name\":\"Froilabo\",\"description\":\"Precision for life\",\"potentialAction\":[{\"@type\":\"SearchAction\",\"target\":{\"@type\":\"EntryPoint\",\"urlTemplate\":\"https:\\\/\\\/www.froilabo.com\\\/fr\\\/?s={search_term_string}\"},\"query-input\":{\"@type\":\"PropertyValueSpecification\",\"valueRequired\":true,\"valueName\":\"search_term_string\"}}],\"inLanguage\":\"fr-FR\"}]}<\/script>\n<!-- \/ Yoast SEO plugin. -->","yoast_head_json":{"title":"F-Gaz - Froilabo","robots":{"index":"index","follow":"follow","max-snippet":"max-snippet:-1","max-image-preview":"max-image-preview:large","max-video-preview":"max-video-preview:-1"},"canonical":"https:\/\/www.froilabo.com\/fr\/f-gaz-2\/","og_locale":"fr_FR","og_type":"article","og_title":"F-Gaz - Froilabo","og_description":"F-Gaz La F-Gaz est une norme li\u00e9e aux protocoles de Montr\u00e9al et de Kyoto concernant la r\u00e9gulation des r\u00e9frig\u00e9rants dans l\u2019Union Europ\u00e9enne. Le but de cette norme est l\u2019interdiction progressive des r\u00e9frig\u00e9rants qui ont un potentiel d\u2019effet de serre \u00e9lev\u00e9, pour les remplacer par des r\u00e9frig\u00e9rants ayant des impacts sur l\u2019environnement moins polluant et plus [&hellip;]","og_url":"https:\/\/www.froilabo.com\/fr\/f-gaz-2\/","og_site_name":"Froilabo","article_modified_time":"2021-10-12T09:35:27+00:00","twitter_card":"summary_large_image","schema":{"@context":"https:\/\/schema.org","@graph":[{"@type":"WebPage","@id":"https:\/\/www.froilabo.com\/fr\/f-gaz-2\/","url":"https:\/\/www.froilabo.com\/fr\/f-gaz-2\/","name":"F-Gaz - Froilabo","isPartOf":{"@id":"https:\/\/www.froilabo.com\/fr\/#website"},"datePublished":"2021-10-06T10:39:55+00:00","dateModified":"2021-10-12T09:35:27+00:00","breadcrumb":{"@id":"https:\/\/www.froilabo.com\/fr\/f-gaz-2\/#breadcrumb"},"inLanguage":"fr-FR","potentialAction":[{"@type":"ReadAction","target":["https:\/\/www.froilabo.com\/fr\/f-gaz-2\/"]}]},{"@type":"BreadcrumbList","@id":"https:\/\/www.froilabo.com\/fr\/f-gaz-2\/#breadcrumb","itemListElement":[{"@type":"ListItem","position":1,"name":"Home","item":"https:\/\/www.froilabo.com\/fr\/home\/"},{"@type":"ListItem","position":2,"name":"F-Gaz"}]},{"@type":"WebSite","@id":"https:\/\/www.froilabo.com\/fr\/#website","url":"https:\/\/www.froilabo.com\/fr\/","name":"Froilabo","description":"Precision for life","potentialAction":[{"@type":"SearchAction","target":{"@type":"EntryPoint","urlTemplate":"https:\/\/www.froilabo.com\/fr\/?s={search_term_string}"},"query-input":{"@type":"PropertyValueSpecification","valueRequired":true,"valueName":"search_term_string"}}],"inLanguage":"fr-FR"}]}},"_links":{"self":[{"href":"https:\/\/www.froilabo.com\/fr\/wp-json\/wp\/v2\/pages\/7626","targetHints":{"allow":["GET"]}}],"collection":[{"href":"https:\/\/www.froilabo.com\/fr\/wp-json\/wp\/v2\/pages"}],"about":[{"href":"https:\/\/www.froilabo.com\/fr\/wp-json\/wp\/v2\/types\/page"}],"author":[{"embeddable":true,"href":"https:\/\/www.froilabo.com\/fr\/wp-json\/wp\/v2\/users\/53"}],"replies":[{"embeddable":true,"href":"https:\/\/www.froilabo.com\/fr\/wp-json\/wp\/v2\/comments?post=7626"}],"version-history":[{"count":1,"href":"https:\/\/www.froilabo.com\/fr\/wp-json\/wp\/v2\/pages\/7626\/revisions"}],"predecessor-version":[{"id":7627,"href":"https:\/\/www.froilabo.com\/fr\/wp-json\/wp\/v2\/pages\/7626\/revisions\/7627"}],"wp:attachment":[{"href":"https:\/\/www.froilabo.com\/fr\/wp-json\/wp\/v2\/media?parent=7626"}],"curies":[{"name":"wp","href":"https:\/\/api.w.org\/{rel}","templated":true}]}}