{"id":7622,"date":"2021-10-06T10:31:53","date_gmt":"2021-10-06T10:31:53","guid":{"rendered":"https:\/\/www.froilabo.com\/?page_id=7622"},"modified":"2021-10-12T09:28:58","modified_gmt":"2021-10-12T09:28:58","slug":"enceinte-climatique-2","status":"publish","type":"page","link":"https:\/\/www.froilabo.com\/fr\/enceinte-climatique-2\/","title":{"rendered":"Enceinte climatique"},"content":{"rendered":"<p><strong>Enceinte climatique<\/strong><\/p>\n<section class=\"simple-text\">\n<div class=\"site-content\">\n<div class=\"text\">\n<p>Une enceinte climatique, aussi appel\u00e9e chambre climatique, est un appareil qui sert \u00e0 r\u00e9aliser des essais en thermo-hygrom\u00e9trie. C\u2019est un espace clos, isol\u00e9 et \u00e0 ventilation forc\u00e9e, d\u2019une capacit\u00e9 variable de plusieurs dizaines de litres \u00e0 plus de 1000 litres, con\u00e7ue pour optimiser l\u2019homog\u00e9n\u00e9it\u00e9.<\/p>\n<p>L\u2019objectif est donc de simuler des conditions environnementales pr\u00e9cises comme la temp\u00e9rature, l\u2019humidit\u00e9 ou encore la lumi\u00e8re dans le but de tester un produit et les syst\u00e8mes d\u2019emballages de type packaging. Un mat\u00e9riau est influenc\u00e9 par ses propri\u00e9t\u00e9s physico-chimiques et m\u00e9caniques, influenc\u00e9s notamment par les variations de la temp\u00e9rature et l\u2019humidit\u00e9.<\/p>\n<p>L\u2019objectif est de tester et v\u00e9rifier la fiabilit\u00e9, la dur\u00e9e, le comportement dans le contexte de l\u2019utilisation ou la r\u00e9sistance d\u2019un produit. Et alors d\u00e9tecter d\u2019\u00e9ventuels d\u00e9fauts qui seraient \u00e0 corriger sur les prototypes.<\/p>\n<p>L\u2019utilisation des enceintes climatiques concerne diff\u00e9rents domaines d\u2019utilisation comme les laboratoires de tests, les industries automobiles, de mati\u00e8re chimique, cosm\u00e9tiques, pharmaceutique, textile, ou encore de construction.<\/p>\n<p>Les types de d\u00e9faillances sont, par exemple,\u00a0de l\u2019ordre de :<\/p>\n<ul>\n<li>L\u2019oxydation<\/li>\n<li>La corrosion<\/li>\n<li>Le d\u00e9collement d\u2019assemblage<\/li>\n<li>L\u2019apparition de fissures<\/li>\n<li>Le gonflement de mat\u00e9riau<\/li>\n<\/ul>\n<p>Chez Froilabo, les enceintes climatiques ont une utilisation couvrant une plage de temp\u00e9rature entre 0\u00b0C et +60\u00b0C et une humidit\u00e9 modulable entre 10% et 98%.<\/p>\n<\/div>\n<\/div>\n<\/section>\n<p>&nbsp;<\/p>\n","protected":false},"excerpt":{"rendered":"<p>Enceinte climatique Une enceinte climatique, aussi appel\u00e9e chambre climatique, est un appareil qui sert \u00e0 r\u00e9aliser des essais en thermo-hygrom\u00e9trie. C\u2019est un espace clos, isol\u00e9 et \u00e0 ventilation forc\u00e9e, d\u2019une capacit\u00e9 variable de plusieurs dizaines de litres \u00e0 plus de 1000 litres, con\u00e7ue pour optimiser l\u2019homog\u00e9n\u00e9it\u00e9. L\u2019objectif est donc de simuler des conditions environnementales pr\u00e9cises [&hellip;]<\/p>\n","protected":false},"author":53,"featured_media":0,"parent":0,"menu_order":0,"comment_status":"closed","ping_status":"closed","template":"","meta":{"_acf_changed":false,"footnotes":""},"class_list":["post-7622","page","type-page","status-publish","hentry"],"acf":{"rf_hero_type":"default","rf_hero_vertpos":"50","rf_hero_horizpos":"50","rf_hero_textcol":"light","rf_hero_bgcol":"white","rf_hero_tint":false,"rf_hero_height":"default","rf_hero_title_hide":false,"rf_hero_title":"","rf_sitemap_hide":false,"rf_further_reading_posts":false},"yoast_head":"<!-- This site is optimized with the Yoast SEO plugin v27.3 - https:\/\/yoast.com\/product\/yoast-seo-wordpress\/ -->\n<title>Enceinte climatique - Froilabo<\/title>\n<meta name=\"robots\" content=\"index, follow, max-snippet:-1, max-image-preview:large, max-video-preview:-1\" \/>\n<link rel=\"canonical\" href=\"https:\/\/www.froilabo.com\/fr\/enceinte-climatique-2\/\" \/>\n<meta property=\"og:locale\" content=\"fr_FR\" \/>\n<meta property=\"og:type\" content=\"article\" \/>\n<meta property=\"og:title\" content=\"Enceinte climatique - Froilabo\" \/>\n<meta property=\"og:description\" content=\"Enceinte climatique Une enceinte climatique, aussi appel\u00e9e chambre climatique, est un appareil qui sert \u00e0 r\u00e9aliser des essais en thermo-hygrom\u00e9trie. C\u2019est un espace clos, isol\u00e9 et \u00e0 ventilation forc\u00e9e, d\u2019une capacit\u00e9 variable de plusieurs dizaines de litres \u00e0 plus de 1000 litres, con\u00e7ue pour optimiser l\u2019homog\u00e9n\u00e9it\u00e9. L\u2019objectif est donc de simuler des conditions environnementales pr\u00e9cises [&hellip;]\" \/>\n<meta property=\"og:url\" content=\"https:\/\/www.froilabo.com\/fr\/enceinte-climatique-2\/\" \/>\n<meta property=\"og:site_name\" content=\"Froilabo\" \/>\n<meta property=\"article:modified_time\" content=\"2021-10-12T09:28:58+00:00\" \/>\n<meta name=\"twitter:card\" content=\"summary_large_image\" \/>\n<meta name=\"twitter:label1\" content=\"Dur\u00e9e de lecture estim\u00e9e\" \/>\n\t<meta name=\"twitter:data1\" content=\"1 minute\" \/>\n<script type=\"application\/ld+json\" class=\"yoast-schema-graph\">{\"@context\":\"https:\\\/\\\/schema.org\",\"@graph\":[{\"@type\":\"WebPage\",\"@id\":\"https:\\\/\\\/www.froilabo.com\\\/fr\\\/enceinte-climatique-2\\\/\",\"url\":\"https:\\\/\\\/www.froilabo.com\\\/fr\\\/enceinte-climatique-2\\\/\",\"name\":\"Enceinte climatique - Froilabo\",\"isPartOf\":{\"@id\":\"https:\\\/\\\/www.froilabo.com\\\/fr\\\/#website\"},\"datePublished\":\"2021-10-06T10:31:53+00:00\",\"dateModified\":\"2021-10-12T09:28:58+00:00\",\"breadcrumb\":{\"@id\":\"https:\\\/\\\/www.froilabo.com\\\/fr\\\/enceinte-climatique-2\\\/#breadcrumb\"},\"inLanguage\":\"fr-FR\",\"potentialAction\":[{\"@type\":\"ReadAction\",\"target\":[\"https:\\\/\\\/www.froilabo.com\\\/fr\\\/enceinte-climatique-2\\\/\"]}]},{\"@type\":\"BreadcrumbList\",\"@id\":\"https:\\\/\\\/www.froilabo.com\\\/fr\\\/enceinte-climatique-2\\\/#breadcrumb\",\"itemListElement\":[{\"@type\":\"ListItem\",\"position\":1,\"name\":\"Home\",\"item\":\"https:\\\/\\\/www.froilabo.com\\\/fr\\\/home\\\/\"},{\"@type\":\"ListItem\",\"position\":2,\"name\":\"Enceinte climatique\"}]},{\"@type\":\"WebSite\",\"@id\":\"https:\\\/\\\/www.froilabo.com\\\/fr\\\/#website\",\"url\":\"https:\\\/\\\/www.froilabo.com\\\/fr\\\/\",\"name\":\"Froilabo\",\"description\":\"Precision for life\",\"potentialAction\":[{\"@type\":\"SearchAction\",\"target\":{\"@type\":\"EntryPoint\",\"urlTemplate\":\"https:\\\/\\\/www.froilabo.com\\\/fr\\\/?s={search_term_string}\"},\"query-input\":{\"@type\":\"PropertyValueSpecification\",\"valueRequired\":true,\"valueName\":\"search_term_string\"}}],\"inLanguage\":\"fr-FR\"}]}<\/script>\n<!-- \/ Yoast SEO plugin. -->","yoast_head_json":{"title":"Enceinte climatique - Froilabo","robots":{"index":"index","follow":"follow","max-snippet":"max-snippet:-1","max-image-preview":"max-image-preview:large","max-video-preview":"max-video-preview:-1"},"canonical":"https:\/\/www.froilabo.com\/fr\/enceinte-climatique-2\/","og_locale":"fr_FR","og_type":"article","og_title":"Enceinte climatique - Froilabo","og_description":"Enceinte climatique Une enceinte climatique, aussi appel\u00e9e chambre climatique, est un appareil qui sert \u00e0 r\u00e9aliser des essais en thermo-hygrom\u00e9trie. C\u2019est un espace clos, isol\u00e9 et \u00e0 ventilation forc\u00e9e, d\u2019une capacit\u00e9 variable de plusieurs dizaines de litres \u00e0 plus de 1000 litres, con\u00e7ue pour optimiser l\u2019homog\u00e9n\u00e9it\u00e9. L\u2019objectif est donc de simuler des conditions environnementales pr\u00e9cises [&hellip;]","og_url":"https:\/\/www.froilabo.com\/fr\/enceinte-climatique-2\/","og_site_name":"Froilabo","article_modified_time":"2021-10-12T09:28:58+00:00","twitter_card":"summary_large_image","twitter_misc":{"Dur\u00e9e de lecture estim\u00e9e":"1 minute"},"schema":{"@context":"https:\/\/schema.org","@graph":[{"@type":"WebPage","@id":"https:\/\/www.froilabo.com\/fr\/enceinte-climatique-2\/","url":"https:\/\/www.froilabo.com\/fr\/enceinte-climatique-2\/","name":"Enceinte climatique - Froilabo","isPartOf":{"@id":"https:\/\/www.froilabo.com\/fr\/#website"},"datePublished":"2021-10-06T10:31:53+00:00","dateModified":"2021-10-12T09:28:58+00:00","breadcrumb":{"@id":"https:\/\/www.froilabo.com\/fr\/enceinte-climatique-2\/#breadcrumb"},"inLanguage":"fr-FR","potentialAction":[{"@type":"ReadAction","target":["https:\/\/www.froilabo.com\/fr\/enceinte-climatique-2\/"]}]},{"@type":"BreadcrumbList","@id":"https:\/\/www.froilabo.com\/fr\/enceinte-climatique-2\/#breadcrumb","itemListElement":[{"@type":"ListItem","position":1,"name":"Home","item":"https:\/\/www.froilabo.com\/fr\/home\/"},{"@type":"ListItem","position":2,"name":"Enceinte climatique"}]},{"@type":"WebSite","@id":"https:\/\/www.froilabo.com\/fr\/#website","url":"https:\/\/www.froilabo.com\/fr\/","name":"Froilabo","description":"Precision for life","potentialAction":[{"@type":"SearchAction","target":{"@type":"EntryPoint","urlTemplate":"https:\/\/www.froilabo.com\/fr\/?s={search_term_string}"},"query-input":{"@type":"PropertyValueSpecification","valueRequired":true,"valueName":"search_term_string"}}],"inLanguage":"fr-FR"}]}},"_links":{"self":[{"href":"https:\/\/www.froilabo.com\/fr\/wp-json\/wp\/v2\/pages\/7622","targetHints":{"allow":["GET"]}}],"collection":[{"href":"https:\/\/www.froilabo.com\/fr\/wp-json\/wp\/v2\/pages"}],"about":[{"href":"https:\/\/www.froilabo.com\/fr\/wp-json\/wp\/v2\/types\/page"}],"author":[{"embeddable":true,"href":"https:\/\/www.froilabo.com\/fr\/wp-json\/wp\/v2\/users\/53"}],"replies":[{"embeddable":true,"href":"https:\/\/www.froilabo.com\/fr\/wp-json\/wp\/v2\/comments?post=7622"}],"version-history":[{"count":2,"href":"https:\/\/www.froilabo.com\/fr\/wp-json\/wp\/v2\/pages\/7622\/revisions"}],"predecessor-version":[{"id":7960,"href":"https:\/\/www.froilabo.com\/fr\/wp-json\/wp\/v2\/pages\/7622\/revisions\/7960"}],"wp:attachment":[{"href":"https:\/\/www.froilabo.com\/fr\/wp-json\/wp\/v2\/media?parent=7622"}],"curies":[{"name":"wp","href":"https:\/\/api.w.org\/{rel}","templated":true}]}}