{"id":7619,"date":"2021-10-06T10:29:01","date_gmt":"2021-10-06T10:29:01","guid":{"rendered":"https:\/\/www.froilabo.com\/?page_id=7619"},"modified":"2021-10-12T09:50:04","modified_gmt":"2021-10-12T09:50:04","slug":"etuve-2","status":"publish","type":"page","link":"https:\/\/www.froilabo.com\/fr\/etuve-2\/","title":{"rendered":"Etuve"},"content":{"rendered":"<p><strong>Etuve<\/strong><\/p>\n<p>Une \u00e9tuve est un appareil destin\u00e9 \u00e0 produire de la chaleur dans une atmosph\u00e8re relativement faible en humidit\u00e9. Le but de son utilisation est multiple et s\u2019adresse \u00e0 diff\u00e9rents domaines d\u2019applications. Elle est utile autant en industries qu\u2019en laboratoires de recherches, et pour des activit\u00e9s aussi diverses que\u00a0:<\/p>\n<ul>\n<li>Le s\u00e9chage d\u2019\u00e9chantillons<\/li>\n<li>La protection d\u2019objets sensibles \u00e0 l\u2019humidit\u00e9<\/li>\n<li>La d\u00e9shumidification d\u2019\u00e9chantillon<\/li>\n<li>Les simulations des processus de vieillissement<\/li>\n<li>Le stockage<\/li>\n<li>Les essais de mat\u00e9riaux \u2026<\/li>\n<\/ul>\n<p>Chez Froilabo, les plages de temp\u00e9ratures d\u2019utilisation d\u2019une \u00e9tuve s\u2019av\u00e8rent plut\u00f4t larges allant de la temp\u00e9rature ambiante +10\u00b0C jusqu\u2019\u00e0 des temp\u00e9ratures maximales de +250 \u00b0C.<\/p>\n","protected":false},"excerpt":{"rendered":"<p>Etuve Une \u00e9tuve est un appareil destin\u00e9 \u00e0 produire de la chaleur dans une atmosph\u00e8re relativement faible en humidit\u00e9. Le but de son utilisation est multiple et s\u2019adresse \u00e0 diff\u00e9rents domaines d\u2019applications. Elle est utile autant en industries qu\u2019en laboratoires de recherches, et pour des activit\u00e9s aussi diverses que\u00a0: Le s\u00e9chage d\u2019\u00e9chantillons La protection d\u2019objets [&hellip;]<\/p>\n","protected":false},"author":53,"featured_media":0,"parent":0,"menu_order":0,"comment_status":"closed","ping_status":"closed","template":"","meta":{"_acf_changed":false,"footnotes":""},"class_list":["post-7619","page","type-page","status-publish","hentry"],"acf":{"rf_hero_type":"default","rf_hero_vertpos":"50","rf_hero_horizpos":"50","rf_hero_textcol":"light","rf_hero_bgcol":"white","rf_hero_tint":false,"rf_hero_height":"default","rf_hero_title_hide":false,"rf_hero_title":"","rf_sitemap_hide":false,"rf_further_reading_posts":false},"yoast_head":"<!-- This site is optimized with the Yoast SEO plugin v27.4 - https:\/\/yoast.com\/product\/yoast-seo-wordpress\/ -->\n<title>Etuve - Froilabo<\/title>\n<meta name=\"robots\" content=\"index, follow, max-snippet:-1, max-image-preview:large, max-video-preview:-1\" \/>\n<link rel=\"canonical\" href=\"https:\/\/www.froilabo.com\/fr\/etuve-2\/\" \/>\n<meta property=\"og:locale\" content=\"fr_FR\" \/>\n<meta property=\"og:type\" content=\"article\" \/>\n<meta property=\"og:title\" content=\"Etuve - Froilabo\" \/>\n<meta property=\"og:description\" content=\"Etuve Une \u00e9tuve est un appareil destin\u00e9 \u00e0 produire de la chaleur dans une atmosph\u00e8re relativement faible en humidit\u00e9. Le but de son utilisation est multiple et s\u2019adresse \u00e0 diff\u00e9rents domaines d\u2019applications. Elle est utile autant en industries qu\u2019en laboratoires de recherches, et pour des activit\u00e9s aussi diverses que\u00a0: Le s\u00e9chage d\u2019\u00e9chantillons La protection d\u2019objets [&hellip;]\" \/>\n<meta property=\"og:url\" content=\"https:\/\/www.froilabo.com\/fr\/etuve-2\/\" \/>\n<meta property=\"og:site_name\" content=\"Froilabo\" \/>\n<meta property=\"article:modified_time\" content=\"2021-10-12T09:50:04+00:00\" \/>\n<meta name=\"twitter:card\" content=\"summary_large_image\" \/>\n<meta name=\"twitter:label1\" content=\"Dur\u00e9e de lecture estim\u00e9e\" \/>\n\t<meta name=\"twitter:data1\" content=\"1 minute\" \/>\n<script type=\"application\/ld+json\" class=\"yoast-schema-graph\">{\"@context\":\"https:\\\/\\\/schema.org\",\"@graph\":[{\"@type\":\"WebPage\",\"@id\":\"https:\\\/\\\/www.froilabo.com\\\/fr\\\/etuve-2\\\/\",\"url\":\"https:\\\/\\\/www.froilabo.com\\\/fr\\\/etuve-2\\\/\",\"name\":\"Etuve - Froilabo\",\"isPartOf\":{\"@id\":\"https:\\\/\\\/www.froilabo.com\\\/fr\\\/#website\"},\"datePublished\":\"2021-10-06T10:29:01+00:00\",\"dateModified\":\"2021-10-12T09:50:04+00:00\",\"breadcrumb\":{\"@id\":\"https:\\\/\\\/www.froilabo.com\\\/fr\\\/etuve-2\\\/#breadcrumb\"},\"inLanguage\":\"fr-FR\",\"potentialAction\":[{\"@type\":\"ReadAction\",\"target\":[\"https:\\\/\\\/www.froilabo.com\\\/fr\\\/etuve-2\\\/\"]}]},{\"@type\":\"BreadcrumbList\",\"@id\":\"https:\\\/\\\/www.froilabo.com\\\/fr\\\/etuve-2\\\/#breadcrumb\",\"itemListElement\":[{\"@type\":\"ListItem\",\"position\":1,\"name\":\"Home\",\"item\":\"https:\\\/\\\/www.froilabo.com\\\/fr\\\/home\\\/\"},{\"@type\":\"ListItem\",\"position\":2,\"name\":\"Etuve\"}]},{\"@type\":\"WebSite\",\"@id\":\"https:\\\/\\\/www.froilabo.com\\\/fr\\\/#website\",\"url\":\"https:\\\/\\\/www.froilabo.com\\\/fr\\\/\",\"name\":\"Froilabo\",\"description\":\"Precision for life\",\"potentialAction\":[{\"@type\":\"SearchAction\",\"target\":{\"@type\":\"EntryPoint\",\"urlTemplate\":\"https:\\\/\\\/www.froilabo.com\\\/fr\\\/?s={search_term_string}\"},\"query-input\":{\"@type\":\"PropertyValueSpecification\",\"valueRequired\":true,\"valueName\":\"search_term_string\"}}],\"inLanguage\":\"fr-FR\"}]}<\/script>\n<!-- \/ Yoast SEO plugin. -->","yoast_head_json":{"title":"Etuve - Froilabo","robots":{"index":"index","follow":"follow","max-snippet":"max-snippet:-1","max-image-preview":"max-image-preview:large","max-video-preview":"max-video-preview:-1"},"canonical":"https:\/\/www.froilabo.com\/fr\/etuve-2\/","og_locale":"fr_FR","og_type":"article","og_title":"Etuve - Froilabo","og_description":"Etuve Une \u00e9tuve est un appareil destin\u00e9 \u00e0 produire de la chaleur dans une atmosph\u00e8re relativement faible en humidit\u00e9. Le but de son utilisation est multiple et s\u2019adresse \u00e0 diff\u00e9rents domaines d\u2019applications. Elle est utile autant en industries qu\u2019en laboratoires de recherches, et pour des activit\u00e9s aussi diverses que\u00a0: Le s\u00e9chage d\u2019\u00e9chantillons La protection d\u2019objets [&hellip;]","og_url":"https:\/\/www.froilabo.com\/fr\/etuve-2\/","og_site_name":"Froilabo","article_modified_time":"2021-10-12T09:50:04+00:00","twitter_card":"summary_large_image","twitter_misc":{"Dur\u00e9e de lecture estim\u00e9e":"1 minute"},"schema":{"@context":"https:\/\/schema.org","@graph":[{"@type":"WebPage","@id":"https:\/\/www.froilabo.com\/fr\/etuve-2\/","url":"https:\/\/www.froilabo.com\/fr\/etuve-2\/","name":"Etuve - Froilabo","isPartOf":{"@id":"https:\/\/www.froilabo.com\/fr\/#website"},"datePublished":"2021-10-06T10:29:01+00:00","dateModified":"2021-10-12T09:50:04+00:00","breadcrumb":{"@id":"https:\/\/www.froilabo.com\/fr\/etuve-2\/#breadcrumb"},"inLanguage":"fr-FR","potentialAction":[{"@type":"ReadAction","target":["https:\/\/www.froilabo.com\/fr\/etuve-2\/"]}]},{"@type":"BreadcrumbList","@id":"https:\/\/www.froilabo.com\/fr\/etuve-2\/#breadcrumb","itemListElement":[{"@type":"ListItem","position":1,"name":"Home","item":"https:\/\/www.froilabo.com\/fr\/home\/"},{"@type":"ListItem","position":2,"name":"Etuve"}]},{"@type":"WebSite","@id":"https:\/\/www.froilabo.com\/fr\/#website","url":"https:\/\/www.froilabo.com\/fr\/","name":"Froilabo","description":"Precision for life","potentialAction":[{"@type":"SearchAction","target":{"@type":"EntryPoint","urlTemplate":"https:\/\/www.froilabo.com\/fr\/?s={search_term_string}"},"query-input":{"@type":"PropertyValueSpecification","valueRequired":true,"valueName":"search_term_string"}}],"inLanguage":"fr-FR"}]}},"_links":{"self":[{"href":"https:\/\/www.froilabo.com\/fr\/wp-json\/wp\/v2\/pages\/7619","targetHints":{"allow":["GET"]}}],"collection":[{"href":"https:\/\/www.froilabo.com\/fr\/wp-json\/wp\/v2\/pages"}],"about":[{"href":"https:\/\/www.froilabo.com\/fr\/wp-json\/wp\/v2\/types\/page"}],"author":[{"embeddable":true,"href":"https:\/\/www.froilabo.com\/fr\/wp-json\/wp\/v2\/users\/53"}],"replies":[{"embeddable":true,"href":"https:\/\/www.froilabo.com\/fr\/wp-json\/wp\/v2\/comments?post=7619"}],"version-history":[{"count":1,"href":"https:\/\/www.froilabo.com\/fr\/wp-json\/wp\/v2\/pages\/7619\/revisions"}],"predecessor-version":[{"id":7620,"href":"https:\/\/www.froilabo.com\/fr\/wp-json\/wp\/v2\/pages\/7619\/revisions\/7620"}],"wp:attachment":[{"href":"https:\/\/www.froilabo.com\/fr\/wp-json\/wp\/v2\/media?parent=7619"}],"curies":[{"name":"wp","href":"https:\/\/api.w.org\/{rel}","templated":true}]}}