{"id":7616,"date":"2021-10-06T10:25:56","date_gmt":"2021-10-06T10:25:56","guid":{"rendered":"https:\/\/www.froilabo.com\/?page_id=7616"},"modified":"2025-11-25T15:11:58","modified_gmt":"2025-11-25T15:11:58","slug":"circuit-frigorifique-en-cascade-2","status":"publish","type":"page","link":"https:\/\/www.froilabo.com\/fr\/circuit-frigorifique-en-cascade-2\/","title":{"rendered":"Compresseurs en cascade"},"content":{"rendered":"<p><strong>Compresseurs en cascade<\/strong><\/p>\n<p>Installation comportant de nombreux circuits de refroidissement appel\u00e9e \u00ab cascade \u00bb car elle consiste en la mise en place de plusieurs syst\u00e8mes de refroidissement avec des temp\u00e9ratures de plus en plus basses. L&rsquo;\u00e9vaporateur du premier circuit sert \u00e0 refroidir le condenseur du second circuit.<\/p>\n","protected":false},"excerpt":{"rendered":"<p>Compresseurs en cascade Installation comportant de nombreux circuits de refroidissement appel\u00e9e \u00ab cascade \u00bb car elle consiste en la mise en place de plusieurs syst\u00e8mes de refroidissement avec des temp\u00e9ratures de plus en plus basses. L&rsquo;\u00e9vaporateur du premier circuit sert \u00e0 refroidir le condenseur du second circuit.<\/p>\n","protected":false},"author":4,"featured_media":0,"parent":0,"menu_order":0,"comment_status":"closed","ping_status":"closed","template":"","meta":{"_acf_changed":false,"footnotes":""},"class_list":["post-7616","page","type-page","status-publish","hentry"],"acf":{"rf_hero_type":"default","rf_hero_vertpos":"50","rf_hero_horizpos":"50","rf_hero_textcol":"light","rf_hero_bgcol":"white","rf_hero_tint":false,"rf_hero_height":"default","rf_hero_title_hide":false,"rf_hero_title":"","rf_sitemap_hide":false,"rf_further_reading_posts":false},"yoast_head":"<!-- This site is optimized with the Yoast SEO plugin v27.3 - https:\/\/yoast.com\/product\/yoast-seo-wordpress\/ -->\n<title>Compresseurs en cascade - Froilabo<\/title>\n<meta name=\"robots\" content=\"index, follow, max-snippet:-1, max-image-preview:large, max-video-preview:-1\" \/>\n<link rel=\"canonical\" href=\"https:\/\/www.froilabo.com\/fr\/circuit-frigorifique-en-cascade-2\/\" \/>\n<meta property=\"og:locale\" content=\"fr_FR\" \/>\n<meta property=\"og:type\" content=\"article\" \/>\n<meta property=\"og:title\" content=\"Compresseurs en cascade - Froilabo\" \/>\n<meta property=\"og:description\" content=\"Compresseurs en cascade Installation comportant de nombreux circuits de refroidissement appel\u00e9e \u00ab cascade \u00bb car elle consiste en la mise en place de plusieurs syst\u00e8mes de refroidissement avec des temp\u00e9ratures de plus en plus basses. L&rsquo;\u00e9vaporateur du premier circuit sert \u00e0 refroidir le condenseur du second circuit.\" \/>\n<meta property=\"og:url\" content=\"https:\/\/www.froilabo.com\/fr\/circuit-frigorifique-en-cascade-2\/\" \/>\n<meta property=\"og:site_name\" content=\"Froilabo\" \/>\n<meta property=\"article:modified_time\" content=\"2025-11-25T15:11:58+00:00\" \/>\n<meta name=\"twitter:card\" content=\"summary_large_image\" \/>\n<script type=\"application\/ld+json\" class=\"yoast-schema-graph\">{\"@context\":\"https:\\\/\\\/schema.org\",\"@graph\":[{\"@type\":\"WebPage\",\"@id\":\"https:\\\/\\\/www.froilabo.com\\\/fr\\\/circuit-frigorifique-en-cascade-2\\\/\",\"url\":\"https:\\\/\\\/www.froilabo.com\\\/fr\\\/circuit-frigorifique-en-cascade-2\\\/\",\"name\":\"Compresseurs en cascade - Froilabo\",\"isPartOf\":{\"@id\":\"https:\\\/\\\/www.froilabo.com\\\/fr\\\/#website\"},\"datePublished\":\"2021-10-06T10:25:56+00:00\",\"dateModified\":\"2025-11-25T15:11:58+00:00\",\"breadcrumb\":{\"@id\":\"https:\\\/\\\/www.froilabo.com\\\/fr\\\/circuit-frigorifique-en-cascade-2\\\/#breadcrumb\"},\"inLanguage\":\"fr-FR\",\"potentialAction\":[{\"@type\":\"ReadAction\",\"target\":[\"https:\\\/\\\/www.froilabo.com\\\/fr\\\/circuit-frigorifique-en-cascade-2\\\/\"]}]},{\"@type\":\"BreadcrumbList\",\"@id\":\"https:\\\/\\\/www.froilabo.com\\\/fr\\\/circuit-frigorifique-en-cascade-2\\\/#breadcrumb\",\"itemListElement\":[{\"@type\":\"ListItem\",\"position\":1,\"name\":\"Home\",\"item\":\"https:\\\/\\\/www.froilabo.com\\\/fr\\\/home\\\/\"},{\"@type\":\"ListItem\",\"position\":2,\"name\":\"Compresseurs en cascade\"}]},{\"@type\":\"WebSite\",\"@id\":\"https:\\\/\\\/www.froilabo.com\\\/fr\\\/#website\",\"url\":\"https:\\\/\\\/www.froilabo.com\\\/fr\\\/\",\"name\":\"Froilabo\",\"description\":\"Precision for life\",\"potentialAction\":[{\"@type\":\"SearchAction\",\"target\":{\"@type\":\"EntryPoint\",\"urlTemplate\":\"https:\\\/\\\/www.froilabo.com\\\/fr\\\/?s={search_term_string}\"},\"query-input\":{\"@type\":\"PropertyValueSpecification\",\"valueRequired\":true,\"valueName\":\"search_term_string\"}}],\"inLanguage\":\"fr-FR\"}]}<\/script>\n<!-- \/ Yoast SEO plugin. -->","yoast_head_json":{"title":"Compresseurs en cascade - Froilabo","robots":{"index":"index","follow":"follow","max-snippet":"max-snippet:-1","max-image-preview":"max-image-preview:large","max-video-preview":"max-video-preview:-1"},"canonical":"https:\/\/www.froilabo.com\/fr\/circuit-frigorifique-en-cascade-2\/","og_locale":"fr_FR","og_type":"article","og_title":"Compresseurs en cascade - Froilabo","og_description":"Compresseurs en cascade Installation comportant de nombreux circuits de refroidissement appel\u00e9e \u00ab cascade \u00bb car elle consiste en la mise en place de plusieurs syst\u00e8mes de refroidissement avec des temp\u00e9ratures de plus en plus basses. L&rsquo;\u00e9vaporateur du premier circuit sert \u00e0 refroidir le condenseur du second circuit.","og_url":"https:\/\/www.froilabo.com\/fr\/circuit-frigorifique-en-cascade-2\/","og_site_name":"Froilabo","article_modified_time":"2025-11-25T15:11:58+00:00","twitter_card":"summary_large_image","schema":{"@context":"https:\/\/schema.org","@graph":[{"@type":"WebPage","@id":"https:\/\/www.froilabo.com\/fr\/circuit-frigorifique-en-cascade-2\/","url":"https:\/\/www.froilabo.com\/fr\/circuit-frigorifique-en-cascade-2\/","name":"Compresseurs en cascade - Froilabo","isPartOf":{"@id":"https:\/\/www.froilabo.com\/fr\/#website"},"datePublished":"2021-10-06T10:25:56+00:00","dateModified":"2025-11-25T15:11:58+00:00","breadcrumb":{"@id":"https:\/\/www.froilabo.com\/fr\/circuit-frigorifique-en-cascade-2\/#breadcrumb"},"inLanguage":"fr-FR","potentialAction":[{"@type":"ReadAction","target":["https:\/\/www.froilabo.com\/fr\/circuit-frigorifique-en-cascade-2\/"]}]},{"@type":"BreadcrumbList","@id":"https:\/\/www.froilabo.com\/fr\/circuit-frigorifique-en-cascade-2\/#breadcrumb","itemListElement":[{"@type":"ListItem","position":1,"name":"Home","item":"https:\/\/www.froilabo.com\/fr\/home\/"},{"@type":"ListItem","position":2,"name":"Compresseurs en cascade"}]},{"@type":"WebSite","@id":"https:\/\/www.froilabo.com\/fr\/#website","url":"https:\/\/www.froilabo.com\/fr\/","name":"Froilabo","description":"Precision for life","potentialAction":[{"@type":"SearchAction","target":{"@type":"EntryPoint","urlTemplate":"https:\/\/www.froilabo.com\/fr\/?s={search_term_string}"},"query-input":{"@type":"PropertyValueSpecification","valueRequired":true,"valueName":"search_term_string"}}],"inLanguage":"fr-FR"}]}},"_links":{"self":[{"href":"https:\/\/www.froilabo.com\/fr\/wp-json\/wp\/v2\/pages\/7616","targetHints":{"allow":["GET"]}}],"collection":[{"href":"https:\/\/www.froilabo.com\/fr\/wp-json\/wp\/v2\/pages"}],"about":[{"href":"https:\/\/www.froilabo.com\/fr\/wp-json\/wp\/v2\/types\/page"}],"author":[{"embeddable":true,"href":"https:\/\/www.froilabo.com\/fr\/wp-json\/wp\/v2\/users\/4"}],"replies":[{"embeddable":true,"href":"https:\/\/www.froilabo.com\/fr\/wp-json\/wp\/v2\/comments?post=7616"}],"version-history":[{"count":2,"href":"https:\/\/www.froilabo.com\/fr\/wp-json\/wp\/v2\/pages\/7616\/revisions"}],"predecessor-version":[{"id":16040,"href":"https:\/\/www.froilabo.com\/fr\/wp-json\/wp\/v2\/pages\/7616\/revisions\/16040"}],"wp:attachment":[{"href":"https:\/\/www.froilabo.com\/fr\/wp-json\/wp\/v2\/media?parent=7616"}],"curies":[{"name":"wp","href":"https:\/\/api.w.org\/{rel}","templated":true}]}}