{"id":7603,"date":"2021-10-06T10:19:17","date_gmt":"2021-10-06T10:19:17","guid":{"rendered":"https:\/\/www.froilabo.com\/?page_id=7603"},"modified":"2021-10-12T09:33:43","modified_gmt":"2021-10-12T09:33:43","slug":"cryotube-2","status":"publish","type":"page","link":"https:\/\/www.froilabo.com\/fr\/cryotube-2\/","title":{"rendered":"Cryotube"},"content":{"rendered":"<p><strong>Cryotube<\/strong><\/p>\n<p>Petits r\u00e9cipients\u00a0de diff\u00e9rentes tailles et st\u00e9riles permettant de stocker des \u00e9chantillons de type biologique.<\/p>\n<p>Ils supportent une cong\u00e9lation \u00e0 tr\u00e8s basses temp\u00e9ratures, notamment pour des temp\u00e9ratures de stockage dans de l\u2019azote liquide.<\/p>\n","protected":false},"excerpt":{"rendered":"<p>Cryotube Petits r\u00e9cipients\u00a0de diff\u00e9rentes tailles et st\u00e9riles permettant de stocker des \u00e9chantillons de type biologique. Ils supportent une cong\u00e9lation \u00e0 tr\u00e8s basses temp\u00e9ratures, notamment pour des temp\u00e9ratures de stockage dans de l\u2019azote liquide.<\/p>\n","protected":false},"author":53,"featured_media":0,"parent":0,"menu_order":0,"comment_status":"closed","ping_status":"closed","template":"","meta":{"_acf_changed":false,"footnotes":""},"class_list":["post-7603","page","type-page","status-publish","hentry"],"acf":{"rf_hero_height":"default","rf_hero_type":"default","rf_hero_vertpos":"50","rf_hero_horizpos":"50","rf_hero_title":"","rf_hero_title_hide":false,"rf_hero_textcol":"light","rf_hero_bgcol":"white","rf_hero_tint":false,"rf_sitemap_hide":false,"rf_further_reading_posts":false},"yoast_head":"<!-- This site is optimized with the Yoast SEO plugin v27.3 - https:\/\/yoast.com\/product\/yoast-seo-wordpress\/ -->\n<title>Cryotube - Froilabo<\/title>\n<meta name=\"robots\" content=\"index, follow, max-snippet:-1, max-image-preview:large, max-video-preview:-1\" \/>\n<link rel=\"canonical\" href=\"https:\/\/www.froilabo.com\/fr\/cryotube-2\/\" \/>\n<meta property=\"og:locale\" content=\"fr_FR\" \/>\n<meta property=\"og:type\" content=\"article\" \/>\n<meta property=\"og:title\" content=\"Cryotube - Froilabo\" \/>\n<meta property=\"og:description\" content=\"Cryotube Petits r\u00e9cipients\u00a0de diff\u00e9rentes tailles et st\u00e9riles permettant de stocker des \u00e9chantillons de type biologique. Ils supportent une cong\u00e9lation \u00e0 tr\u00e8s basses temp\u00e9ratures, notamment pour des temp\u00e9ratures de stockage dans de l\u2019azote liquide.\" \/>\n<meta property=\"og:url\" content=\"https:\/\/www.froilabo.com\/fr\/cryotube-2\/\" \/>\n<meta property=\"og:site_name\" content=\"Froilabo\" \/>\n<meta property=\"article:modified_time\" content=\"2021-10-12T09:33:43+00:00\" \/>\n<meta name=\"twitter:card\" content=\"summary_large_image\" \/>\n<script type=\"application\/ld+json\" class=\"yoast-schema-graph\">{\"@context\":\"https:\\\/\\\/schema.org\",\"@graph\":[{\"@type\":\"WebPage\",\"@id\":\"https:\\\/\\\/www.froilabo.com\\\/fr\\\/cryotube-2\\\/\",\"url\":\"https:\\\/\\\/www.froilabo.com\\\/fr\\\/cryotube-2\\\/\",\"name\":\"Cryotube - Froilabo\",\"isPartOf\":{\"@id\":\"https:\\\/\\\/www.froilabo.com\\\/fr\\\/#website\"},\"datePublished\":\"2021-10-06T10:19:17+00:00\",\"dateModified\":\"2021-10-12T09:33:43+00:00\",\"breadcrumb\":{\"@id\":\"https:\\\/\\\/www.froilabo.com\\\/fr\\\/cryotube-2\\\/#breadcrumb\"},\"inLanguage\":\"fr-FR\",\"potentialAction\":[{\"@type\":\"ReadAction\",\"target\":[\"https:\\\/\\\/www.froilabo.com\\\/fr\\\/cryotube-2\\\/\"]}]},{\"@type\":\"BreadcrumbList\",\"@id\":\"https:\\\/\\\/www.froilabo.com\\\/fr\\\/cryotube-2\\\/#breadcrumb\",\"itemListElement\":[{\"@type\":\"ListItem\",\"position\":1,\"name\":\"Home\",\"item\":\"https:\\\/\\\/www.froilabo.com\\\/fr\\\/home\\\/\"},{\"@type\":\"ListItem\",\"position\":2,\"name\":\"Cryotube\"}]},{\"@type\":\"WebSite\",\"@id\":\"https:\\\/\\\/www.froilabo.com\\\/fr\\\/#website\",\"url\":\"https:\\\/\\\/www.froilabo.com\\\/fr\\\/\",\"name\":\"Froilabo\",\"description\":\"Precision for life\",\"potentialAction\":[{\"@type\":\"SearchAction\",\"target\":{\"@type\":\"EntryPoint\",\"urlTemplate\":\"https:\\\/\\\/www.froilabo.com\\\/fr\\\/?s={search_term_string}\"},\"query-input\":{\"@type\":\"PropertyValueSpecification\",\"valueRequired\":true,\"valueName\":\"search_term_string\"}}],\"inLanguage\":\"fr-FR\"}]}<\/script>\n<!-- \/ Yoast SEO plugin. -->","yoast_head_json":{"title":"Cryotube - Froilabo","robots":{"index":"index","follow":"follow","max-snippet":"max-snippet:-1","max-image-preview":"max-image-preview:large","max-video-preview":"max-video-preview:-1"},"canonical":"https:\/\/www.froilabo.com\/fr\/cryotube-2\/","og_locale":"fr_FR","og_type":"article","og_title":"Cryotube - Froilabo","og_description":"Cryotube Petits r\u00e9cipients\u00a0de diff\u00e9rentes tailles et st\u00e9riles permettant de stocker des \u00e9chantillons de type biologique. Ils supportent une cong\u00e9lation \u00e0 tr\u00e8s basses temp\u00e9ratures, notamment pour des temp\u00e9ratures de stockage dans de l\u2019azote liquide.","og_url":"https:\/\/www.froilabo.com\/fr\/cryotube-2\/","og_site_name":"Froilabo","article_modified_time":"2021-10-12T09:33:43+00:00","twitter_card":"summary_large_image","schema":{"@context":"https:\/\/schema.org","@graph":[{"@type":"WebPage","@id":"https:\/\/www.froilabo.com\/fr\/cryotube-2\/","url":"https:\/\/www.froilabo.com\/fr\/cryotube-2\/","name":"Cryotube - Froilabo","isPartOf":{"@id":"https:\/\/www.froilabo.com\/fr\/#website"},"datePublished":"2021-10-06T10:19:17+00:00","dateModified":"2021-10-12T09:33:43+00:00","breadcrumb":{"@id":"https:\/\/www.froilabo.com\/fr\/cryotube-2\/#breadcrumb"},"inLanguage":"fr-FR","potentialAction":[{"@type":"ReadAction","target":["https:\/\/www.froilabo.com\/fr\/cryotube-2\/"]}]},{"@type":"BreadcrumbList","@id":"https:\/\/www.froilabo.com\/fr\/cryotube-2\/#breadcrumb","itemListElement":[{"@type":"ListItem","position":1,"name":"Home","item":"https:\/\/www.froilabo.com\/fr\/home\/"},{"@type":"ListItem","position":2,"name":"Cryotube"}]},{"@type":"WebSite","@id":"https:\/\/www.froilabo.com\/fr\/#website","url":"https:\/\/www.froilabo.com\/fr\/","name":"Froilabo","description":"Precision for life","potentialAction":[{"@type":"SearchAction","target":{"@type":"EntryPoint","urlTemplate":"https:\/\/www.froilabo.com\/fr\/?s={search_term_string}"},"query-input":{"@type":"PropertyValueSpecification","valueRequired":true,"valueName":"search_term_string"}}],"inLanguage":"fr-FR"}]}},"_links":{"self":[{"href":"https:\/\/www.froilabo.com\/fr\/wp-json\/wp\/v2\/pages\/7603","targetHints":{"allow":["GET"]}}],"collection":[{"href":"https:\/\/www.froilabo.com\/fr\/wp-json\/wp\/v2\/pages"}],"about":[{"href":"https:\/\/www.froilabo.com\/fr\/wp-json\/wp\/v2\/types\/page"}],"author":[{"embeddable":true,"href":"https:\/\/www.froilabo.com\/fr\/wp-json\/wp\/v2\/users\/53"}],"replies":[{"embeddable":true,"href":"https:\/\/www.froilabo.com\/fr\/wp-json\/wp\/v2\/comments?post=7603"}],"version-history":[{"count":2,"href":"https:\/\/www.froilabo.com\/fr\/wp-json\/wp\/v2\/pages\/7603\/revisions"}],"predecessor-version":[{"id":7606,"href":"https:\/\/www.froilabo.com\/fr\/wp-json\/wp\/v2\/pages\/7603\/revisions\/7606"}],"wp:attachment":[{"href":"https:\/\/www.froilabo.com\/fr\/wp-json\/wp\/v2\/media?parent=7603"}],"curies":[{"name":"wp","href":"https:\/\/api.w.org\/{rel}","templated":true}]}}