{"id":7594,"date":"2021-10-06T10:10:57","date_gmt":"2021-10-06T10:10:57","guid":{"rendered":"https:\/\/www.froilabo.com\/?page_id=7594"},"modified":"2021-10-26T10:45:55","modified_gmt":"2021-10-26T10:45:55","slug":"conditionneur-thermique","status":"publish","type":"page","link":"https:\/\/www.froilabo.com\/fr\/conditionneur-thermique\/","title":{"rendered":"Conditionneur thermique \u00e0 air forc\u00e9"},"content":{"rendered":"<p><strong>Conditionneur thermique \u00e0 air forc\u00e9<br \/>\n<\/strong><\/p>\n<p>Un conditionneur thermique\u00a0 est un \u00e9quipement con\u00e7u pour g\u00e9n\u00e9rer un flux d\u2019air \u00e0 des temp\u00e9ratures extr\u00eames et de simuler des temp\u00e9ratures en tr\u00e8s peu de temps, dans l\u2019optique de tester la r\u00e9sistance de diff\u00e9rents objets.<\/p>\n<p>Les plages de temp\u00e9ratures couvertes par ce type d\u2019appareil sont extr\u00eamement larges. Elles oscillent souvent entre -75 \u00b0C jusqu\u2019\u00e0 des temp\u00e9ratures de plus de +300 \u00b0C avec des vitesses de changements extr\u00eamement rapides, souvent en quelques secondes.<\/p>\n<p>Cet \u00e9quipement s\u2019adresse principalement \u00e0 des domaines d\u2019applications propres \u00e0 l\u2019industrie et aux domaines de l\u2019a\u00e9ronautique et de l\u2019\u00e9lectronique et est utilis\u00e9 dans diverses applications\u00a0:<\/p>\n<ul>\n<li>Lors de test de composants \u00e9lectroniques<\/li>\n<li>Pour la r\u00e9sistance de mat\u00e9riaux<\/li>\n<li>La caract\u00e9risation de mat\u00e9riaux<\/li>\n<li>Les tests de comportements<\/li>\n<\/ul>\n","protected":false},"excerpt":{"rendered":"<p>Conditionneur thermique \u00e0 air forc\u00e9 Un conditionneur thermique\u00a0 est un \u00e9quipement con\u00e7u pour g\u00e9n\u00e9rer un flux d\u2019air \u00e0 des temp\u00e9ratures extr\u00eames et de simuler des temp\u00e9ratures en tr\u00e8s peu de temps, dans l\u2019optique de tester la r\u00e9sistance de diff\u00e9rents objets. Les plages de temp\u00e9ratures couvertes par ce type d\u2019appareil sont extr\u00eamement larges. Elles oscillent souvent [&hellip;]<\/p>\n","protected":false},"author":53,"featured_media":0,"parent":0,"menu_order":0,"comment_status":"closed","ping_status":"closed","template":"","meta":{"_acf_changed":false,"footnotes":""},"class_list":["post-7594","page","type-page","status-publish","hentry"],"acf":{"rf_hero_type":"default","rf_hero_vertpos":"50","rf_hero_horizpos":"50","rf_hero_textcol":"light","rf_hero_bgcol":"white","rf_hero_tint":false,"rf_hero_height":"default","rf_hero_title_hide":false,"rf_hero_title":"","rf_sitemap_hide":false,"rf_further_reading_posts":false},"yoast_head":"<!-- This site is optimized with the Yoast SEO plugin v27.3 - https:\/\/yoast.com\/product\/yoast-seo-wordpress\/ -->\n<title>Conditionneur thermique \u00e0 air forc\u00e9 - Froilabo<\/title>\n<meta name=\"robots\" content=\"index, follow, max-snippet:-1, max-image-preview:large, max-video-preview:-1\" \/>\n<link rel=\"canonical\" href=\"https:\/\/www.froilabo.com\/fr\/conditionneur-thermique\/\" \/>\n<meta property=\"og:locale\" content=\"fr_FR\" \/>\n<meta property=\"og:type\" content=\"article\" \/>\n<meta property=\"og:title\" content=\"Conditionneur thermique \u00e0 air forc\u00e9 - Froilabo\" \/>\n<meta property=\"og:description\" content=\"Conditionneur thermique \u00e0 air forc\u00e9 Un conditionneur thermique\u00a0 est un \u00e9quipement con\u00e7u pour g\u00e9n\u00e9rer un flux d\u2019air \u00e0 des temp\u00e9ratures extr\u00eames et de simuler des temp\u00e9ratures en tr\u00e8s peu de temps, dans l\u2019optique de tester la r\u00e9sistance de diff\u00e9rents objets. Les plages de temp\u00e9ratures couvertes par ce type d\u2019appareil sont extr\u00eamement larges. Elles oscillent souvent [&hellip;]\" \/>\n<meta property=\"og:url\" content=\"https:\/\/www.froilabo.com\/fr\/conditionneur-thermique\/\" \/>\n<meta property=\"og:site_name\" content=\"Froilabo\" \/>\n<meta property=\"article:modified_time\" content=\"2021-10-26T10:45:55+00:00\" \/>\n<meta name=\"twitter:card\" content=\"summary_large_image\" \/>\n<meta name=\"twitter:label1\" content=\"Dur\u00e9e de lecture estim\u00e9e\" \/>\n\t<meta name=\"twitter:data1\" content=\"1 minute\" \/>\n<script type=\"application\/ld+json\" class=\"yoast-schema-graph\">{\"@context\":\"https:\\\/\\\/schema.org\",\"@graph\":[{\"@type\":\"WebPage\",\"@id\":\"https:\\\/\\\/www.froilabo.com\\\/fr\\\/conditionneur-thermique\\\/\",\"url\":\"https:\\\/\\\/www.froilabo.com\\\/fr\\\/conditionneur-thermique\\\/\",\"name\":\"Conditionneur thermique \u00e0 air forc\u00e9 - Froilabo\",\"isPartOf\":{\"@id\":\"https:\\\/\\\/www.froilabo.com\\\/fr\\\/#website\"},\"datePublished\":\"2021-10-06T10:10:57+00:00\",\"dateModified\":\"2021-10-26T10:45:55+00:00\",\"breadcrumb\":{\"@id\":\"https:\\\/\\\/www.froilabo.com\\\/fr\\\/conditionneur-thermique\\\/#breadcrumb\"},\"inLanguage\":\"fr-FR\",\"potentialAction\":[{\"@type\":\"ReadAction\",\"target\":[\"https:\\\/\\\/www.froilabo.com\\\/fr\\\/conditionneur-thermique\\\/\"]}]},{\"@type\":\"BreadcrumbList\",\"@id\":\"https:\\\/\\\/www.froilabo.com\\\/fr\\\/conditionneur-thermique\\\/#breadcrumb\",\"itemListElement\":[{\"@type\":\"ListItem\",\"position\":1,\"name\":\"Home\",\"item\":\"https:\\\/\\\/www.froilabo.com\\\/fr\\\/home\\\/\"},{\"@type\":\"ListItem\",\"position\":2,\"name\":\"Conditionneur thermique \u00e0 air forc\u00e9\"}]},{\"@type\":\"WebSite\",\"@id\":\"https:\\\/\\\/www.froilabo.com\\\/fr\\\/#website\",\"url\":\"https:\\\/\\\/www.froilabo.com\\\/fr\\\/\",\"name\":\"Froilabo\",\"description\":\"Precision for life\",\"potentialAction\":[{\"@type\":\"SearchAction\",\"target\":{\"@type\":\"EntryPoint\",\"urlTemplate\":\"https:\\\/\\\/www.froilabo.com\\\/fr\\\/?s={search_term_string}\"},\"query-input\":{\"@type\":\"PropertyValueSpecification\",\"valueRequired\":true,\"valueName\":\"search_term_string\"}}],\"inLanguage\":\"fr-FR\"}]}<\/script>\n<!-- \/ Yoast SEO plugin. -->","yoast_head_json":{"title":"Conditionneur thermique \u00e0 air forc\u00e9 - Froilabo","robots":{"index":"index","follow":"follow","max-snippet":"max-snippet:-1","max-image-preview":"max-image-preview:large","max-video-preview":"max-video-preview:-1"},"canonical":"https:\/\/www.froilabo.com\/fr\/conditionneur-thermique\/","og_locale":"fr_FR","og_type":"article","og_title":"Conditionneur thermique \u00e0 air forc\u00e9 - Froilabo","og_description":"Conditionneur thermique \u00e0 air forc\u00e9 Un conditionneur thermique\u00a0 est un \u00e9quipement con\u00e7u pour g\u00e9n\u00e9rer un flux d\u2019air \u00e0 des temp\u00e9ratures extr\u00eames et de simuler des temp\u00e9ratures en tr\u00e8s peu de temps, dans l\u2019optique de tester la r\u00e9sistance de diff\u00e9rents objets. Les plages de temp\u00e9ratures couvertes par ce type d\u2019appareil sont extr\u00eamement larges. Elles oscillent souvent [&hellip;]","og_url":"https:\/\/www.froilabo.com\/fr\/conditionneur-thermique\/","og_site_name":"Froilabo","article_modified_time":"2021-10-26T10:45:55+00:00","twitter_card":"summary_large_image","twitter_misc":{"Dur\u00e9e de lecture estim\u00e9e":"1 minute"},"schema":{"@context":"https:\/\/schema.org","@graph":[{"@type":"WebPage","@id":"https:\/\/www.froilabo.com\/fr\/conditionneur-thermique\/","url":"https:\/\/www.froilabo.com\/fr\/conditionneur-thermique\/","name":"Conditionneur thermique \u00e0 air forc\u00e9 - Froilabo","isPartOf":{"@id":"https:\/\/www.froilabo.com\/fr\/#website"},"datePublished":"2021-10-06T10:10:57+00:00","dateModified":"2021-10-26T10:45:55+00:00","breadcrumb":{"@id":"https:\/\/www.froilabo.com\/fr\/conditionneur-thermique\/#breadcrumb"},"inLanguage":"fr-FR","potentialAction":[{"@type":"ReadAction","target":["https:\/\/www.froilabo.com\/fr\/conditionneur-thermique\/"]}]},{"@type":"BreadcrumbList","@id":"https:\/\/www.froilabo.com\/fr\/conditionneur-thermique\/#breadcrumb","itemListElement":[{"@type":"ListItem","position":1,"name":"Home","item":"https:\/\/www.froilabo.com\/fr\/home\/"},{"@type":"ListItem","position":2,"name":"Conditionneur thermique \u00e0 air forc\u00e9"}]},{"@type":"WebSite","@id":"https:\/\/www.froilabo.com\/fr\/#website","url":"https:\/\/www.froilabo.com\/fr\/","name":"Froilabo","description":"Precision for life","potentialAction":[{"@type":"SearchAction","target":{"@type":"EntryPoint","urlTemplate":"https:\/\/www.froilabo.com\/fr\/?s={search_term_string}"},"query-input":{"@type":"PropertyValueSpecification","valueRequired":true,"valueName":"search_term_string"}}],"inLanguage":"fr-FR"}]}},"_links":{"self":[{"href":"https:\/\/www.froilabo.com\/fr\/wp-json\/wp\/v2\/pages\/7594","targetHints":{"allow":["GET"]}}],"collection":[{"href":"https:\/\/www.froilabo.com\/fr\/wp-json\/wp\/v2\/pages"}],"about":[{"href":"https:\/\/www.froilabo.com\/fr\/wp-json\/wp\/v2\/types\/page"}],"author":[{"embeddable":true,"href":"https:\/\/www.froilabo.com\/fr\/wp-json\/wp\/v2\/users\/53"}],"replies":[{"embeddable":true,"href":"https:\/\/www.froilabo.com\/fr\/wp-json\/wp\/v2\/comments?post=7594"}],"version-history":[{"count":3,"href":"https:\/\/www.froilabo.com\/fr\/wp-json\/wp\/v2\/pages\/7594\/revisions"}],"predecessor-version":[{"id":8196,"href":"https:\/\/www.froilabo.com\/fr\/wp-json\/wp\/v2\/pages\/7594\/revisions\/8196"}],"wp:attachment":[{"href":"https:\/\/www.froilabo.com\/fr\/wp-json\/wp\/v2\/media?parent=7594"}],"curies":[{"name":"wp","href":"https:\/\/api.w.org\/{rel}","templated":true}]}}