{"id":7589,"date":"2021-10-06T10:04:55","date_gmt":"2021-10-06T10:04:55","guid":{"rendered":"https:\/\/www.froilabo.com\/?page_id=7589"},"modified":"2025-11-25T15:09:08","modified_gmt":"2025-11-25T15:09:08","slug":"incubateur-2","status":"publish","type":"page","link":"https:\/\/www.froilabo.com\/fr\/incubateur-2\/","title":{"rendered":"Incubateurs"},"content":{"rendered":"<h2>Incubateurs<\/h2>\n<p>Un incubateur est un produit principalement destin\u00e9 aux applications biologiques comme la culture cellulaire ou la bact\u00e9riologie. Les principaux domaines d&rsquo;applications concern\u00e9s sont les laboratoires biologiques, la recherche m\u00e9dicale et l&rsquo;industrie pharmaceutique. Les incubateurs sont g\u00e9n\u00e9ralement r\u00e9gl\u00e9s \u00e0 une temp\u00e9rature comprise entre +5\u00b0C et 100\u00b0C, selon les besoins et le domaine d&rsquo;application. L&rsquo;objectif de ce produit est de maintenir une temp\u00e9rature pr\u00e9cise.   <\/p>\n<p>Types d&rsquo;incubateurs :<\/p>\n<ul>\n<li>Incubateurs \u00e0 convection forc\u00e9e ou naturelle<\/li>\n<li>Incubateurs r\u00e9frig\u00e9r\u00e9s<\/li>\n<li>Incubateurs CO2<\/li>\n<\/ul>\n<h2>En savoir plus sur les incubateurs<\/h2>\n<ul>\n<li><a href=\"https:\/\/www.froilabo.com\/fr\/blog\/3-top-tips-for-the-care-and-maintenance-of-your-laboratory-incubator\/\" target=\"_blank\" rel=\"noopener\">Entretien et maintenance des incubateurs <\/a><\/li>\n<li><a href=\"https:\/\/www.froilabo.com\/fr\/?post_type=froilabo_blog_post&#038;p=9354\" target=\"_blank\" rel=\"noopener\">Qu&rsquo;est-ce qu&rsquo;un incubateur de laboratoire ?<\/a><\/li>\n<li><a href=\"https:\/\/www.froilabo.com\/fr\/blog\/temperature-controlled-incubator-applications\/\" target=\"_blank\" rel=\"noopener\">Applications des incubateurs \u00e0 temp\u00e9rature contr\u00f4l\u00e9e<\/a><\/li>\n<\/ul>\n<h2>Incubateurs pour le laboratoire<\/h2>\n<p>Froilabo propose une gamme compl\u00e8te d&rsquo;incubateurs \u00e0 convection naturelle, \u00e0 air puls\u00e9 ou \u00e0 refroidissement forc\u00e9 pour couvrir la plupart des applications de laboratoire.<\/p>\n<p>D\u00e9couvrez notre gamme d&rsquo;<a href=\"https:\/\/www.froilabo.com\/fr\/types\/incubators-fr\/\" target=\"_blank\" rel=\"noopener\">incubateurs de laboratoire<\/a>, et <a href=\"https:\/\/www.froilabo.com\/wp-content\/uploads\/2022\/10\/Froilabo-Incubators-A4-Stg07-EN-DIGITAL.pdf\" target=\"_blank\" rel=\"noopener\">t\u00e9l\u00e9chargez la brochure des incubateurs<\/a> d\u00e8s aujourd&rsquo;hui !<\/p>\n<p>&nbsp;<\/p>\n","protected":false},"excerpt":{"rendered":"<p>Incubateurs Un incubateur est un produit principalement destin\u00e9 aux applications biologiques comme la culture cellulaire ou la bact\u00e9riologie. Les principaux domaines d&rsquo;applications concern\u00e9s sont les laboratoires biologiques, la recherche m\u00e9dicale et l&rsquo;industrie pharmaceutique. Les incubateurs sont g\u00e9n\u00e9ralement r\u00e9gl\u00e9s \u00e0 une temp\u00e9rature comprise entre +5\u00b0C et 100\u00b0C, selon les besoins et le domaine d&rsquo;application. L&rsquo;objectif de [&hellip;]<\/p>\n","protected":false},"author":4,"featured_media":0,"parent":0,"menu_order":0,"comment_status":"closed","ping_status":"closed","template":"","meta":{"_acf_changed":false,"footnotes":""},"class_list":["post-7589","page","type-page","status-publish","hentry"],"acf":{"rf_hero_height":"default","rf_hero_type":"default","rf_hero_vertpos":"50","rf_hero_horizpos":"50","rf_hero_title":"","rf_hero_title_hide":false,"rf_hero_textcol":"light","rf_hero_bgcol":"white","rf_hero_tint":false,"rf_sitemap_hide":false,"rf_further_reading_posts":false},"yoast_head":"<!-- This site is optimized with the Yoast SEO plugin v27.3 - https:\/\/yoast.com\/product\/yoast-seo-wordpress\/ -->\n<title>Incubateurs de laboratoire | Froilabo<\/title>\n<meta name=\"description\" content=\"Les incubateurs de laboratoire Froilabo sont pr\u00e9cis et durables, offrant des solutions flexibles pour une large gamme d&#039;applications. D\u00e9couvrez-les en ligne.\" \/>\n<meta name=\"robots\" content=\"index, follow, max-snippet:-1, max-image-preview:large, max-video-preview:-1\" \/>\n<link rel=\"canonical\" href=\"https:\/\/www.froilabo.com\/fr\/incubateur-2\/\" \/>\n<meta property=\"og:locale\" content=\"fr_FR\" \/>\n<meta property=\"og:type\" content=\"article\" \/>\n<meta property=\"og:title\" content=\"Incubateurs de laboratoire | Froilabo\" \/>\n<meta property=\"og:description\" content=\"Les incubateurs de laboratoire Froilabo sont pr\u00e9cis et durables, offrant des solutions flexibles pour une large gamme d&#039;applications. D\u00e9couvrez-les en ligne.\" \/>\n<meta property=\"og:url\" content=\"https:\/\/www.froilabo.com\/fr\/incubateur-2\/\" \/>\n<meta property=\"og:site_name\" content=\"Froilabo\" \/>\n<meta property=\"article:modified_time\" content=\"2025-11-25T15:09:08+00:00\" \/>\n<meta name=\"twitter:card\" content=\"summary_large_image\" \/>\n<meta name=\"twitter:label1\" content=\"Dur\u00e9e de lecture estim\u00e9e\" \/>\n\t<meta name=\"twitter:data1\" content=\"1 minute\" \/>\n<script type=\"application\/ld+json\" class=\"yoast-schema-graph\">{\"@context\":\"https:\\\/\\\/schema.org\",\"@graph\":[{\"@type\":\"WebPage\",\"@id\":\"https:\\\/\\\/www.froilabo.com\\\/fr\\\/incubateur-2\\\/\",\"url\":\"https:\\\/\\\/www.froilabo.com\\\/fr\\\/incubateur-2\\\/\",\"name\":\"Incubateurs de laboratoire | Froilabo\",\"isPartOf\":{\"@id\":\"https:\\\/\\\/www.froilabo.com\\\/fr\\\/#website\"},\"datePublished\":\"2021-10-06T10:04:55+00:00\",\"dateModified\":\"2025-11-25T15:09:08+00:00\",\"description\":\"Les incubateurs de laboratoire Froilabo sont pr\u00e9cis et durables, offrant des solutions flexibles pour une large gamme d'applications. D\u00e9couvrez-les en ligne.\",\"breadcrumb\":{\"@id\":\"https:\\\/\\\/www.froilabo.com\\\/fr\\\/incubateur-2\\\/#breadcrumb\"},\"inLanguage\":\"fr-FR\",\"potentialAction\":[{\"@type\":\"ReadAction\",\"target\":[\"https:\\\/\\\/www.froilabo.com\\\/fr\\\/incubateur-2\\\/\"]}]},{\"@type\":\"BreadcrumbList\",\"@id\":\"https:\\\/\\\/www.froilabo.com\\\/fr\\\/incubateur-2\\\/#breadcrumb\",\"itemListElement\":[{\"@type\":\"ListItem\",\"position\":1,\"name\":\"Home\",\"item\":\"https:\\\/\\\/www.froilabo.com\\\/fr\\\/home\\\/\"},{\"@type\":\"ListItem\",\"position\":2,\"name\":\"Incubateurs\"}]},{\"@type\":\"WebSite\",\"@id\":\"https:\\\/\\\/www.froilabo.com\\\/fr\\\/#website\",\"url\":\"https:\\\/\\\/www.froilabo.com\\\/fr\\\/\",\"name\":\"Froilabo\",\"description\":\"Precision for life\",\"potentialAction\":[{\"@type\":\"SearchAction\",\"target\":{\"@type\":\"EntryPoint\",\"urlTemplate\":\"https:\\\/\\\/www.froilabo.com\\\/fr\\\/?s={search_term_string}\"},\"query-input\":{\"@type\":\"PropertyValueSpecification\",\"valueRequired\":true,\"valueName\":\"search_term_string\"}}],\"inLanguage\":\"fr-FR\"}]}<\/script>\n<!-- \/ Yoast SEO plugin. -->","yoast_head_json":{"title":"Incubateurs de laboratoire | Froilabo","description":"Les incubateurs de laboratoire Froilabo sont pr\u00e9cis et durables, offrant des solutions flexibles pour une large gamme d'applications. D\u00e9couvrez-les en ligne.","robots":{"index":"index","follow":"follow","max-snippet":"max-snippet:-1","max-image-preview":"max-image-preview:large","max-video-preview":"max-video-preview:-1"},"canonical":"https:\/\/www.froilabo.com\/fr\/incubateur-2\/","og_locale":"fr_FR","og_type":"article","og_title":"Incubateurs de laboratoire | Froilabo","og_description":"Les incubateurs de laboratoire Froilabo sont pr\u00e9cis et durables, offrant des solutions flexibles pour une large gamme d'applications. D\u00e9couvrez-les en ligne.","og_url":"https:\/\/www.froilabo.com\/fr\/incubateur-2\/","og_site_name":"Froilabo","article_modified_time":"2025-11-25T15:09:08+00:00","twitter_card":"summary_large_image","twitter_misc":{"Dur\u00e9e de lecture estim\u00e9e":"1 minute"},"schema":{"@context":"https:\/\/schema.org","@graph":[{"@type":"WebPage","@id":"https:\/\/www.froilabo.com\/fr\/incubateur-2\/","url":"https:\/\/www.froilabo.com\/fr\/incubateur-2\/","name":"Incubateurs de laboratoire | Froilabo","isPartOf":{"@id":"https:\/\/www.froilabo.com\/fr\/#website"},"datePublished":"2021-10-06T10:04:55+00:00","dateModified":"2025-11-25T15:09:08+00:00","description":"Les incubateurs de laboratoire Froilabo sont pr\u00e9cis et durables, offrant des solutions flexibles pour une large gamme d'applications. D\u00e9couvrez-les en ligne.","breadcrumb":{"@id":"https:\/\/www.froilabo.com\/fr\/incubateur-2\/#breadcrumb"},"inLanguage":"fr-FR","potentialAction":[{"@type":"ReadAction","target":["https:\/\/www.froilabo.com\/fr\/incubateur-2\/"]}]},{"@type":"BreadcrumbList","@id":"https:\/\/www.froilabo.com\/fr\/incubateur-2\/#breadcrumb","itemListElement":[{"@type":"ListItem","position":1,"name":"Home","item":"https:\/\/www.froilabo.com\/fr\/home\/"},{"@type":"ListItem","position":2,"name":"Incubateurs"}]},{"@type":"WebSite","@id":"https:\/\/www.froilabo.com\/fr\/#website","url":"https:\/\/www.froilabo.com\/fr\/","name":"Froilabo","description":"Precision for life","potentialAction":[{"@type":"SearchAction","target":{"@type":"EntryPoint","urlTemplate":"https:\/\/www.froilabo.com\/fr\/?s={search_term_string}"},"query-input":{"@type":"PropertyValueSpecification","valueRequired":true,"valueName":"search_term_string"}}],"inLanguage":"fr-FR"}]}},"_links":{"self":[{"href":"https:\/\/www.froilabo.com\/fr\/wp-json\/wp\/v2\/pages\/7589","targetHints":{"allow":["GET"]}}],"collection":[{"href":"https:\/\/www.froilabo.com\/fr\/wp-json\/wp\/v2\/pages"}],"about":[{"href":"https:\/\/www.froilabo.com\/fr\/wp-json\/wp\/v2\/types\/page"}],"author":[{"embeddable":true,"href":"https:\/\/www.froilabo.com\/fr\/wp-json\/wp\/v2\/users\/4"}],"replies":[{"embeddable":true,"href":"https:\/\/www.froilabo.com\/fr\/wp-json\/wp\/v2\/comments?post=7589"}],"version-history":[{"count":3,"href":"https:\/\/www.froilabo.com\/fr\/wp-json\/wp\/v2\/pages\/7589\/revisions"}],"predecessor-version":[{"id":15988,"href":"https:\/\/www.froilabo.com\/fr\/wp-json\/wp\/v2\/pages\/7589\/revisions\/15988"}],"wp:attachment":[{"href":"https:\/\/www.froilabo.com\/fr\/wp-json\/wp\/v2\/media?parent=7589"}],"curies":[{"name":"wp","href":"https:\/\/api.w.org\/{rel}","templated":true}]}}