{"id":7540,"date":"2021-10-05T12:48:59","date_gmt":"2021-10-05T12:48:59","guid":{"rendered":"https:\/\/www.froilabo.com\/?page_id=7540"},"modified":"2021-10-12T09:45:24","modified_gmt":"2021-10-12T09:45:24","slug":"maintenance-2","status":"publish","type":"page","link":"https:\/\/www.froilabo.com\/fr\/maintenance-2\/","title":{"rendered":"Maintenance"},"content":{"rendered":"<p><strong>Maintenance<\/strong><\/p>\n<p>Ensemble des op\u00e9rations visant \u00e0 l\u2019entretien, le maintien, le d\u00e9pannage, le r\u00e9glage, la r\u00e9vision, le contr\u00f4le, la v\u00e9rification ou le r\u00e9tablissement d\u2019un bien, mat\u00e9riel ou immat\u00e9riel, dans le but de le remettre en \u00e9tat afin d\u2019assurer un fonctionnement optimal.<\/p>\n","protected":false},"excerpt":{"rendered":"<p>Maintenance Ensemble des op\u00e9rations visant \u00e0 l\u2019entretien, le maintien, le d\u00e9pannage, le r\u00e9glage, la r\u00e9vision, le contr\u00f4le, la v\u00e9rification ou le r\u00e9tablissement d\u2019un bien, mat\u00e9riel ou immat\u00e9riel, dans le but de le remettre en \u00e9tat afin d\u2019assurer un fonctionnement optimal.<\/p>\n","protected":false},"author":53,"featured_media":0,"parent":0,"menu_order":0,"comment_status":"closed","ping_status":"closed","template":"","meta":{"_acf_changed":false,"footnotes":""},"class_list":["post-7540","page","type-page","status-publish","hentry"],"acf":{"rf_hero_height":"default","rf_hero_type":"default","rf_hero_vertpos":"50","rf_hero_horizpos":"50","rf_hero_title":"","rf_hero_title_hide":false,"rf_hero_textcol":"light","rf_hero_bgcol":"white","rf_hero_tint":false,"rf_sitemap_hide":false,"rf_further_reading_posts":false},"yoast_head":"<!-- This site is optimized with the Yoast SEO plugin v27.3 - https:\/\/yoast.com\/product\/yoast-seo-wordpress\/ -->\n<title>Maintenance - Froilabo<\/title>\n<meta name=\"robots\" content=\"index, follow, max-snippet:-1, max-image-preview:large, max-video-preview:-1\" \/>\n<link rel=\"canonical\" href=\"https:\/\/www.froilabo.com\/fr\/maintenance-2\/\" \/>\n<meta property=\"og:locale\" content=\"fr_FR\" \/>\n<meta property=\"og:type\" content=\"article\" \/>\n<meta property=\"og:title\" content=\"Maintenance - Froilabo\" \/>\n<meta property=\"og:description\" content=\"Maintenance Ensemble des op\u00e9rations visant \u00e0 l\u2019entretien, le maintien, le d\u00e9pannage, le r\u00e9glage, la r\u00e9vision, le contr\u00f4le, la v\u00e9rification ou le r\u00e9tablissement d\u2019un bien, mat\u00e9riel ou immat\u00e9riel, dans le but de le remettre en \u00e9tat afin d\u2019assurer un fonctionnement optimal.\" \/>\n<meta property=\"og:url\" content=\"https:\/\/www.froilabo.com\/fr\/maintenance-2\/\" \/>\n<meta property=\"og:site_name\" content=\"Froilabo\" \/>\n<meta property=\"article:modified_time\" content=\"2021-10-12T09:45:24+00:00\" \/>\n<meta name=\"twitter:card\" content=\"summary_large_image\" \/>\n<meta name=\"twitter:label1\" content=\"Dur\u00e9e de lecture estim\u00e9e\" \/>\n\t<meta name=\"twitter:data1\" content=\"1 minute\" \/>\n<script type=\"application\/ld+json\" class=\"yoast-schema-graph\">{\"@context\":\"https:\\\/\\\/schema.org\",\"@graph\":[{\"@type\":\"WebPage\",\"@id\":\"https:\\\/\\\/www.froilabo.com\\\/fr\\\/maintenance-2\\\/\",\"url\":\"https:\\\/\\\/www.froilabo.com\\\/fr\\\/maintenance-2\\\/\",\"name\":\"Maintenance - Froilabo\",\"isPartOf\":{\"@id\":\"https:\\\/\\\/www.froilabo.com\\\/fr\\\/#website\"},\"datePublished\":\"2021-10-05T12:48:59+00:00\",\"dateModified\":\"2021-10-12T09:45:24+00:00\",\"breadcrumb\":{\"@id\":\"https:\\\/\\\/www.froilabo.com\\\/fr\\\/maintenance-2\\\/#breadcrumb\"},\"inLanguage\":\"fr-FR\",\"potentialAction\":[{\"@type\":\"ReadAction\",\"target\":[\"https:\\\/\\\/www.froilabo.com\\\/fr\\\/maintenance-2\\\/\"]}]},{\"@type\":\"BreadcrumbList\",\"@id\":\"https:\\\/\\\/www.froilabo.com\\\/fr\\\/maintenance-2\\\/#breadcrumb\",\"itemListElement\":[{\"@type\":\"ListItem\",\"position\":1,\"name\":\"Home\",\"item\":\"https:\\\/\\\/www.froilabo.com\\\/fr\\\/home\\\/\"},{\"@type\":\"ListItem\",\"position\":2,\"name\":\"Maintenance\"}]},{\"@type\":\"WebSite\",\"@id\":\"https:\\\/\\\/www.froilabo.com\\\/fr\\\/#website\",\"url\":\"https:\\\/\\\/www.froilabo.com\\\/fr\\\/\",\"name\":\"Froilabo\",\"description\":\"Precision for life\",\"potentialAction\":[{\"@type\":\"SearchAction\",\"target\":{\"@type\":\"EntryPoint\",\"urlTemplate\":\"https:\\\/\\\/www.froilabo.com\\\/fr\\\/?s={search_term_string}\"},\"query-input\":{\"@type\":\"PropertyValueSpecification\",\"valueRequired\":true,\"valueName\":\"search_term_string\"}}],\"inLanguage\":\"fr-FR\"}]}<\/script>\n<!-- \/ Yoast SEO plugin. -->","yoast_head_json":{"title":"Maintenance - Froilabo","robots":{"index":"index","follow":"follow","max-snippet":"max-snippet:-1","max-image-preview":"max-image-preview:large","max-video-preview":"max-video-preview:-1"},"canonical":"https:\/\/www.froilabo.com\/fr\/maintenance-2\/","og_locale":"fr_FR","og_type":"article","og_title":"Maintenance - Froilabo","og_description":"Maintenance Ensemble des op\u00e9rations visant \u00e0 l\u2019entretien, le maintien, le d\u00e9pannage, le r\u00e9glage, la r\u00e9vision, le contr\u00f4le, la v\u00e9rification ou le r\u00e9tablissement d\u2019un bien, mat\u00e9riel ou immat\u00e9riel, dans le but de le remettre en \u00e9tat afin d\u2019assurer un fonctionnement optimal.","og_url":"https:\/\/www.froilabo.com\/fr\/maintenance-2\/","og_site_name":"Froilabo","article_modified_time":"2021-10-12T09:45:24+00:00","twitter_card":"summary_large_image","twitter_misc":{"Dur\u00e9e de lecture estim\u00e9e":"1 minute"},"schema":{"@context":"https:\/\/schema.org","@graph":[{"@type":"WebPage","@id":"https:\/\/www.froilabo.com\/fr\/maintenance-2\/","url":"https:\/\/www.froilabo.com\/fr\/maintenance-2\/","name":"Maintenance - Froilabo","isPartOf":{"@id":"https:\/\/www.froilabo.com\/fr\/#website"},"datePublished":"2021-10-05T12:48:59+00:00","dateModified":"2021-10-12T09:45:24+00:00","breadcrumb":{"@id":"https:\/\/www.froilabo.com\/fr\/maintenance-2\/#breadcrumb"},"inLanguage":"fr-FR","potentialAction":[{"@type":"ReadAction","target":["https:\/\/www.froilabo.com\/fr\/maintenance-2\/"]}]},{"@type":"BreadcrumbList","@id":"https:\/\/www.froilabo.com\/fr\/maintenance-2\/#breadcrumb","itemListElement":[{"@type":"ListItem","position":1,"name":"Home","item":"https:\/\/www.froilabo.com\/fr\/home\/"},{"@type":"ListItem","position":2,"name":"Maintenance"}]},{"@type":"WebSite","@id":"https:\/\/www.froilabo.com\/fr\/#website","url":"https:\/\/www.froilabo.com\/fr\/","name":"Froilabo","description":"Precision for life","potentialAction":[{"@type":"SearchAction","target":{"@type":"EntryPoint","urlTemplate":"https:\/\/www.froilabo.com\/fr\/?s={search_term_string}"},"query-input":{"@type":"PropertyValueSpecification","valueRequired":true,"valueName":"search_term_string"}}],"inLanguage":"fr-FR"}]}},"_links":{"self":[{"href":"https:\/\/www.froilabo.com\/fr\/wp-json\/wp\/v2\/pages\/7540","targetHints":{"allow":["GET"]}}],"collection":[{"href":"https:\/\/www.froilabo.com\/fr\/wp-json\/wp\/v2\/pages"}],"about":[{"href":"https:\/\/www.froilabo.com\/fr\/wp-json\/wp\/v2\/types\/page"}],"author":[{"embeddable":true,"href":"https:\/\/www.froilabo.com\/fr\/wp-json\/wp\/v2\/users\/53"}],"replies":[{"embeddable":true,"href":"https:\/\/www.froilabo.com\/fr\/wp-json\/wp\/v2\/comments?post=7540"}],"version-history":[{"count":2,"href":"https:\/\/www.froilabo.com\/fr\/wp-json\/wp\/v2\/pages\/7540\/revisions"}],"predecessor-version":[{"id":7584,"href":"https:\/\/www.froilabo.com\/fr\/wp-json\/wp\/v2\/pages\/7540\/revisions\/7584"}],"wp:attachment":[{"href":"https:\/\/www.froilabo.com\/fr\/wp-json\/wp\/v2\/media?parent=7540"}],"curies":[{"name":"wp","href":"https:\/\/api.w.org\/{rel}","templated":true}]}}