{"id":7531,"date":"2021-10-05T12:45:45","date_gmt":"2021-10-05T12:45:45","guid":{"rendered":"https:\/\/www.froilabo.com\/?page_id=7531"},"modified":"2021-10-12T09:47:28","modified_gmt":"2021-10-12T09:47:28","slug":"fabrication-2","status":"publish","type":"page","link":"https:\/\/www.froilabo.com\/fr\/fabrication-2\/","title":{"rendered":"Fabrication"},"content":{"rendered":"<p><strong>Fabrication<\/strong><\/p>\n<p>Action de faire, de fabriquer, de confectionner quelque chose\u00a0:\u00a0<em>La fabrication de ce g\u00e2teau prend du temps.<\/em><\/p>\n<p>Action ou mani\u00e8re de fabriquer, de produire quelque chose de ses mains ou de mani\u00e8re industrielle\u00a0:\u00a0<em>D\u00e9faut de fabrication.<\/em><\/p>\n<p>Action de cr\u00e9er, d\u2019inventer quelque chose\u00a0:<em>\u00a0La fabrication de fausses nouvelles.<\/em><\/p>\n<p>Action de forger, de modeler une personne pour qu\u2019elle devienne un personnage en vue\u00a0:\u00a0<em>Fabrication d\u2019une vedette<\/em>.<\/p>\n<p><em>Source: Dictionnaire de fran\u00e7ais Larousse<\/em><\/p>\n","protected":false},"excerpt":{"rendered":"<p>Fabrication Action de faire, de fabriquer, de confectionner quelque chose\u00a0:\u00a0La fabrication de ce g\u00e2teau prend du temps. Action ou mani\u00e8re de fabriquer, de produire quelque chose de ses mains ou de mani\u00e8re industrielle\u00a0:\u00a0D\u00e9faut de fabrication. Action de cr\u00e9er, d\u2019inventer quelque chose\u00a0:\u00a0La fabrication de fausses nouvelles. Action de forger, de modeler une personne pour qu\u2019elle devienne [&hellip;]<\/p>\n","protected":false},"author":53,"featured_media":0,"parent":0,"menu_order":0,"comment_status":"closed","ping_status":"closed","template":"","meta":{"_acf_changed":false,"footnotes":""},"class_list":["post-7531","page","type-page","status-publish","hentry"],"acf":{"rf_hero_height":"default","rf_hero_type":"default","rf_hero_vertpos":"50","rf_hero_horizpos":"50","rf_hero_title":"","rf_hero_title_hide":false,"rf_hero_textcol":"light","rf_hero_bgcol":"white","rf_hero_tint":false,"rf_sitemap_hide":false,"rf_further_reading_posts":false},"yoast_head":"<!-- This site is optimized with the Yoast SEO plugin v27.4 - https:\/\/yoast.com\/product\/yoast-seo-wordpress\/ -->\n<title>Fabrication - Froilabo<\/title>\n<meta name=\"robots\" content=\"index, follow, max-snippet:-1, max-image-preview:large, max-video-preview:-1\" \/>\n<link rel=\"canonical\" href=\"https:\/\/www.froilabo.com\/fr\/fabrication-2\/\" \/>\n<meta property=\"og:locale\" content=\"fr_FR\" \/>\n<meta property=\"og:type\" content=\"article\" \/>\n<meta property=\"og:title\" content=\"Fabrication - Froilabo\" \/>\n<meta property=\"og:description\" content=\"Fabrication Action de faire, de fabriquer, de confectionner quelque chose\u00a0:\u00a0La fabrication de ce g\u00e2teau prend du temps. Action ou mani\u00e8re de fabriquer, de produire quelque chose de ses mains ou de mani\u00e8re industrielle\u00a0:\u00a0D\u00e9faut de fabrication. Action de cr\u00e9er, d\u2019inventer quelque chose\u00a0:\u00a0La fabrication de fausses nouvelles. Action de forger, de modeler une personne pour qu\u2019elle devienne [&hellip;]\" \/>\n<meta property=\"og:url\" content=\"https:\/\/www.froilabo.com\/fr\/fabrication-2\/\" \/>\n<meta property=\"og:site_name\" content=\"Froilabo\" \/>\n<meta property=\"article:modified_time\" content=\"2021-10-12T09:47:28+00:00\" \/>\n<meta name=\"twitter:card\" content=\"summary_large_image\" \/>\n<script type=\"application\/ld+json\" class=\"yoast-schema-graph\">{\"@context\":\"https:\\\/\\\/schema.org\",\"@graph\":[{\"@type\":\"WebPage\",\"@id\":\"https:\\\/\\\/www.froilabo.com\\\/fr\\\/fabrication-2\\\/\",\"url\":\"https:\\\/\\\/www.froilabo.com\\\/fr\\\/fabrication-2\\\/\",\"name\":\"Fabrication - Froilabo\",\"isPartOf\":{\"@id\":\"https:\\\/\\\/www.froilabo.com\\\/fr\\\/#website\"},\"datePublished\":\"2021-10-05T12:45:45+00:00\",\"dateModified\":\"2021-10-12T09:47:28+00:00\",\"breadcrumb\":{\"@id\":\"https:\\\/\\\/www.froilabo.com\\\/fr\\\/fabrication-2\\\/#breadcrumb\"},\"inLanguage\":\"fr-FR\",\"potentialAction\":[{\"@type\":\"ReadAction\",\"target\":[\"https:\\\/\\\/www.froilabo.com\\\/fr\\\/fabrication-2\\\/\"]}]},{\"@type\":\"BreadcrumbList\",\"@id\":\"https:\\\/\\\/www.froilabo.com\\\/fr\\\/fabrication-2\\\/#breadcrumb\",\"itemListElement\":[{\"@type\":\"ListItem\",\"position\":1,\"name\":\"Home\",\"item\":\"https:\\\/\\\/www.froilabo.com\\\/fr\\\/home\\\/\"},{\"@type\":\"ListItem\",\"position\":2,\"name\":\"Fabrication\"}]},{\"@type\":\"WebSite\",\"@id\":\"https:\\\/\\\/www.froilabo.com\\\/fr\\\/#website\",\"url\":\"https:\\\/\\\/www.froilabo.com\\\/fr\\\/\",\"name\":\"Froilabo\",\"description\":\"Precision for life\",\"potentialAction\":[{\"@type\":\"SearchAction\",\"target\":{\"@type\":\"EntryPoint\",\"urlTemplate\":\"https:\\\/\\\/www.froilabo.com\\\/fr\\\/?s={search_term_string}\"},\"query-input\":{\"@type\":\"PropertyValueSpecification\",\"valueRequired\":true,\"valueName\":\"search_term_string\"}}],\"inLanguage\":\"fr-FR\"}]}<\/script>\n<!-- \/ Yoast SEO plugin. -->","yoast_head_json":{"title":"Fabrication - Froilabo","robots":{"index":"index","follow":"follow","max-snippet":"max-snippet:-1","max-image-preview":"max-image-preview:large","max-video-preview":"max-video-preview:-1"},"canonical":"https:\/\/www.froilabo.com\/fr\/fabrication-2\/","og_locale":"fr_FR","og_type":"article","og_title":"Fabrication - Froilabo","og_description":"Fabrication Action de faire, de fabriquer, de confectionner quelque chose\u00a0:\u00a0La fabrication de ce g\u00e2teau prend du temps. Action ou mani\u00e8re de fabriquer, de produire quelque chose de ses mains ou de mani\u00e8re industrielle\u00a0:\u00a0D\u00e9faut de fabrication. Action de cr\u00e9er, d\u2019inventer quelque chose\u00a0:\u00a0La fabrication de fausses nouvelles. Action de forger, de modeler une personne pour qu\u2019elle devienne [&hellip;]","og_url":"https:\/\/www.froilabo.com\/fr\/fabrication-2\/","og_site_name":"Froilabo","article_modified_time":"2021-10-12T09:47:28+00:00","twitter_card":"summary_large_image","schema":{"@context":"https:\/\/schema.org","@graph":[{"@type":"WebPage","@id":"https:\/\/www.froilabo.com\/fr\/fabrication-2\/","url":"https:\/\/www.froilabo.com\/fr\/fabrication-2\/","name":"Fabrication - Froilabo","isPartOf":{"@id":"https:\/\/www.froilabo.com\/fr\/#website"},"datePublished":"2021-10-05T12:45:45+00:00","dateModified":"2021-10-12T09:47:28+00:00","breadcrumb":{"@id":"https:\/\/www.froilabo.com\/fr\/fabrication-2\/#breadcrumb"},"inLanguage":"fr-FR","potentialAction":[{"@type":"ReadAction","target":["https:\/\/www.froilabo.com\/fr\/fabrication-2\/"]}]},{"@type":"BreadcrumbList","@id":"https:\/\/www.froilabo.com\/fr\/fabrication-2\/#breadcrumb","itemListElement":[{"@type":"ListItem","position":1,"name":"Home","item":"https:\/\/www.froilabo.com\/fr\/home\/"},{"@type":"ListItem","position":2,"name":"Fabrication"}]},{"@type":"WebSite","@id":"https:\/\/www.froilabo.com\/fr\/#website","url":"https:\/\/www.froilabo.com\/fr\/","name":"Froilabo","description":"Precision for life","potentialAction":[{"@type":"SearchAction","target":{"@type":"EntryPoint","urlTemplate":"https:\/\/www.froilabo.com\/fr\/?s={search_term_string}"},"query-input":{"@type":"PropertyValueSpecification","valueRequired":true,"valueName":"search_term_string"}}],"inLanguage":"fr-FR"}]}},"_links":{"self":[{"href":"https:\/\/www.froilabo.com\/fr\/wp-json\/wp\/v2\/pages\/7531","targetHints":{"allow":["GET"]}}],"collection":[{"href":"https:\/\/www.froilabo.com\/fr\/wp-json\/wp\/v2\/pages"}],"about":[{"href":"https:\/\/www.froilabo.com\/fr\/wp-json\/wp\/v2\/types\/page"}],"author":[{"embeddable":true,"href":"https:\/\/www.froilabo.com\/fr\/wp-json\/wp\/v2\/users\/53"}],"replies":[{"embeddable":true,"href":"https:\/\/www.froilabo.com\/fr\/wp-json\/wp\/v2\/comments?post=7531"}],"version-history":[{"count":7,"href":"https:\/\/www.froilabo.com\/fr\/wp-json\/wp\/v2\/pages\/7531\/revisions"}],"predecessor-version":[{"id":7974,"href":"https:\/\/www.froilabo.com\/fr\/wp-json\/wp\/v2\/pages\/7531\/revisions\/7974"}],"wp:attachment":[{"href":"https:\/\/www.froilabo.com\/fr\/wp-json\/wp\/v2\/media?parent=7531"}],"curies":[{"name":"wp","href":"https:\/\/api.w.org\/{rel}","templated":true}]}}