{"id":7312,"date":"2021-10-04T13:56:46","date_gmt":"2021-10-04T13:56:46","guid":{"rendered":"https:\/\/www.froilabo.com\/agitator\/"},"modified":"2021-10-06T12:41:20","modified_gmt":"2021-10-06T12:41:20","slug":"agitateur-2","status":"publish","type":"page","link":"https:\/\/www.froilabo.com\/fr\/agitateur-2\/","title":{"rendered":"Agitateur"},"content":{"rendered":"<p><strong>Agitateur<\/strong><\/p>\n<p>Un\u00a0agitateur\u00a0est un \u00e9l\u00e9ment d&rsquo;une unit\u00e9 de proc\u00e9d\u00e9 ayant pour but d&rsquo;assurer l&rsquo;homog\u00e9n\u00e9isation d&rsquo;un milieu (homog\u00e9n\u00e9isation du point de vue des composants du milieu et\/ou de la\u00a0temp\u00e9rature).<\/p>\n<p>Il existe diff\u00e9rents types d&rsquo;agitateur en fonction du milieu, de la configuration de l&rsquo;unit\u00e9 et de l&rsquo;effet d\u00e9sir\u00e9.<br \/>\nAu laboratoire, l&rsquo;agitation d&rsquo;une solution peut \u00eatre r\u00e9alis\u00e9e par une baguette de\u00a0verre\u00a0qui permet de remuer une solution dans un\u00a0r\u00e9cipient. L&rsquo;agitation est dite manuelle. Son utilisation peut \u00eatre remplac\u00e9e par un barreau magn\u00e9tique en association (ou non) avec une\u00a0plaque chauffante. L&rsquo;agitateur est alors le bloc qui permet d&rsquo;agiter le barreau magn\u00e9tique. Il est constitu\u00e9 d&rsquo;un aimant mis en rotation par un moteur \u00e0 vitesse variable.<\/p>\n<p>Avant l&rsquo;av\u00e8nement des agitateurs et des barreaux magn\u00e9tiques, l&rsquo;agitation au laboratoire \u00e9tait r\u00e9alis\u00e9e par un moteur qui mettait en rotation une baguette plongeant verticalement dans la solution. La baguette passait le cas \u00e9ch\u00e9ant par le condenseur. Cette baguette \u00e9tait termin\u00e9e par une pale d&rsquo;une forme et d&rsquo;une dimension adapt\u00e9e au r\u00e9cipient contenant la solution \u00e0 agiter.<\/p>\n<p>&nbsp;<\/p>\n","protected":false},"excerpt":{"rendered":"<p>Agitateur Un\u00a0agitateur\u00a0est un \u00e9l\u00e9ment d&rsquo;une unit\u00e9 de proc\u00e9d\u00e9 ayant pour but d&rsquo;assurer l&rsquo;homog\u00e9n\u00e9isation d&rsquo;un milieu (homog\u00e9n\u00e9isation du point de vue des composants du milieu et\/ou de la\u00a0temp\u00e9rature). Il existe diff\u00e9rents types d&rsquo;agitateur en fonction du milieu, de la configuration de l&rsquo;unit\u00e9 et de l&rsquo;effet d\u00e9sir\u00e9. Au laboratoire, l&rsquo;agitation d&rsquo;une solution peut \u00eatre r\u00e9alis\u00e9e par une [&hellip;]<\/p>\n","protected":false},"author":53,"featured_media":0,"parent":0,"menu_order":0,"comment_status":"closed","ping_status":"closed","template":"","meta":{"_acf_changed":false,"footnotes":""},"class_list":["post-7312","page","type-page","status-publish","hentry"],"acf":{"rf_hero_height":"default","rf_hero_type":"default","rf_hero_vertpos":"50","rf_hero_horizpos":"50","rf_hero_title":"","rf_hero_title_hide":false,"rf_hero_textcol":"light","rf_hero_bgcol":"white","rf_hero_tint":false,"rf_sitemap_hide":false,"rf_further_reading_posts":false},"yoast_head":"<!-- This site is optimized with the Yoast SEO plugin v27.2 - https:\/\/yoast.com\/product\/yoast-seo-wordpress\/ -->\n<title>Agitateur - Froilabo<\/title>\n<meta name=\"robots\" content=\"index, follow, max-snippet:-1, max-image-preview:large, max-video-preview:-1\" \/>\n<link rel=\"canonical\" href=\"https:\/\/www.froilabo.com\/fr\/agitateur-2\/\" \/>\n<meta property=\"og:locale\" content=\"fr_FR\" \/>\n<meta property=\"og:type\" content=\"article\" \/>\n<meta property=\"og:title\" content=\"Agitateur - Froilabo\" \/>\n<meta property=\"og:description\" content=\"Agitateur Un\u00a0agitateur\u00a0est un \u00e9l\u00e9ment d&rsquo;une unit\u00e9 de proc\u00e9d\u00e9 ayant pour but d&rsquo;assurer l&rsquo;homog\u00e9n\u00e9isation d&rsquo;un milieu (homog\u00e9n\u00e9isation du point de vue des composants du milieu et\/ou de la\u00a0temp\u00e9rature). Il existe diff\u00e9rents types d&rsquo;agitateur en fonction du milieu, de la configuration de l&rsquo;unit\u00e9 et de l&rsquo;effet d\u00e9sir\u00e9. Au laboratoire, l&rsquo;agitation d&rsquo;une solution peut \u00eatre r\u00e9alis\u00e9e par une [&hellip;]\" \/>\n<meta property=\"og:url\" content=\"https:\/\/www.froilabo.com\/fr\/agitateur-2\/\" \/>\n<meta property=\"og:site_name\" content=\"Froilabo\" \/>\n<meta property=\"article:modified_time\" content=\"2021-10-06T12:41:20+00:00\" \/>\n<meta name=\"twitter:card\" content=\"summary_large_image\" \/>\n<meta name=\"twitter:label1\" content=\"Dur\u00e9e de lecture estim\u00e9e\" \/>\n\t<meta name=\"twitter:data1\" content=\"1 minute\" \/>\n<script type=\"application\/ld+json\" class=\"yoast-schema-graph\">{\"@context\":\"https:\/\/schema.org\",\"@graph\":[{\"@type\":\"WebPage\",\"@id\":\"https:\/\/www.froilabo.com\/fr\/agitateur-2\/\",\"url\":\"https:\/\/www.froilabo.com\/fr\/agitateur-2\/\",\"name\":\"Agitateur - Froilabo\",\"isPartOf\":{\"@id\":\"https:\/\/www.froilabo.com\/fr\/#website\"},\"datePublished\":\"2021-10-04T13:56:46+00:00\",\"dateModified\":\"2021-10-06T12:41:20+00:00\",\"breadcrumb\":{\"@id\":\"https:\/\/www.froilabo.com\/fr\/agitateur-2\/#breadcrumb\"},\"inLanguage\":\"fr-FR\",\"potentialAction\":[{\"@type\":\"ReadAction\",\"target\":[\"https:\/\/www.froilabo.com\/fr\/agitateur-2\/\"]}]},{\"@type\":\"BreadcrumbList\",\"@id\":\"https:\/\/www.froilabo.com\/fr\/agitateur-2\/#breadcrumb\",\"itemListElement\":[{\"@type\":\"ListItem\",\"position\":1,\"name\":\"Home\",\"item\":\"https:\/\/www.froilabo.com\/fr\/home\/\"},{\"@type\":\"ListItem\",\"position\":2,\"name\":\"Agitateur\"}]},{\"@type\":\"WebSite\",\"@id\":\"https:\/\/www.froilabo.com\/fr\/#website\",\"url\":\"https:\/\/www.froilabo.com\/fr\/\",\"name\":\"Froilabo\",\"description\":\"Precision for life\",\"potentialAction\":[{\"@type\":\"SearchAction\",\"target\":{\"@type\":\"EntryPoint\",\"urlTemplate\":\"https:\/\/www.froilabo.com\/fr\/?s={search_term_string}\"},\"query-input\":{\"@type\":\"PropertyValueSpecification\",\"valueRequired\":true,\"valueName\":\"search_term_string\"}}],\"inLanguage\":\"fr-FR\"}]}<\/script>\n<!-- \/ Yoast SEO plugin. -->","yoast_head_json":{"title":"Agitateur - Froilabo","robots":{"index":"index","follow":"follow","max-snippet":"max-snippet:-1","max-image-preview":"max-image-preview:large","max-video-preview":"max-video-preview:-1"},"canonical":"https:\/\/www.froilabo.com\/fr\/agitateur-2\/","og_locale":"fr_FR","og_type":"article","og_title":"Agitateur - Froilabo","og_description":"Agitateur Un\u00a0agitateur\u00a0est un \u00e9l\u00e9ment d&rsquo;une unit\u00e9 de proc\u00e9d\u00e9 ayant pour but d&rsquo;assurer l&rsquo;homog\u00e9n\u00e9isation d&rsquo;un milieu (homog\u00e9n\u00e9isation du point de vue des composants du milieu et\/ou de la\u00a0temp\u00e9rature). Il existe diff\u00e9rents types d&rsquo;agitateur en fonction du milieu, de la configuration de l&rsquo;unit\u00e9 et de l&rsquo;effet d\u00e9sir\u00e9. Au laboratoire, l&rsquo;agitation d&rsquo;une solution peut \u00eatre r\u00e9alis\u00e9e par une [&hellip;]","og_url":"https:\/\/www.froilabo.com\/fr\/agitateur-2\/","og_site_name":"Froilabo","article_modified_time":"2021-10-06T12:41:20+00:00","twitter_card":"summary_large_image","twitter_misc":{"Dur\u00e9e de lecture estim\u00e9e":"1 minute"},"schema":{"@context":"https:\/\/schema.org","@graph":[{"@type":"WebPage","@id":"https:\/\/www.froilabo.com\/fr\/agitateur-2\/","url":"https:\/\/www.froilabo.com\/fr\/agitateur-2\/","name":"Agitateur - Froilabo","isPartOf":{"@id":"https:\/\/www.froilabo.com\/fr\/#website"},"datePublished":"2021-10-04T13:56:46+00:00","dateModified":"2021-10-06T12:41:20+00:00","breadcrumb":{"@id":"https:\/\/www.froilabo.com\/fr\/agitateur-2\/#breadcrumb"},"inLanguage":"fr-FR","potentialAction":[{"@type":"ReadAction","target":["https:\/\/www.froilabo.com\/fr\/agitateur-2\/"]}]},{"@type":"BreadcrumbList","@id":"https:\/\/www.froilabo.com\/fr\/agitateur-2\/#breadcrumb","itemListElement":[{"@type":"ListItem","position":1,"name":"Home","item":"https:\/\/www.froilabo.com\/fr\/home\/"},{"@type":"ListItem","position":2,"name":"Agitateur"}]},{"@type":"WebSite","@id":"https:\/\/www.froilabo.com\/fr\/#website","url":"https:\/\/www.froilabo.com\/fr\/","name":"Froilabo","description":"Precision for life","potentialAction":[{"@type":"SearchAction","target":{"@type":"EntryPoint","urlTemplate":"https:\/\/www.froilabo.com\/fr\/?s={search_term_string}"},"query-input":{"@type":"PropertyValueSpecification","valueRequired":true,"valueName":"search_term_string"}}],"inLanguage":"fr-FR"}]}},"_links":{"self":[{"href":"https:\/\/www.froilabo.com\/fr\/wp-json\/wp\/v2\/pages\/7312","targetHints":{"allow":["GET"]}}],"collection":[{"href":"https:\/\/www.froilabo.com\/fr\/wp-json\/wp\/v2\/pages"}],"about":[{"href":"https:\/\/www.froilabo.com\/fr\/wp-json\/wp\/v2\/types\/page"}],"author":[{"embeddable":true,"href":"https:\/\/www.froilabo.com\/fr\/wp-json\/wp\/v2\/users\/53"}],"replies":[{"embeddable":true,"href":"https:\/\/www.froilabo.com\/fr\/wp-json\/wp\/v2\/comments?post=7312"}],"version-history":[{"count":2,"href":"https:\/\/www.froilabo.com\/fr\/wp-json\/wp\/v2\/pages\/7312\/revisions"}],"predecessor-version":[{"id":7587,"href":"https:\/\/www.froilabo.com\/fr\/wp-json\/wp\/v2\/pages\/7312\/revisions\/7587"}],"wp:attachment":[{"href":"https:\/\/www.froilabo.com\/fr\/wp-json\/wp\/v2\/media?parent=7312"}],"curies":[{"name":"wp","href":"https:\/\/api.w.org\/{rel}","templated":true}]}}