{"id":7165,"date":"2021-09-29T10:30:45","date_gmt":"2021-09-29T10:30:45","guid":{"rendered":"https:\/\/www.froilabo.com\/noticias\/"},"modified":"2025-11-25T15:09:06","modified_gmt":"2025-11-25T15:09:06","slug":"news","status":"publish","type":"page","link":"https:\/\/www.froilabo.com\/fr\/news\/","title":{"rendered":"Actualit\u00e9s"},"content":{"rendered":"","protected":false},"excerpt":{"rendered":"","protected":false},"author":53,"featured_media":0,"parent":0,"menu_order":0,"comment_status":"closed","ping_status":"closed","template":"template-news-with-filters.php","meta":{"_acf_changed":false,"footnotes":""},"class_list":["post-7165","page","type-page","status-publish","hentry"],"acf":{"rf_hero_type":"custom","rf_hero_vertpos":"50","rf_hero_horizpos":"50","rf_hero_textcol":"light","rf_hero_bgcol":"white","rf_hero_height":"default","rf_news_search_flag":true,"rf_news_search_flag_cat":true,"rf_news_search_flag_tag":true,"rf_hero_title":"","rf_sitemap_hide":false,"rf_further_reading_posts":false,"rf_hero_tint":false,"rf_hero_image":{"ID":4714,"id":4714,"title":"NEWS_LANDING_IMAGE","filename":"NEWS_LANDING_IMAGE.jpg","filesize":78734,"url":"https:\/\/www.froilabo.com\/wp-content\/uploads\/2021\/09\/NEWS_LANDING_IMAGE.jpg","link":"https:\/\/www.froilabo.com\/fr\/news\/news_landing_image-2-2\/","alt":"","author":"4","description":"","caption":"","name":"news_landing_image-2-2","status":"inherit","uploaded_to":7165,"date":"2021-09-01 10:50:07","modified":"2021-10-21 16:04:15","menu_order":0,"mime_type":"image\/jpeg","type":"image","subtype":"jpeg","icon":"https:\/\/www.froilabo.com\/wp-includes\/images\/media\/default.png","width":2000,"height":460,"sizes":{"thumbnail":"https:\/\/www.froilabo.com\/wp-content\/uploads\/2021\/09\/NEWS_LANDING_IMAGE-150x150-1.jpg","thumbnail-width":150,"thumbnail-height":150,"medium":"https:\/\/www.froilabo.com\/wp-content\/uploads\/2021\/09\/NEWS_LANDING_IMAGE-300x69-1.jpg","medium-width":300,"medium-height":69,"medium_large":"https:\/\/www.froilabo.com\/wp-content\/uploads\/2021\/09\/NEWS_LANDING_IMAGE-768x177-1.jpg","medium_large-width":768,"medium_large-height":177,"large":"https:\/\/www.froilabo.com\/wp-content\/uploads\/2021\/09\/NEWS_LANDING_IMAGE-1024x236-1.jpg","large-width":1024,"large-height":236,"1536x1536":"https:\/\/www.froilabo.com\/wp-content\/uploads\/2021\/09\/NEWS_LANDING_IMAGE-1536x353-1.jpg","1536x1536-width":1536,"1536x1536-height":353,"2048x2048":"https:\/\/www.froilabo.com\/wp-content\/uploads\/2021\/09\/NEWS_LANDING_IMAGE.jpg","2048x2048-width":2000,"2048x2048-height":460,"gform-image-choice-sm":"https:\/\/www.froilabo.com\/wp-content\/uploads\/2021\/09\/NEWS_LANDING_IMAGE.jpg","gform-image-choice-sm-width":300,"gform-image-choice-sm-height":69,"gform-image-choice-md":"https:\/\/www.froilabo.com\/wp-content\/uploads\/2021\/09\/NEWS_LANDING_IMAGE.jpg","gform-image-choice-md-width":400,"gform-image-choice-md-height":92,"gform-image-choice-lg":"https:\/\/www.froilabo.com\/wp-content\/uploads\/2021\/09\/NEWS_LANDING_IMAGE.jpg","gform-image-choice-lg-width":600,"gform-image-choice-lg-height":138}},"rf_hero_title_hide":false,"rf_news_sidebar_cats":false,"rf_news_sidebar_tags":false,"rf_news_sidebar_dates":false,"rf_news_button_loadmore":"CHARGER PLUS","rf_news_sidebar_title":"Filtrer les actualit\u00e9s","rf_news_sidebar_cats_title":"Cat\u00e9gories d'actualit\u00e9s","rf_news_sidebar_cats_text":"Toutes les cat\u00e9gories","rf_news_sidebar_tags_title":"Mots-cl\u00e9s d'actualit\u00e9s","rf_news_sidebar_tags_text":"Tous les mots-cl\u00e9s","rf_news_sidebar_dates_title":"Archives des actualit\u00e9s","rf_news_sidebar_dates_text":"Tous","rf_news_listing_numposts_text":"Affichage de [[current_posts]] sur [[total_posts]] r\u00e9sultats","rf_news_button_loadmore_cat":"CHARGER PLUS","rf_news_button_loadmore_tag":"CHARGER PLUS","rf_news_sidebar_title_cat":"Cat\u00e9gorie d'actualit\u00e9s","rf_news_sidebar_title_tag":"Mot-cl\u00e9 d'actualit\u00e9s","rf_news_sidebar_all_cat":"Page principale des actualit\u00e9s","rf_news_sidebar_all_tag":"Page principale des actualit\u00e9s","rf_news_listing_numposts_text_cat":"Affichage de [[current_posts]] sur [[total_posts]] r\u00e9sultats","rf_news_listing_numposts_text_tag":"Affichage de [[current_posts]] sur [[total_posts]] r\u00e9sultats","rf_news_single_prev_text":"ARTICLE PR\u00c9C\u00c9DENT","rf_news_single_next_text":"ARTICLE SUIVANT","rf_news_single_author":"AUTEUR","rf_news_single_date":"PUBLI\u00c9","rf_news_single_cat":"CAT\u00c9GORIE","rf_news_single_cats":"CAT\u00c9GORIES","rf_news_single_tag":"MOT-CL\u00c9 D'ACTUALIT\u00c9S","rf_news_single_tags":"MOTS-CL\u00c9S D'ACTUALIT\u00c9S","rf_news_search_placeholder":"Rechercher des actualit\u00e9s...","rf_news_search_button":"RECHERCHER","rf_news_search_placeholder_cat":"Rechercher des actualit\u00e9s...","rf_news_search_button_cat":"RECHERCHER","rf_news_search_placeholder_tag":"Rechercher des actualit\u00e9s...","rf_news_search_button_tag":"RECHERCHER"},"yoast_head":"<!-- This site is optimized with the Yoast SEO plugin v27.4 - https:\/\/yoast.com\/product\/yoast-seo-wordpress\/ -->\n<title>Actualit\u00e9s - Froilabo<\/title>\n<meta name=\"robots\" content=\"index, follow, max-snippet:-1, max-image-preview:large, max-video-preview:-1\" \/>\n<link rel=\"canonical\" href=\"https:\/\/www.froilabo.com\/fr\/news\/\" \/>\n<meta property=\"og:locale\" content=\"fr_FR\" \/>\n<meta property=\"og:type\" content=\"article\" \/>\n<meta property=\"og:title\" content=\"Actualit\u00e9s - Froilabo\" \/>\n<meta property=\"og:url\" content=\"https:\/\/www.froilabo.com\/fr\/news\/\" \/>\n<meta property=\"og:site_name\" content=\"Froilabo\" \/>\n<meta property=\"article:modified_time\" content=\"2025-11-25T15:09:06+00:00\" \/>\n<meta name=\"twitter:card\" content=\"summary_large_image\" \/>\n<script type=\"application\/ld+json\" class=\"yoast-schema-graph\">{\"@context\":\"https:\\\/\\\/schema.org\",\"@graph\":[{\"@type\":\"WebPage\",\"@id\":\"https:\\\/\\\/www.froilabo.com\\\/fr\\\/news\\\/\",\"url\":\"https:\\\/\\\/www.froilabo.com\\\/fr\\\/news\\\/\",\"name\":\"Actualit\u00e9s - Froilabo\",\"isPartOf\":{\"@id\":\"https:\\\/\\\/www.froilabo.com\\\/fr\\\/#website\"},\"datePublished\":\"2021-09-29T10:30:45+00:00\",\"dateModified\":\"2025-11-25T15:09:06+00:00\",\"breadcrumb\":{\"@id\":\"https:\\\/\\\/www.froilabo.com\\\/fr\\\/news\\\/#breadcrumb\"},\"inLanguage\":\"fr-FR\",\"potentialAction\":[{\"@type\":\"ReadAction\",\"target\":[\"https:\\\/\\\/www.froilabo.com\\\/fr\\\/news\\\/\"]}]},{\"@type\":\"BreadcrumbList\",\"@id\":\"https:\\\/\\\/www.froilabo.com\\\/fr\\\/news\\\/#breadcrumb\",\"itemListElement\":[{\"@type\":\"ListItem\",\"position\":1,\"name\":\"Home\",\"item\":\"https:\\\/\\\/www.froilabo.com\\\/fr\\\/home\\\/\"},{\"@type\":\"ListItem\",\"position\":2,\"name\":\"Actualit\u00e9s\"}]},{\"@type\":\"WebSite\",\"@id\":\"https:\\\/\\\/www.froilabo.com\\\/fr\\\/#website\",\"url\":\"https:\\\/\\\/www.froilabo.com\\\/fr\\\/\",\"name\":\"Froilabo\",\"description\":\"Precision for life\",\"potentialAction\":[{\"@type\":\"SearchAction\",\"target\":{\"@type\":\"EntryPoint\",\"urlTemplate\":\"https:\\\/\\\/www.froilabo.com\\\/fr\\\/?s={search_term_string}\"},\"query-input\":{\"@type\":\"PropertyValueSpecification\",\"valueRequired\":true,\"valueName\":\"search_term_string\"}}],\"inLanguage\":\"fr-FR\"}]}<\/script>\n<!-- \/ Yoast SEO plugin. -->","yoast_head_json":{"title":"Actualit\u00e9s - Froilabo","robots":{"index":"index","follow":"follow","max-snippet":"max-snippet:-1","max-image-preview":"max-image-preview:large","max-video-preview":"max-video-preview:-1"},"canonical":"https:\/\/www.froilabo.com\/fr\/news\/","og_locale":"fr_FR","og_type":"article","og_title":"Actualit\u00e9s - Froilabo","og_url":"https:\/\/www.froilabo.com\/fr\/news\/","og_site_name":"Froilabo","article_modified_time":"2025-11-25T15:09:06+00:00","twitter_card":"summary_large_image","schema":{"@context":"https:\/\/schema.org","@graph":[{"@type":"WebPage","@id":"https:\/\/www.froilabo.com\/fr\/news\/","url":"https:\/\/www.froilabo.com\/fr\/news\/","name":"Actualit\u00e9s - Froilabo","isPartOf":{"@id":"https:\/\/www.froilabo.com\/fr\/#website"},"datePublished":"2021-09-29T10:30:45+00:00","dateModified":"2025-11-25T15:09:06+00:00","breadcrumb":{"@id":"https:\/\/www.froilabo.com\/fr\/news\/#breadcrumb"},"inLanguage":"fr-FR","potentialAction":[{"@type":"ReadAction","target":["https:\/\/www.froilabo.com\/fr\/news\/"]}]},{"@type":"BreadcrumbList","@id":"https:\/\/www.froilabo.com\/fr\/news\/#breadcrumb","itemListElement":[{"@type":"ListItem","position":1,"name":"Home","item":"https:\/\/www.froilabo.com\/fr\/home\/"},{"@type":"ListItem","position":2,"name":"Actualit\u00e9s"}]},{"@type":"WebSite","@id":"https:\/\/www.froilabo.com\/fr\/#website","url":"https:\/\/www.froilabo.com\/fr\/","name":"Froilabo","description":"Precision for life","potentialAction":[{"@type":"SearchAction","target":{"@type":"EntryPoint","urlTemplate":"https:\/\/www.froilabo.com\/fr\/?s={search_term_string}"},"query-input":{"@type":"PropertyValueSpecification","valueRequired":true,"valueName":"search_term_string"}}],"inLanguage":"fr-FR"}]}},"_links":{"self":[{"href":"https:\/\/www.froilabo.com\/fr\/wp-json\/wp\/v2\/pages\/7165","targetHints":{"allow":["GET"]}}],"collection":[{"href":"https:\/\/www.froilabo.com\/fr\/wp-json\/wp\/v2\/pages"}],"about":[{"href":"https:\/\/www.froilabo.com\/fr\/wp-json\/wp\/v2\/types\/page"}],"author":[{"embeddable":true,"href":"https:\/\/www.froilabo.com\/fr\/wp-json\/wp\/v2\/users\/53"}],"replies":[{"embeddable":true,"href":"https:\/\/www.froilabo.com\/fr\/wp-json\/wp\/v2\/comments?post=7165"}],"version-history":[{"count":3,"href":"https:\/\/www.froilabo.com\/fr\/wp-json\/wp\/v2\/pages\/7165\/revisions"}],"predecessor-version":[{"id":15987,"href":"https:\/\/www.froilabo.com\/fr\/wp-json\/wp\/v2\/pages\/7165\/revisions\/15987"}],"wp:attachment":[{"href":"https:\/\/www.froilabo.com\/fr\/wp-json\/wp\/v2\/media?parent=7165"}],"curies":[{"name":"wp","href":"https:\/\/api.w.org\/{rel}","templated":true}]}}