{"id":5264,"date":"2021-08-26T15:10:14","date_gmt":"2021-08-26T15:10:14","guid":{"rendered":"https:\/\/www.froilabo.com\/what-are-cryo-accumulator-plates-used-for\/"},"modified":"2021-10-06T15:51:29","modified_gmt":"2021-10-06T15:51:29","slug":"a-quoi-servent-les-plaques-cryo-accumulateur","status":"publish","type":"page","link":"https:\/\/www.froilabo.com\/fr\/a-quoi-servent-les-plaques-cryo-accumulateur\/","title":{"rendered":"A quoi servent les Plaques &lsquo;Cryo-accumulateur&rsquo; ?"},"content":{"rendered":"<div class=\"FFpbKc\">\n<div class=\"ZTPlmc\">Les plaques \u00ab\u00a0Cryo-accumulateurs\u00a0\u00bb, disponibles sur nos gammes de cong\u00e9lateurs TRUST &amp; EVOLUTION tr\u00e8s basse (-86\u00b0C) et basse (-45\u00b0C) temp\u00e9rature, permettent de retarder la mont\u00e9e en temp\u00e9rature. Cette option peut \u00eatre d\u00e9cisive en cas de coupure de courant ou lorsque l&rsquo;utilisateur ouvre r\u00e9guli\u00e8rement la porte.<\/div>\n<\/div>\n<h2>A quoi sert l&rsquo;option cryo-accumulateur ?<\/h2>\n<p>En option sur les cong\u00e9lateurs, les plaques \u00ab\u00a0cryo-accumulateurs\u00a0\u00bb permettent de retarder la mont\u00e9e en temp\u00e9rature en cas de panne\/arr\u00eat de l&rsquo;appareil. Ces plaques, plac\u00e9es dans le volume mort interne du cong\u00e9lateur, sont con\u00e7ues pour r\u00e9duire le volume mort interne, et augmenter l&rsquo;inertie thermique du cong\u00e9lateur. En cas de coupure de courant, cette option permet de retarder significativement la mont\u00e9e en temp\u00e9rature car l&rsquo;ensemble de la cuve a une inertie thermique plus \u00e9lev\u00e9e. Cependant, la premi\u00e8re descente en temp\u00e9rature de l&rsquo;appareil est plus longue en raison de la plus grande inertie du r\u00e9servoir.<\/p>\n<h2>Quelle est l&rsquo;efficacit\u00e9 du cryo-accumulateur ?<\/h2>\n<p>Pour tester l&rsquo;efficacit\u00e9 des cryo-accumulateurs, des tests ont \u00e9t\u00e9 effectu\u00e9s sur un cong\u00e9lateur -86\u00b0C EVOLUTION 690L, vide et \u00e0 l&rsquo;air, et les r\u00e9sultats sont pr\u00e9sent\u00e9s dans le graphique suivant. Il compare l&rsquo;\u00e9chauffement d&rsquo;un cong\u00e9lateur avec et sans cryo-accumulateurs suite \u00e0 une coupure de courant. Le graphe a \u00e9t\u00e9 r\u00e9alis\u00e9 \u00e0 l&rsquo;aide d&rsquo;une sonde plac\u00e9e dans la partie basse du cong\u00e9lateur.<\/p>\n<p><img loading=\"lazy\" decoding=\"async\" class=\"alignnone wp-image-4556\" src=\"https:\/\/www.froilabo.com\/wp-content\/uploads\/2021\/08\/what-is-cryo-accumulator-graph-300x160.png\" alt=\"\" width=\"501\" height=\"267\" srcset=\"https:\/\/www.froilabo.com\/wp-content\/uploads\/2021\/08\/what-is-cryo-accumulator-graph-300x160.png 300w, https:\/\/www.froilabo.com\/wp-content\/uploads\/2021\/08\/what-is-cryo-accumulator-graph.png 618w\" sizes=\"auto, (max-width: 501px) 100vw, 501px\" \/><br \/>\nL&rsquo;utilisation de cryo-accumulateurs retarde la mont\u00e9e en temp\u00e9rature d&rsquo;un cong\u00e9lateur pour passer de -80\u00b0C \u00e0 -55\u00b0C.<\/p>\n<p>L&rsquo;appareil est red\u00e9marr\u00e9 une fois la temp\u00e9rature de -55\u00b0C atteinte. On voit que dans un cong\u00e9lateur vide, le temps de mont\u00e9e de -78\u00b0C \u00e0 -55\u00b0C est multipli\u00e9 par 2. Il est important de pr\u00e9ciser qu&rsquo;un cong\u00e9lateur plein a une plus grande inertie, donc le temps de mont\u00e9e serait plus important .<\/p>\n<h2>O\u00f9 sont les cryo-accumulateurs dans le cong\u00e9lateur ?<\/h2>\n<p>Pour visualiser l&#8217;emplacement des cryo-accumulateurs dans la cuve d&rsquo;un cong\u00e9lateur, des photos sont disponibles ci-dessous.<\/p>\n<p><img loading=\"lazy\" decoding=\"async\" class=\"alignnone wp-image-4559\" src=\"https:\/\/www.froilabo.com\/wp-content\/uploads\/2021\/08\/cryo-accumulator-image-1-138x300.jpg\" alt=\"\" width=\"250\" height=\"543\" srcset=\"https:\/\/www.froilabo.com\/wp-content\/uploads\/2021\/08\/cryo-accumulator-image-1-138x300.jpg 138w, https:\/\/www.froilabo.com\/wp-content\/uploads\/2021\/08\/cryo-accumulator-image-1.jpg 202w\" sizes=\"auto, (max-width: 250px) 100vw, 250px\" \/><br \/>\nImage 1 : Plaque de cryo-accumulateur situ\u00e9e sur la partie gauche d&rsquo;un cong\u00e9lateur, vue plein int\u00e9rieur gauche.<\/p>\n<p><img loading=\"lazy\" decoding=\"async\" class=\"alignnone wp-image-4562\" src=\"https:\/\/www.froilabo.com\/wp-content\/uploads\/2021\/08\/cryo-accumulateurs-image-2-225x300.jpg\" alt=\"\" width=\"255\" height=\"340\" srcset=\"https:\/\/www.froilabo.com\/wp-content\/uploads\/2021\/08\/cryo-accumulateurs-image-2-225x300.jpg 225w, https:\/\/www.froilabo.com\/wp-content\/uploads\/2021\/08\/cryo-accumulateurs-image-2.jpg 694w\" sizes=\"auto, (max-width: 255px) 100vw, 255px\" \/><br \/>\nImage 2 : Plaque cryo-accumulatrice situ\u00e9e sur la partie droite d&rsquo;un cong\u00e9lateur, vue centrale int\u00e9rieure droite.<\/p>\n<p><img loading=\"lazy\" decoding=\"async\" class=\"alignnone wp-image-4565\" src=\"https:\/\/www.froilabo.com\/wp-content\/uploads\/2021\/08\/cryo-accumulateurs-image-3-225x300.jpg\" alt=\"\" width=\"254\" height=\"339\" srcset=\"https:\/\/www.froilabo.com\/wp-content\/uploads\/2021\/08\/cryo-accumulateurs-image-3-225x300.jpg 225w, https:\/\/www.froilabo.com\/wp-content\/uploads\/2021\/08\/cryo-accumulateurs-image-3.jpg 328w\" sizes=\"auto, (max-width: 254px) 100vw, 254px\" \/><br \/>\nImage 3 : Plaques cryo-accumulatrices situ\u00e9es sur la partie droite d&rsquo;un cong\u00e9lateur, vue int\u00e9rieure de trois quarts.<\/p>\n<p><img loading=\"lazy\" decoding=\"async\" class=\"alignnone wp-image-4568\" src=\"https:\/\/www.froilabo.com\/wp-content\/uploads\/2021\/08\/cryo-accumulateurs-image-4-300x138.jpg\" alt=\"\" width=\"335\" height=\"154\" srcset=\"https:\/\/www.froilabo.com\/wp-content\/uploads\/2021\/08\/cryo-accumulateurs-image-4-300x138.jpg 300w, https:\/\/www.froilabo.com\/wp-content\/uploads\/2021\/08\/cryo-accumulateurs-image-4.jpg 715w\" sizes=\"auto, (max-width: 335px) 100vw, 335px\" \/><br \/>\nImage 4 : Plaques cryo-accumulatrices situ\u00e9es sur la partie droite d&rsquo;un cong\u00e9lateur, vue en angle droit vers l&rsquo;int\u00e9rieur.<\/p>\n<h2>T\u00e9l\u00e9charger le PDF complet<\/h2>\n<p>Download the complete pdf: <a href=\"https:\/\/www.froilabo.com\/wp-content\/uploads\/2021\/08\/9219-article-cryo-accumulateurs-en-1.pdf\" target=\"_blank\" rel=\"noopener\">What are &lsquo;Cryo-accumulator&rsquo; Plates used for?<\/a><\/p>\n<h2>Contactez-nous pour plus d&rsquo;informations<\/h2>\n<p>Pour en savoir plus sur les cong\u00e9lateurs \u00e0 basse temp\u00e9rature ou pour vous renseigner sur le prix d&rsquo;un cong\u00e9lateur \u00e0 ultra basse temp\u00e9rature, veuillez contacter un membre de notre \u00e9quipe d\u00e8s aujourd&rsquo;hui.<\/p>\n<p>Sinon, pour \u00eatre le premier \u00e0 \u00eatre inform\u00e9 des futurs produits, actualit\u00e9s et recherches de Froilabo, pourquoi ne pas prendre un moment pour nous rejoindre sur les r\u00e9seaux sociaux et vous inscrire \u00e0 notre eNewsletter ?<\/p>\n","protected":false},"excerpt":{"rendered":"<p>Les plaques \u00ab\u00a0Cryo-accumulateurs\u00a0\u00bb, disponibles sur nos gammes de cong\u00e9lateurs TRUST &amp; EVOLUTION tr\u00e8s basse (-86\u00b0C) et basse (-45\u00b0C) temp\u00e9rature, permettent de retarder la mont\u00e9e en temp\u00e9rature. Cette option peut \u00eatre d\u00e9cisive en cas de coupure de courant ou lorsque l&rsquo;utilisateur ouvre r\u00e9guli\u00e8rement la porte. A quoi sert l&rsquo;option cryo-accumulateur ? En option sur les cong\u00e9lateurs, [&hellip;]<\/p>\n","protected":false},"author":53,"featured_media":0,"parent":0,"menu_order":0,"comment_status":"closed","ping_status":"closed","template":"","meta":{"_acf_changed":false,"footnotes":""},"class_list":["post-5264","page","type-page","status-publish","hentry"],"acf":{"rf_hero_height":"default","rf_hero_type":"default","rf_hero_vertpos":"50","rf_hero_horizpos":"50","rf_hero_title":"","rf_hero_title_hide":false,"rf_hero_textcol":"light","rf_hero_bgcol":"white","rf_hero_tint":false,"rf_sitemap_hide":false,"rf_further_reading_posts":false},"yoast_head":"<!-- This site is optimized with the Yoast SEO plugin v27.3 - https:\/\/yoast.com\/product\/yoast-seo-wordpress\/ -->\n<title>A quoi servent les Plaques &#039;Cryo-accumulateur&#039; ? - Froilabo<\/title>\n<meta name=\"description\" content=\"This article highlights what cryo-accumulator plates are, what they are used for and what Froilabo products they are used in. Read more...\" \/>\n<meta name=\"robots\" content=\"index, follow, max-snippet:-1, max-image-preview:large, max-video-preview:-1\" \/>\n<link rel=\"canonical\" href=\"https:\/\/www.froilabo.com\/fr\/a-quoi-servent-les-plaques-cryo-accumulateur\/\" \/>\n<meta property=\"og:locale\" content=\"fr_FR\" \/>\n<meta property=\"og:type\" content=\"article\" \/>\n<meta property=\"og:title\" content=\"A quoi servent les Plaques &#039;Cryo-accumulateur&#039; ? - Froilabo\" \/>\n<meta property=\"og:description\" content=\"This article highlights what cryo-accumulator plates are, what they are used for and what Froilabo products they are used in. Read more...\" \/>\n<meta property=\"og:url\" content=\"https:\/\/www.froilabo.com\/fr\/a-quoi-servent-les-plaques-cryo-accumulateur\/\" \/>\n<meta property=\"og:site_name\" content=\"Froilabo\" \/>\n<meta property=\"article:modified_time\" content=\"2021-10-06T15:51:29+00:00\" \/>\n<meta property=\"og:image\" content=\"https:\/\/www.froilabo.com\/wp-content\/uploads\/2021\/08\/what-is-cryo-accumulator-graph-300x160.png\" \/>\n<meta name=\"twitter:card\" content=\"summary_large_image\" \/>\n<meta name=\"twitter:label1\" content=\"Dur\u00e9e de lecture estim\u00e9e\" \/>\n\t<meta name=\"twitter:data1\" content=\"3 minutes\" \/>\n<script type=\"application\/ld+json\" class=\"yoast-schema-graph\">{\"@context\":\"https:\\\/\\\/schema.org\",\"@graph\":[{\"@type\":\"WebPage\",\"@id\":\"https:\\\/\\\/www.froilabo.com\\\/fr\\\/a-quoi-servent-les-plaques-cryo-accumulateur\\\/\",\"url\":\"https:\\\/\\\/www.froilabo.com\\\/fr\\\/a-quoi-servent-les-plaques-cryo-accumulateur\\\/\",\"name\":\"A quoi servent les Plaques 'Cryo-accumulateur' ? - Froilabo\",\"isPartOf\":{\"@id\":\"https:\\\/\\\/www.froilabo.com\\\/fr\\\/#website\"},\"primaryImageOfPage\":{\"@id\":\"https:\\\/\\\/www.froilabo.com\\\/fr\\\/a-quoi-servent-les-plaques-cryo-accumulateur\\\/#primaryimage\"},\"image\":{\"@id\":\"https:\\\/\\\/www.froilabo.com\\\/fr\\\/a-quoi-servent-les-plaques-cryo-accumulateur\\\/#primaryimage\"},\"thumbnailUrl\":\"https:\\\/\\\/www.froilabo.com\\\/wp-content\\\/uploads\\\/2021\\\/08\\\/what-is-cryo-accumulator-graph-300x160.png\",\"datePublished\":\"2021-08-26T15:10:14+00:00\",\"dateModified\":\"2021-10-06T15:51:29+00:00\",\"description\":\"This article highlights what cryo-accumulator plates are, what they are used for and what Froilabo products they are used in. Read more...\",\"breadcrumb\":{\"@id\":\"https:\\\/\\\/www.froilabo.com\\\/fr\\\/a-quoi-servent-les-plaques-cryo-accumulateur\\\/#breadcrumb\"},\"inLanguage\":\"fr-FR\",\"potentialAction\":[{\"@type\":\"ReadAction\",\"target\":[\"https:\\\/\\\/www.froilabo.com\\\/fr\\\/a-quoi-servent-les-plaques-cryo-accumulateur\\\/\"]}]},{\"@type\":\"ImageObject\",\"inLanguage\":\"fr-FR\",\"@id\":\"https:\\\/\\\/www.froilabo.com\\\/fr\\\/a-quoi-servent-les-plaques-cryo-accumulateur\\\/#primaryimage\",\"url\":\"https:\\\/\\\/www.froilabo.com\\\/wp-content\\\/uploads\\\/2021\\\/08\\\/what-is-cryo-accumulator-graph-300x160.png\",\"contentUrl\":\"https:\\\/\\\/www.froilabo.com\\\/wp-content\\\/uploads\\\/2021\\\/08\\\/what-is-cryo-accumulator-graph-300x160.png\"},{\"@type\":\"BreadcrumbList\",\"@id\":\"https:\\\/\\\/www.froilabo.com\\\/fr\\\/a-quoi-servent-les-plaques-cryo-accumulateur\\\/#breadcrumb\",\"itemListElement\":[{\"@type\":\"ListItem\",\"position\":1,\"name\":\"Home\",\"item\":\"https:\\\/\\\/www.froilabo.com\\\/fr\\\/home\\\/\"},{\"@type\":\"ListItem\",\"position\":2,\"name\":\"A quoi servent les Plaques &lsquo;Cryo-accumulateur&rsquo; ?\"}]},{\"@type\":\"WebSite\",\"@id\":\"https:\\\/\\\/www.froilabo.com\\\/fr\\\/#website\",\"url\":\"https:\\\/\\\/www.froilabo.com\\\/fr\\\/\",\"name\":\"Froilabo\",\"description\":\"Precision for life\",\"potentialAction\":[{\"@type\":\"SearchAction\",\"target\":{\"@type\":\"EntryPoint\",\"urlTemplate\":\"https:\\\/\\\/www.froilabo.com\\\/fr\\\/?s={search_term_string}\"},\"query-input\":{\"@type\":\"PropertyValueSpecification\",\"valueRequired\":true,\"valueName\":\"search_term_string\"}}],\"inLanguage\":\"fr-FR\"}]}<\/script>\n<!-- \/ Yoast SEO plugin. -->","yoast_head_json":{"title":"A quoi servent les Plaques 'Cryo-accumulateur' ? - Froilabo","description":"This article highlights what cryo-accumulator plates are, what they are used for and what Froilabo products they are used in. Read more...","robots":{"index":"index","follow":"follow","max-snippet":"max-snippet:-1","max-image-preview":"max-image-preview:large","max-video-preview":"max-video-preview:-1"},"canonical":"https:\/\/www.froilabo.com\/fr\/a-quoi-servent-les-plaques-cryo-accumulateur\/","og_locale":"fr_FR","og_type":"article","og_title":"A quoi servent les Plaques 'Cryo-accumulateur' ? - Froilabo","og_description":"This article highlights what cryo-accumulator plates are, what they are used for and what Froilabo products they are used in. Read more...","og_url":"https:\/\/www.froilabo.com\/fr\/a-quoi-servent-les-plaques-cryo-accumulateur\/","og_site_name":"Froilabo","article_modified_time":"2021-10-06T15:51:29+00:00","og_image":[{"url":"https:\/\/www.froilabo.com\/wp-content\/uploads\/2021\/08\/what-is-cryo-accumulator-graph-300x160.png","type":"","width":"","height":""}],"twitter_card":"summary_large_image","twitter_misc":{"Dur\u00e9e de lecture estim\u00e9e":"3 minutes"},"schema":{"@context":"https:\/\/schema.org","@graph":[{"@type":"WebPage","@id":"https:\/\/www.froilabo.com\/fr\/a-quoi-servent-les-plaques-cryo-accumulateur\/","url":"https:\/\/www.froilabo.com\/fr\/a-quoi-servent-les-plaques-cryo-accumulateur\/","name":"A quoi servent les Plaques 'Cryo-accumulateur' ? - Froilabo","isPartOf":{"@id":"https:\/\/www.froilabo.com\/fr\/#website"},"primaryImageOfPage":{"@id":"https:\/\/www.froilabo.com\/fr\/a-quoi-servent-les-plaques-cryo-accumulateur\/#primaryimage"},"image":{"@id":"https:\/\/www.froilabo.com\/fr\/a-quoi-servent-les-plaques-cryo-accumulateur\/#primaryimage"},"thumbnailUrl":"https:\/\/www.froilabo.com\/wp-content\/uploads\/2021\/08\/what-is-cryo-accumulator-graph-300x160.png","datePublished":"2021-08-26T15:10:14+00:00","dateModified":"2021-10-06T15:51:29+00:00","description":"This article highlights what cryo-accumulator plates are, what they are used for and what Froilabo products they are used in. Read more...","breadcrumb":{"@id":"https:\/\/www.froilabo.com\/fr\/a-quoi-servent-les-plaques-cryo-accumulateur\/#breadcrumb"},"inLanguage":"fr-FR","potentialAction":[{"@type":"ReadAction","target":["https:\/\/www.froilabo.com\/fr\/a-quoi-servent-les-plaques-cryo-accumulateur\/"]}]},{"@type":"ImageObject","inLanguage":"fr-FR","@id":"https:\/\/www.froilabo.com\/fr\/a-quoi-servent-les-plaques-cryo-accumulateur\/#primaryimage","url":"https:\/\/www.froilabo.com\/wp-content\/uploads\/2021\/08\/what-is-cryo-accumulator-graph-300x160.png","contentUrl":"https:\/\/www.froilabo.com\/wp-content\/uploads\/2021\/08\/what-is-cryo-accumulator-graph-300x160.png"},{"@type":"BreadcrumbList","@id":"https:\/\/www.froilabo.com\/fr\/a-quoi-servent-les-plaques-cryo-accumulateur\/#breadcrumb","itemListElement":[{"@type":"ListItem","position":1,"name":"Home","item":"https:\/\/www.froilabo.com\/fr\/home\/"},{"@type":"ListItem","position":2,"name":"A quoi servent les Plaques &lsquo;Cryo-accumulateur&rsquo; ?"}]},{"@type":"WebSite","@id":"https:\/\/www.froilabo.com\/fr\/#website","url":"https:\/\/www.froilabo.com\/fr\/","name":"Froilabo","description":"Precision for life","potentialAction":[{"@type":"SearchAction","target":{"@type":"EntryPoint","urlTemplate":"https:\/\/www.froilabo.com\/fr\/?s={search_term_string}"},"query-input":{"@type":"PropertyValueSpecification","valueRequired":true,"valueName":"search_term_string"}}],"inLanguage":"fr-FR"}]}},"_links":{"self":[{"href":"https:\/\/www.froilabo.com\/fr\/wp-json\/wp\/v2\/pages\/5264","targetHints":{"allow":["GET"]}}],"collection":[{"href":"https:\/\/www.froilabo.com\/fr\/wp-json\/wp\/v2\/pages"}],"about":[{"href":"https:\/\/www.froilabo.com\/fr\/wp-json\/wp\/v2\/types\/page"}],"author":[{"embeddable":true,"href":"https:\/\/www.froilabo.com\/fr\/wp-json\/wp\/v2\/users\/53"}],"replies":[{"embeddable":true,"href":"https:\/\/www.froilabo.com\/fr\/wp-json\/wp\/v2\/comments?post=5264"}],"version-history":[{"count":3,"href":"https:\/\/www.froilabo.com\/fr\/wp-json\/wp\/v2\/pages\/5264\/revisions"}],"predecessor-version":[{"id":7749,"href":"https:\/\/www.froilabo.com\/fr\/wp-json\/wp\/v2\/pages\/5264\/revisions\/7749"}],"wp:attachment":[{"href":"https:\/\/www.froilabo.com\/fr\/wp-json\/wp\/v2\/media?parent=5264"}],"curies":[{"name":"wp","href":"https:\/\/api.w.org\/{rel}","templated":true}]}}