{"id":16159,"date":"2025-11-27T09:13:46","date_gmt":"2025-11-27T09:13:46","guid":{"rendered":"https:\/\/www.froilabo.com\/congelation-des-poches-de-plasma-au-centre-efs-de-besancon-une-etape-cle-du-traitement-des-echantillons\/"},"modified":"2025-11-27T09:13:46","modified_gmt":"2025-11-27T09:13:46","slug":"congelation-des-poches-de-plasma-au-centre-efs-de-besancon-une-etape-cle-du-traitement-des-echantillons","status":"publish","type":"page","link":"https:\/\/www.froilabo.com\/fr\/congelation-des-poches-de-plasma-au-centre-efs-de-besancon-une-etape-cle-du-traitement-des-echantillons\/","title":{"rendered":"Cong\u00e9lation des poches de plasma au centre EFS de Besan\u00e7on : une \u00e9tape cl\u00e9 du traitement des \u00e9chantillons"},"content":{"rendered":"<p>Le centre de Besan\u00e7on de l&rsquo;\u00c9tablissement fran\u00e7ais du sang (EFS) fait partie du r\u00e9seau national EFS, institution publique charg\u00e9e d&rsquo;assurer l&rsquo;autosuffisance en produits sanguins labiles et de garantir leur qualit\u00e9 et leur s\u00e9curit\u00e9. Il englobe les activit\u00e9s de collecte, qualification biologique, pr\u00e9paration et distribution de produits sanguins destin\u00e9s aux \u00e9tablissements de sant\u00e9 de la r\u00e9gion Bourgogne\u2013Franche-<br \/>\nComt\u00e9. <\/p>\n<p>Parmi ces activit\u00e9s, la pr\u00e9paration et la cong\u00e9lation des poches de plasma constituent une \u00e9tape cl\u00e9 du processus de valorisation des dons de sang. Le centre de Besan\u00e7on est \u00e9quip\u00e9 d&rsquo;appareils d\u00e9di\u00e9s \u00e0 la cong\u00e9lation rapide du plasma frais congel\u00e9 (PFC), conform\u00e9ment aux exigences r\u00e9glementaires en vigueur et aux normes de qualit\u00e9. <\/p>\n<p>La majorit\u00e9 des poches de plasma sont utilis\u00e9es pour la production de m\u00e9dicaments par le Laboratoire fran\u00e7ais du fractionnement et des biotechnologies (LFB), dont la mission principale est de produire et distribuer des m\u00e9dicaments d\u00e9riv\u00e9s du plasma humain, destin\u00e9s \u00e0 traiter des maladies graves et rares.<\/p>\n<p>Le besoin en plasma pour la production de m\u00e9dicaments est tel que l&rsquo;approvisionnement par l&rsquo;EFS fran\u00e7ais seul n&rsquo;est pas suffisant. Dans un rapport publi\u00e9 en 2024, le LFB indiquait avoir utilis\u00e9 1,3 million de litres de plasma pour sa production annuelle, dont 900 000 litres provenaient de France. Le LFB vise \u00e0 augmenter le plasma disponible \u00e0 3,4 millions de litres par an pour soutenir l&rsquo;augmentation de la capacit\u00e9 de fractionnement.  <\/p>\n<p>L&rsquo;autosuffisance en m\u00e9dicaments d\u00e9riv\u00e9s du plasma (MDP) constitue un enjeu strat\u00e9gique majeur pour le gouvernement fran\u00e7ais, souvent d\u00e9crite comme une question de souverainet\u00e9 sanitaire.<\/p>\n<p>Tous ces \u00e9l\u00e9ments montrent que le besoin en plasma est donc tr\u00e8s \u00e9lev\u00e9. C&rsquo;est dans ce contexte que l&rsquo;EFS de Besan\u00e7on a fait l&rsquo;acquisition d&rsquo;un nouveau cong\u00e9lateur \u00e0 choc FROILABO. Cette note d&rsquo;application d\u00e9crit les raisons du choix de cet \u00e9quipement, les proc\u00e9dures de cong\u00e9lation des poches de plasma, les param\u00e8tres critiques du processus, ainsi que les points de contr\u00f4le assurant la qualit\u00e9 du produit et la tra\u00e7abilit\u00e9.  <\/p>\n<p>&nbsp;<\/p>\n<p><a href=\"https:\/\/www.froilabo.com\/wp-content\/uploads\/2025\/11\/20251030-EFS-Beancon-Rev2-EN.pdf\" target=\"_blank\" rel=\"noopener\">Consultez la note technique compl\u00e8te ici.<\/a><\/p>\n","protected":false},"excerpt":{"rendered":"<p>Le centre de Besan\u00e7on de l&rsquo;\u00c9tablissement fran\u00e7ais du sang (EFS) fait partie du r\u00e9seau national EFS, institution publique charg\u00e9e d&rsquo;assurer l&rsquo;autosuffisance en produits sanguins labiles et de garantir leur qualit\u00e9 et leur s\u00e9curit\u00e9. Il englobe les activit\u00e9s de collecte, qualification biologique, pr\u00e9paration et distribution de produits sanguins destin\u00e9s aux \u00e9tablissements de sant\u00e9 de la r\u00e9gion [&hellip;]<\/p>\n","protected":false},"author":50,"featured_media":0,"parent":0,"menu_order":0,"comment_status":"closed","ping_status":"closed","template":"","meta":{"_acf_changed":false,"footnotes":""},"class_list":["post-16159","page","type-page","status-publish","hentry"],"acf":{"rf_hero_type":"default","rf_hero_vertpos":"50","rf_hero_horizpos":"50","rf_hero_textcol":"light","rf_hero_bgcol":"white","rf_hero_tint":false,"rf_hero_height":"default","rf_hero_title_hide":false},"yoast_head":"<!-- This site is optimized with the Yoast SEO plugin v27.4 - https:\/\/yoast.com\/product\/yoast-seo-wordpress\/ -->\n<title>Cong\u00e9lation des poches de plasma au centre EFS de Besan\u00e7on : une \u00e9tape cl\u00e9 du traitement des \u00e9chantillons - Froilabo<\/title>\n<meta name=\"robots\" content=\"index, follow, max-snippet:-1, max-image-preview:large, max-video-preview:-1\" \/>\n<link rel=\"canonical\" href=\"https:\/\/www.froilabo.com\/fr\/congelation-des-poches-de-plasma-au-centre-efs-de-besancon-une-etape-cle-du-traitement-des-echantillons\/\" \/>\n<meta property=\"og:locale\" content=\"fr_FR\" \/>\n<meta property=\"og:type\" content=\"article\" \/>\n<meta property=\"og:title\" content=\"Cong\u00e9lation des poches de plasma au centre EFS de Besan\u00e7on : une \u00e9tape cl\u00e9 du traitement des \u00e9chantillons - Froilabo\" \/>\n<meta property=\"og:description\" content=\"Le centre de Besan\u00e7on de l&rsquo;\u00c9tablissement fran\u00e7ais du sang (EFS) fait partie du r\u00e9seau national EFS, institution publique charg\u00e9e d&rsquo;assurer l&rsquo;autosuffisance en produits sanguins labiles et de garantir leur qualit\u00e9 et leur s\u00e9curit\u00e9. Il englobe les activit\u00e9s de collecte, qualification biologique, pr\u00e9paration et distribution de produits sanguins destin\u00e9s aux \u00e9tablissements de sant\u00e9 de la r\u00e9gion [&hellip;]\" \/>\n<meta property=\"og:url\" content=\"https:\/\/www.froilabo.com\/fr\/congelation-des-poches-de-plasma-au-centre-efs-de-besancon-une-etape-cle-du-traitement-des-echantillons\/\" \/>\n<meta property=\"og:site_name\" content=\"Froilabo\" \/>\n<meta name=\"twitter:card\" content=\"summary_large_image\" \/>\n<meta name=\"twitter:label1\" content=\"Dur\u00e9e de lecture estim\u00e9e\" \/>\n\t<meta name=\"twitter:data1\" content=\"2 minutes\" \/>\n<script type=\"application\/ld+json\" class=\"yoast-schema-graph\">{\"@context\":\"https:\\\/\\\/schema.org\",\"@graph\":[{\"@type\":\"WebPage\",\"@id\":\"https:\\\/\\\/www.froilabo.com\\\/fr\\\/congelation-des-poches-de-plasma-au-centre-efs-de-besancon-une-etape-cle-du-traitement-des-echantillons\\\/\",\"url\":\"https:\\\/\\\/www.froilabo.com\\\/fr\\\/congelation-des-poches-de-plasma-au-centre-efs-de-besancon-une-etape-cle-du-traitement-des-echantillons\\\/\",\"name\":\"Cong\u00e9lation des poches de plasma au centre EFS de Besan\u00e7on : une \u00e9tape cl\u00e9 du traitement des \u00e9chantillons - Froilabo\",\"isPartOf\":{\"@id\":\"https:\\\/\\\/www.froilabo.com\\\/fr\\\/#website\"},\"datePublished\":\"2025-11-27T09:13:46+00:00\",\"breadcrumb\":{\"@id\":\"https:\\\/\\\/www.froilabo.com\\\/fr\\\/congelation-des-poches-de-plasma-au-centre-efs-de-besancon-une-etape-cle-du-traitement-des-echantillons\\\/#breadcrumb\"},\"inLanguage\":\"fr-FR\",\"potentialAction\":[{\"@type\":\"ReadAction\",\"target\":[\"https:\\\/\\\/www.froilabo.com\\\/fr\\\/congelation-des-poches-de-plasma-au-centre-efs-de-besancon-une-etape-cle-du-traitement-des-echantillons\\\/\"]}]},{\"@type\":\"BreadcrumbList\",\"@id\":\"https:\\\/\\\/www.froilabo.com\\\/fr\\\/congelation-des-poches-de-plasma-au-centre-efs-de-besancon-une-etape-cle-du-traitement-des-echantillons\\\/#breadcrumb\",\"itemListElement\":[{\"@type\":\"ListItem\",\"position\":1,\"name\":\"Home\",\"item\":\"https:\\\/\\\/www.froilabo.com\\\/fr\\\/home\\\/\"},{\"@type\":\"ListItem\",\"position\":2,\"name\":\"Cong\u00e9lation des poches de plasma au centre EFS de Besan\u00e7on : une \u00e9tape cl\u00e9 du traitement des \u00e9chantillons\"}]},{\"@type\":\"WebSite\",\"@id\":\"https:\\\/\\\/www.froilabo.com\\\/fr\\\/#website\",\"url\":\"https:\\\/\\\/www.froilabo.com\\\/fr\\\/\",\"name\":\"Froilabo\",\"description\":\"Precision for life\",\"potentialAction\":[{\"@type\":\"SearchAction\",\"target\":{\"@type\":\"EntryPoint\",\"urlTemplate\":\"https:\\\/\\\/www.froilabo.com\\\/fr\\\/?s={search_term_string}\"},\"query-input\":{\"@type\":\"PropertyValueSpecification\",\"valueRequired\":true,\"valueName\":\"search_term_string\"}}],\"inLanguage\":\"fr-FR\"}]}<\/script>\n<!-- \/ Yoast SEO plugin. -->","yoast_head_json":{"title":"Cong\u00e9lation des poches de plasma au centre EFS de Besan\u00e7on : une \u00e9tape cl\u00e9 du traitement des \u00e9chantillons - Froilabo","robots":{"index":"index","follow":"follow","max-snippet":"max-snippet:-1","max-image-preview":"max-image-preview:large","max-video-preview":"max-video-preview:-1"},"canonical":"https:\/\/www.froilabo.com\/fr\/congelation-des-poches-de-plasma-au-centre-efs-de-besancon-une-etape-cle-du-traitement-des-echantillons\/","og_locale":"fr_FR","og_type":"article","og_title":"Cong\u00e9lation des poches de plasma au centre EFS de Besan\u00e7on : une \u00e9tape cl\u00e9 du traitement des \u00e9chantillons - Froilabo","og_description":"Le centre de Besan\u00e7on de l&rsquo;\u00c9tablissement fran\u00e7ais du sang (EFS) fait partie du r\u00e9seau national EFS, institution publique charg\u00e9e d&rsquo;assurer l&rsquo;autosuffisance en produits sanguins labiles et de garantir leur qualit\u00e9 et leur s\u00e9curit\u00e9. Il englobe les activit\u00e9s de collecte, qualification biologique, pr\u00e9paration et distribution de produits sanguins destin\u00e9s aux \u00e9tablissements de sant\u00e9 de la r\u00e9gion [&hellip;]","og_url":"https:\/\/www.froilabo.com\/fr\/congelation-des-poches-de-plasma-au-centre-efs-de-besancon-une-etape-cle-du-traitement-des-echantillons\/","og_site_name":"Froilabo","twitter_card":"summary_large_image","twitter_misc":{"Dur\u00e9e de lecture estim\u00e9e":"2 minutes"},"schema":{"@context":"https:\/\/schema.org","@graph":[{"@type":"WebPage","@id":"https:\/\/www.froilabo.com\/fr\/congelation-des-poches-de-plasma-au-centre-efs-de-besancon-une-etape-cle-du-traitement-des-echantillons\/","url":"https:\/\/www.froilabo.com\/fr\/congelation-des-poches-de-plasma-au-centre-efs-de-besancon-une-etape-cle-du-traitement-des-echantillons\/","name":"Cong\u00e9lation des poches de plasma au centre EFS de Besan\u00e7on : une \u00e9tape cl\u00e9 du traitement des \u00e9chantillons - Froilabo","isPartOf":{"@id":"https:\/\/www.froilabo.com\/fr\/#website"},"datePublished":"2025-11-27T09:13:46+00:00","breadcrumb":{"@id":"https:\/\/www.froilabo.com\/fr\/congelation-des-poches-de-plasma-au-centre-efs-de-besancon-une-etape-cle-du-traitement-des-echantillons\/#breadcrumb"},"inLanguage":"fr-FR","potentialAction":[{"@type":"ReadAction","target":["https:\/\/www.froilabo.com\/fr\/congelation-des-poches-de-plasma-au-centre-efs-de-besancon-une-etape-cle-du-traitement-des-echantillons\/"]}]},{"@type":"BreadcrumbList","@id":"https:\/\/www.froilabo.com\/fr\/congelation-des-poches-de-plasma-au-centre-efs-de-besancon-une-etape-cle-du-traitement-des-echantillons\/#breadcrumb","itemListElement":[{"@type":"ListItem","position":1,"name":"Home","item":"https:\/\/www.froilabo.com\/fr\/home\/"},{"@type":"ListItem","position":2,"name":"Cong\u00e9lation des poches de plasma au centre EFS de Besan\u00e7on : une \u00e9tape cl\u00e9 du traitement des \u00e9chantillons"}]},{"@type":"WebSite","@id":"https:\/\/www.froilabo.com\/fr\/#website","url":"https:\/\/www.froilabo.com\/fr\/","name":"Froilabo","description":"Precision for life","potentialAction":[{"@type":"SearchAction","target":{"@type":"EntryPoint","urlTemplate":"https:\/\/www.froilabo.com\/fr\/?s={search_term_string}"},"query-input":{"@type":"PropertyValueSpecification","valueRequired":true,"valueName":"search_term_string"}}],"inLanguage":"fr-FR"}]}},"_links":{"self":[{"href":"https:\/\/www.froilabo.com\/fr\/wp-json\/wp\/v2\/pages\/16159","targetHints":{"allow":["GET"]}}],"collection":[{"href":"https:\/\/www.froilabo.com\/fr\/wp-json\/wp\/v2\/pages"}],"about":[{"href":"https:\/\/www.froilabo.com\/fr\/wp-json\/wp\/v2\/types\/page"}],"author":[{"embeddable":true,"href":"https:\/\/www.froilabo.com\/fr\/wp-json\/wp\/v2\/users\/50"}],"replies":[{"embeddable":true,"href":"https:\/\/www.froilabo.com\/fr\/wp-json\/wp\/v2\/comments?post=16159"}],"version-history":[{"count":0,"href":"https:\/\/www.froilabo.com\/fr\/wp-json\/wp\/v2\/pages\/16159\/revisions"}],"wp:attachment":[{"href":"https:\/\/www.froilabo.com\/fr\/wp-json\/wp\/v2\/media?parent=16159"}],"curies":[{"name":"wp","href":"https:\/\/api.w.org\/{rel}","templated":true}]}}