{"id":15997,"date":"2025-11-25T15:09:22","date_gmt":"2025-11-25T15:09:22","guid":{"rendered":"https:\/\/www.froilabo.com\/politique-de-confidentialite\/"},"modified":"2025-11-25T15:09:22","modified_gmt":"2025-11-25T15:09:22","slug":"politique-de-confidentialite","status":"publish","type":"page","link":"https:\/\/www.froilabo.com\/fr\/politique-de-confidentialite\/","title":{"rendered":"Politique de confidentialit\u00e9"},"content":{"rendered":"<p class=\"p1\">Cette politique de confidentialit\u00e9 d\u00e9finit la mani\u00e8re dont Froilabo utilise et prot\u00e8ge les informations que vous nous communiquez lorsque vous utilisez ce site web. Chez Froilabo, nous nous engageons \u00e0 garantir la protection de votre vie priv\u00e9e. Si nous vous demandons de fournir certaines informations permettant de vous identifier lors de l&rsquo;utilisation de ce site web, vous pouvez \u00eatre assur\u00e9 qu&rsquo;elles ne seront utilis\u00e9es que conform\u00e9ment \u00e0 la pr\u00e9sente d\u00e9claration de confidentialit\u00e9. Froilabo peut modifier cette politique de temps \u00e0 autre en mettant \u00e0 jour cette page. Nous vous conseillons de consulter cette page pour vous assurer que les modifications vous conviennent.    <\/p>\n<h4 class=\"p1\"><b>Ce que nous collectons<\/b><\/h4>\n<p class=\"p1\">Nous pouvons collecter les informations suivantes :<\/p>\n<ul class=\"ul1\">\n<li class=\"li1\">Nom<\/li>\n<li class=\"li1\">Coordonn\u00e9es, y compris l&rsquo;adresse \u00e9lectronique<\/li>\n<li class=\"li1\">Informations d\u00e9mographiques telles que le code postal, les pr\u00e9f\u00e9rences et les int\u00e9r\u00eats<\/li>\n<li class=\"li1\">Autres informations pertinentes pour les enqu\u00eates aupr\u00e8s des clients et\/ou les offres<\/li>\n<\/ul>\n<h4 class=\"p1\"><b>Ce que nous faisons avec les informations que nous recueillons<\/b><\/h4>\n<p class=\"p1\">Nous avons besoin de ces informations pour comprendre vos besoins et vous fournir un meilleur service, et en particulier pour les raisons suivantes :<\/p>\n<ul class=\"ul1\">\n<li class=\"li1\">Tenue de registres internes.<\/li>\n<li class=\"li1\">Pour les demandes de renseignements sur les produits, il peut \u00eatre n\u00e9cessaire de transmettre vos coordonn\u00e9es \u00e0 nos distributeurs locaux afin de traiter votre demande.<\/li>\n<li class=\"li1\">Nous pouvons utiliser ces informations pour am\u00e9liorer nos produits et services.<\/li>\n<li class=\"li1\">Nous pouvons p\u00e9riodiquement envoyer des courriels promotionnels concernant de nouveaux produits, des offres sp\u00e9ciales ou d&rsquo;autres informations susceptibles de vous int\u00e9resser, en utilisant l&rsquo;adresse \u00e9lectronique que vous nous avez fournie.<\/li>\n<\/ul>\n<h4 class=\"p1\"><b>S\u00e9curit\u00e9<\/b><\/h4>\n<p class=\"p1\">Nous nous engageons \u00e0 garantir la s\u00e9curit\u00e9 de vos informations. Afin d&#8217;emp\u00eacher tout acc\u00e8s ou divulgation non autoris\u00e9s, nous avons mis en place des proc\u00e9dures physiques, \u00e9lectroniques et de gestion appropri\u00e9es pour sauvegarder et s\u00e9curiser les informations que nous recueillons en ligne. <\/p>\n<h4 class=\"p1\"><b>Liens vers d&rsquo;autres sites web<\/b><\/h4>\n<p class=\"p1\">Notre site web peut contenir des liens vers d&rsquo;autres sites web d&rsquo;int\u00e9r\u00eat. Toutefois, une fois que vous avez utilis\u00e9 ces liens pour quitter notre site, vous devez savoir que nous n&rsquo;avons aucun contr\u00f4le sur cet autre site web. Par cons\u00e9quent, nous ne pouvons \u00eatre tenus responsables de la protection et de la confidentialit\u00e9 des informations que vous fournissez lors de la visite de ces sites, et ces sites ne sont pas r\u00e9gis par la pr\u00e9sente d\u00e9claration de confidentialit\u00e9. Nous vous conseillons de faire preuve de prudence et de consulter la d\u00e9claration de confidentialit\u00e9 applicable au site web en question.   <\/p>\n<h4 class=\"p1\"><b>Contr\u00f4le de vos informations personnelles<\/b><\/h4>\n<p class=\"p1\">Nous ne vendrons, ne distribuerons ni ne louerons vos informations personnelles \u00e0 des tiers, sauf si nous avons votre autorisation ou si la loi nous y oblige. Nous pouvons utiliser vos informations personnelles pour vous envoyer des informations promotionnelles sur des tiers qui, selon nous, pourraient vous int\u00e9resser, si vous nous indiquez que vous souhaitez que cela se produise. <\/p>\n<p class=\"p1\">Vous pouvez demander des d\u00e9tails sur les informations personnelles que nous d\u00e9tenons \u00e0 votre sujet en vertu de la loi de 1998 sur la protection des donn\u00e9es (Data Protection Act 1998). Une somme modique sera exigible. Si vous souhaitez obtenir une copie des informations que nous d\u00e9tenons sur vous, veuillez \u00e9crire \u00e0 Froilabo.  <\/p>\n<p class=\"p1\">Si vous pensez que les informations que nous d\u00e9tenons sur vous sont incorrectes ou incompl\u00e8tes, veuillez nous \u00e9crire ou nous envoyer un courriel d\u00e8s que possible, \u00e0 l&rsquo;adresse ci-dessus. Nous corrigerons rapidement toute information jug\u00e9e incorrecte. <\/p>\n<p class=\"p1\">\n","protected":false},"excerpt":{"rendered":"<p>Cette politique de confidentialit\u00e9 d\u00e9finit la mani\u00e8re dont Froilabo utilise et prot\u00e8ge les informations que vous nous communiquez lorsque vous utilisez ce site web. Chez Froilabo, nous nous engageons \u00e0 garantir la protection de votre vie priv\u00e9e. Si nous vous demandons de fournir certaines informations permettant de vous identifier lors de l&rsquo;utilisation de ce site [&hellip;]<\/p>\n","protected":false},"author":53,"featured_media":0,"parent":0,"menu_order":0,"comment_status":"closed","ping_status":"closed","template":"","meta":{"_acf_changed":false,"footnotes":""},"class_list":["post-15997","page","type-page","status-publish","hentry"],"acf":{"rf_hero_type":"custom","rf_hero_vertpos":"50","rf_hero_horizpos":"50","rf_hero_textcol":"light","rf_hero_bgcol":"white","rf_hero_tint":false,"rf_hero_image":{"ID":4314,"id":4314,"title":"PRIVACY","filename":"PRIVACY.jpg","filesize":194021,"url":"https:\/\/www.froilabo.com\/wp-content\/uploads\/2021\/08\/PRIVACY.jpg","link":"https:\/\/www.froilabo.com\/fr\/privacy-2\/","alt":"","author":"4","description":"","caption":"","name":"privacy-2","status":"inherit","uploaded_to":0,"date":"2021-08-25 11:32:20","modified":"2021-10-21 15:48:31","menu_order":0,"mime_type":"image\/jpeg","type":"image","subtype":"jpeg","icon":"https:\/\/www.froilabo.com\/wp-includes\/images\/media\/default.png","width":2000,"height":1000,"sizes":{"thumbnail":"https:\/\/www.froilabo.com\/wp-content\/uploads\/2021\/08\/PRIVACY-150x150-1.jpg","thumbnail-width":150,"thumbnail-height":150,"medium":"https:\/\/www.froilabo.com\/wp-content\/uploads\/2021\/08\/PRIVACY-300x150-1.jpg","medium-width":300,"medium-height":150,"medium_large":"https:\/\/www.froilabo.com\/wp-content\/uploads\/2021\/08\/PRIVACY-768x384-1.jpg","medium_large-width":768,"medium_large-height":384,"large":"https:\/\/www.froilabo.com\/wp-content\/uploads\/2021\/08\/PRIVACY-1024x512-1.jpg","large-width":1024,"large-height":512,"1536x1536":"https:\/\/www.froilabo.com\/wp-content\/uploads\/2021\/08\/PRIVACY-1536x768-1.jpg","1536x1536-width":1536,"1536x1536-height":768,"2048x2048":"https:\/\/www.froilabo.com\/wp-content\/uploads\/2021\/08\/PRIVACY.jpg","2048x2048-width":2000,"2048x2048-height":1000,"gform-image-choice-sm":"https:\/\/www.froilabo.com\/wp-content\/uploads\/2021\/08\/PRIVACY.jpg","gform-image-choice-sm-width":300,"gform-image-choice-sm-height":150,"gform-image-choice-md":"https:\/\/www.froilabo.com\/wp-content\/uploads\/2021\/08\/PRIVACY.jpg","gform-image-choice-md-width":400,"gform-image-choice-md-height":200,"gform-image-choice-lg":"https:\/\/www.froilabo.com\/wp-content\/uploads\/2021\/08\/PRIVACY.jpg","gform-image-choice-lg-width":600,"gform-image-choice-lg-height":300}},"rf_hero_height":"default","rf_hero_title_hide":false,"rf_hero_title":"Confidentialit\u00e9"},"yoast_head":"<!-- This site is optimized with the Yoast SEO plugin v27.3 - https:\/\/yoast.com\/product\/yoast-seo-wordpress\/ -->\n<title>Politique de confidentialit\u00e9 - Froilabo<\/title>\n<meta name=\"robots\" content=\"index, follow, max-snippet:-1, max-image-preview:large, max-video-preview:-1\" \/>\n<link rel=\"canonical\" href=\"https:\/\/www.froilabo.com\/fr\/politique-de-confidentialite\/\" \/>\n<meta property=\"og:locale\" content=\"fr_FR\" \/>\n<meta property=\"og:type\" content=\"article\" \/>\n<meta property=\"og:title\" content=\"Politique de confidentialit\u00e9 - Froilabo\" \/>\n<meta property=\"og:description\" content=\"Cette politique de confidentialit\u00e9 d\u00e9finit la mani\u00e8re dont Froilabo utilise et prot\u00e8ge les informations que vous nous communiquez lorsque vous utilisez ce site web. Chez Froilabo, nous nous engageons \u00e0 garantir la protection de votre vie priv\u00e9e. Si nous vous demandons de fournir certaines informations permettant de vous identifier lors de l&rsquo;utilisation de ce site [&hellip;]\" \/>\n<meta property=\"og:url\" content=\"https:\/\/www.froilabo.com\/fr\/politique-de-confidentialite\/\" \/>\n<meta property=\"og:site_name\" content=\"Froilabo\" \/>\n<meta name=\"twitter:card\" content=\"summary_large_image\" \/>\n<meta name=\"twitter:label1\" content=\"Dur\u00e9e de lecture estim\u00e9e\" \/>\n\t<meta name=\"twitter:data1\" content=\"3 minutes\" \/>\n<script type=\"application\/ld+json\" class=\"yoast-schema-graph\">{\"@context\":\"https:\\\/\\\/schema.org\",\"@graph\":[{\"@type\":\"WebPage\",\"@id\":\"https:\\\/\\\/www.froilabo.com\\\/fr\\\/politique-de-confidentialite\\\/\",\"url\":\"https:\\\/\\\/www.froilabo.com\\\/fr\\\/politique-de-confidentialite\\\/\",\"name\":\"Politique de confidentialit\u00e9 - Froilabo\",\"isPartOf\":{\"@id\":\"https:\\\/\\\/www.froilabo.com\\\/fr\\\/#website\"},\"datePublished\":\"2025-11-25T15:09:22+00:00\",\"breadcrumb\":{\"@id\":\"https:\\\/\\\/www.froilabo.com\\\/fr\\\/politique-de-confidentialite\\\/#breadcrumb\"},\"inLanguage\":\"fr-FR\",\"potentialAction\":[{\"@type\":\"ReadAction\",\"target\":[\"https:\\\/\\\/www.froilabo.com\\\/fr\\\/politique-de-confidentialite\\\/\"]}]},{\"@type\":\"BreadcrumbList\",\"@id\":\"https:\\\/\\\/www.froilabo.com\\\/fr\\\/politique-de-confidentialite\\\/#breadcrumb\",\"itemListElement\":[{\"@type\":\"ListItem\",\"position\":1,\"name\":\"Home\",\"item\":\"https:\\\/\\\/www.froilabo.com\\\/fr\\\/home\\\/\"},{\"@type\":\"ListItem\",\"position\":2,\"name\":\"Politique de confidentialit\u00e9\"}]},{\"@type\":\"WebSite\",\"@id\":\"https:\\\/\\\/www.froilabo.com\\\/fr\\\/#website\",\"url\":\"https:\\\/\\\/www.froilabo.com\\\/fr\\\/\",\"name\":\"Froilabo\",\"description\":\"Precision for life\",\"potentialAction\":[{\"@type\":\"SearchAction\",\"target\":{\"@type\":\"EntryPoint\",\"urlTemplate\":\"https:\\\/\\\/www.froilabo.com\\\/fr\\\/?s={search_term_string}\"},\"query-input\":{\"@type\":\"PropertyValueSpecification\",\"valueRequired\":true,\"valueName\":\"search_term_string\"}}],\"inLanguage\":\"fr-FR\"}]}<\/script>\n<!-- \/ Yoast SEO plugin. -->","yoast_head_json":{"title":"Politique de confidentialit\u00e9 - Froilabo","robots":{"index":"index","follow":"follow","max-snippet":"max-snippet:-1","max-image-preview":"max-image-preview:large","max-video-preview":"max-video-preview:-1"},"canonical":"https:\/\/www.froilabo.com\/fr\/politique-de-confidentialite\/","og_locale":"fr_FR","og_type":"article","og_title":"Politique de confidentialit\u00e9 - Froilabo","og_description":"Cette politique de confidentialit\u00e9 d\u00e9finit la mani\u00e8re dont Froilabo utilise et prot\u00e8ge les informations que vous nous communiquez lorsque vous utilisez ce site web. Chez Froilabo, nous nous engageons \u00e0 garantir la protection de votre vie priv\u00e9e. Si nous vous demandons de fournir certaines informations permettant de vous identifier lors de l&rsquo;utilisation de ce site [&hellip;]","og_url":"https:\/\/www.froilabo.com\/fr\/politique-de-confidentialite\/","og_site_name":"Froilabo","twitter_card":"summary_large_image","twitter_misc":{"Dur\u00e9e de lecture estim\u00e9e":"3 minutes"},"schema":{"@context":"https:\/\/schema.org","@graph":[{"@type":"WebPage","@id":"https:\/\/www.froilabo.com\/fr\/politique-de-confidentialite\/","url":"https:\/\/www.froilabo.com\/fr\/politique-de-confidentialite\/","name":"Politique de confidentialit\u00e9 - Froilabo","isPartOf":{"@id":"https:\/\/www.froilabo.com\/fr\/#website"},"datePublished":"2025-11-25T15:09:22+00:00","breadcrumb":{"@id":"https:\/\/www.froilabo.com\/fr\/politique-de-confidentialite\/#breadcrumb"},"inLanguage":"fr-FR","potentialAction":[{"@type":"ReadAction","target":["https:\/\/www.froilabo.com\/fr\/politique-de-confidentialite\/"]}]},{"@type":"BreadcrumbList","@id":"https:\/\/www.froilabo.com\/fr\/politique-de-confidentialite\/#breadcrumb","itemListElement":[{"@type":"ListItem","position":1,"name":"Home","item":"https:\/\/www.froilabo.com\/fr\/home\/"},{"@type":"ListItem","position":2,"name":"Politique de confidentialit\u00e9"}]},{"@type":"WebSite","@id":"https:\/\/www.froilabo.com\/fr\/#website","url":"https:\/\/www.froilabo.com\/fr\/","name":"Froilabo","description":"Precision for life","potentialAction":[{"@type":"SearchAction","target":{"@type":"EntryPoint","urlTemplate":"https:\/\/www.froilabo.com\/fr\/?s={search_term_string}"},"query-input":{"@type":"PropertyValueSpecification","valueRequired":true,"valueName":"search_term_string"}}],"inLanguage":"fr-FR"}]}},"_links":{"self":[{"href":"https:\/\/www.froilabo.com\/fr\/wp-json\/wp\/v2\/pages\/15997","targetHints":{"allow":["GET"]}}],"collection":[{"href":"https:\/\/www.froilabo.com\/fr\/wp-json\/wp\/v2\/pages"}],"about":[{"href":"https:\/\/www.froilabo.com\/fr\/wp-json\/wp\/v2\/types\/page"}],"author":[{"embeddable":true,"href":"https:\/\/www.froilabo.com\/fr\/wp-json\/wp\/v2\/users\/53"}],"replies":[{"embeddable":true,"href":"https:\/\/www.froilabo.com\/fr\/wp-json\/wp\/v2\/comments?post=15997"}],"version-history":[{"count":0,"href":"https:\/\/www.froilabo.com\/fr\/wp-json\/wp\/v2\/pages\/15997\/revisions"}],"wp:attachment":[{"href":"https:\/\/www.froilabo.com\/fr\/wp-json\/wp\/v2\/media?parent=15997"}],"curies":[{"name":"wp","href":"https:\/\/api.w.org\/{rel}","templated":true}]}}