{"id":15995,"date":"2025-11-25T15:09:15","date_gmt":"2025-11-25T15:09:15","guid":{"rendered":"https:\/\/www.froilabo.com\/applications\/"},"modified":"2025-11-25T15:09:15","modified_gmt":"2025-11-25T15:09:15","slug":"applications","status":"publish","type":"page","link":"https:\/\/www.froilabo.com\/fr\/applications\/","title":{"rendered":"Applications"},"content":{"rendered":"<p>Enti\u00e8rement accr\u00e9dit\u00e9s selon les normes europ\u00e9ennes, la gamme de Cong\u00e9lateurs de Laboratoire, Chambres Climatiques et G\u00e9n\u00e9rateurs d&rsquo;Air de Froilabo peut \u00eatre utilis\u00e9e dans un large \u00e9ventail d&rsquo;applications. Offrant une tranquillit\u00e9 d&rsquo;esprit totale, nos produits sont soutenus par un service client et un support exceptionnels. Parcourez par secteur d&rsquo;activit\u00e9 et trouvez l&rsquo;instrument adapt\u00e9, au bon prix, pour r\u00e9pondre \u00e0 vos exigences.  <\/p>\n<ul style=\"list-style-type: disc;\">\n<li><a href=\"https:\/\/www.froilabo.com\/fr\/applications\/recherche\/\">Recherche<\/a><\/li>\n<li><a href=\"https:\/\/www.froilabo.com\/fr\/applications\/medical-pharmaceutique\/\">M\u00e9dical\/pharmaceutique<\/a><\/li>\n<li><a href=\"https:\/\/www.froilabo.com\/fr\/applications\/aeronautique-electronique\/\">A\u00e9ronautique\/\u00e9lectronique<\/a><\/li>\n<li><a href=\"https:\/\/www.froilabo.com\/fr\/applications\/industrie\/\">Industrie<\/a><\/li>\n<li><a href=\"https:\/\/www.froilabo.com\/fr\/applications\/agroalimentaire\/\">Alimentaire<\/a><\/li>\n<\/ul>\n","protected":false},"excerpt":{"rendered":"<p>Enti\u00e8rement accr\u00e9dit\u00e9s selon les normes europ\u00e9ennes, la gamme de Cong\u00e9lateurs de Laboratoire, Chambres Climatiques et G\u00e9n\u00e9rateurs d&rsquo;Air de Froilabo peut \u00eatre utilis\u00e9e dans un large \u00e9ventail d&rsquo;applications. Offrant une tranquillit\u00e9 d&rsquo;esprit totale, nos produits sont soutenus par un service client et un support exceptionnels. Parcourez par secteur d&rsquo;activit\u00e9 et trouvez l&rsquo;instrument adapt\u00e9, au bon prix, [&hellip;]<\/p>\n","protected":false},"author":53,"featured_media":0,"parent":0,"menu_order":0,"comment_status":"closed","ping_status":"closed","template":"","meta":{"_acf_changed":false,"footnotes":""},"class_list":["post-15995","page","type-page","status-publish","hentry"],"acf":{"rf_hero_type":"custom","rf_hero_vertpos":"50","rf_hero_horizpos":"50","rf_hero_textcol":"light","rf_hero_bgcol":"white","rf_hero_tint":false,"rf_hero_image":{"ID":5152,"id":5152,"title":"HOME_LANDING_IMAGE_5","filename":"HOME_LANDING_IMAGE_5.jpg","filesize":222302,"url":"https:\/\/www.froilabo.com\/wp-content\/uploads\/2021\/08\/HOME_LANDING_IMAGE_5.jpg","link":"https:\/\/www.froilabo.com\/fr\/?attachment_id=5152","alt":"","author":"4","description":"","caption":"","name":"home_landing_image_5-2-2","status":"inherit","uploaded_to":4645,"date":"2021-09-02 14:41:59","modified":"2021-10-21 16:37:28","menu_order":0,"mime_type":"image\/jpeg","type":"image","subtype":"jpeg","icon":"https:\/\/www.froilabo.com\/wp-includes\/images\/media\/default.png","width":2000,"height":1000,"sizes":{"thumbnail":"https:\/\/www.froilabo.com\/wp-content\/uploads\/2021\/08\/HOME_LANDING_IMAGE_5-150x150-1.jpg","thumbnail-width":150,"thumbnail-height":150,"medium":"https:\/\/www.froilabo.com\/wp-content\/uploads\/2021\/08\/HOME_LANDING_IMAGE_5-300x150-1.jpg","medium-width":300,"medium-height":150,"medium_large":"https:\/\/www.froilabo.com\/wp-content\/uploads\/2021\/08\/HOME_LANDING_IMAGE_5-768x384-1.jpg","medium_large-width":768,"medium_large-height":384,"large":"https:\/\/www.froilabo.com\/wp-content\/uploads\/2021\/08\/HOME_LANDING_IMAGE_5-1024x512-1.jpg","large-width":1024,"large-height":512,"1536x1536":"https:\/\/www.froilabo.com\/wp-content\/uploads\/2021\/08\/HOME_LANDING_IMAGE_5-1536x768-1.jpg","1536x1536-width":1536,"1536x1536-height":768,"2048x2048":"https:\/\/www.froilabo.com\/wp-content\/uploads\/2021\/08\/HOME_LANDING_IMAGE_5.jpg","2048x2048-width":2000,"2048x2048-height":1000,"gform-image-choice-sm":"https:\/\/www.froilabo.com\/wp-content\/uploads\/2021\/08\/HOME_LANDING_IMAGE_5.jpg","gform-image-choice-sm-width":300,"gform-image-choice-sm-height":150,"gform-image-choice-md":"https:\/\/www.froilabo.com\/wp-content\/uploads\/2021\/08\/HOME_LANDING_IMAGE_5.jpg","gform-image-choice-md-width":400,"gform-image-choice-md-height":200,"gform-image-choice-lg":"https:\/\/www.froilabo.com\/wp-content\/uploads\/2021\/08\/HOME_LANDING_IMAGE_5.jpg","gform-image-choice-lg-width":600,"gform-image-choice-lg-height":300}},"rf_hero_height":"default","rf_hero_title_hide":false},"yoast_head":"<!-- This site is optimized with the Yoast SEO plugin v27.3 - https:\/\/yoast.com\/product\/yoast-seo-wordpress\/ -->\n<title>Cong\u00e9lateurs de Laboratoire | Chambres Climatiques | G\u00e9n\u00e9rateurs d&#039;Air pour Laboratoires<\/title>\n<meta name=\"description\" content=\"D\u00e9couvrez la gamme \u00e9tendue d&#039;\u00e9quipements de contr\u00f4le de temp\u00e9rature pour laboratoires de Froilabo : Cong\u00e9lateurs de Laboratoire, Chambres Climatiques et G\u00e9n\u00e9rateurs d&#039;Air.\" \/>\n<meta name=\"robots\" content=\"index, follow, max-snippet:-1, max-image-preview:large, max-video-preview:-1\" \/>\n<link rel=\"canonical\" href=\"https:\/\/www.froilabo.com\/fr\/applications\/\" \/>\n<meta property=\"og:locale\" content=\"fr_FR\" \/>\n<meta property=\"og:type\" content=\"article\" \/>\n<meta property=\"og:title\" content=\"Cong\u00e9lateurs de Laboratoire | Chambres Climatiques | G\u00e9n\u00e9rateurs d&#039;Air pour Laboratoires\" \/>\n<meta property=\"og:description\" content=\"D\u00e9couvrez la gamme \u00e9tendue d&#039;\u00e9quipements de contr\u00f4le de temp\u00e9rature pour laboratoires de Froilabo : Cong\u00e9lateurs de Laboratoire, Chambres Climatiques et G\u00e9n\u00e9rateurs d&#039;Air.\" \/>\n<meta property=\"og:url\" content=\"https:\/\/www.froilabo.com\/fr\/applications\/\" \/>\n<meta property=\"og:site_name\" content=\"Froilabo\" \/>\n<meta name=\"twitter:card\" content=\"summary_large_image\" \/>\n<script type=\"application\/ld+json\" class=\"yoast-schema-graph\">{\"@context\":\"https:\\\/\\\/schema.org\",\"@graph\":[{\"@type\":\"WebPage\",\"@id\":\"https:\\\/\\\/www.froilabo.com\\\/fr\\\/applications\\\/\",\"url\":\"https:\\\/\\\/www.froilabo.com\\\/fr\\\/applications\\\/\",\"name\":\"Cong\u00e9lateurs de Laboratoire | Chambres Climatiques | G\u00e9n\u00e9rateurs d'Air pour Laboratoires\",\"isPartOf\":{\"@id\":\"https:\\\/\\\/www.froilabo.com\\\/fr\\\/#website\"},\"datePublished\":\"2025-11-25T15:09:15+00:00\",\"description\":\"D\u00e9couvrez la gamme \u00e9tendue d'\u00e9quipements de contr\u00f4le de temp\u00e9rature pour laboratoires de Froilabo : Cong\u00e9lateurs de Laboratoire, Chambres Climatiques et G\u00e9n\u00e9rateurs d'Air.\",\"breadcrumb\":{\"@id\":\"https:\\\/\\\/www.froilabo.com\\\/fr\\\/applications\\\/#breadcrumb\"},\"inLanguage\":\"fr-FR\",\"potentialAction\":[{\"@type\":\"ReadAction\",\"target\":[\"https:\\\/\\\/www.froilabo.com\\\/fr\\\/applications\\\/\"]}]},{\"@type\":\"BreadcrumbList\",\"@id\":\"https:\\\/\\\/www.froilabo.com\\\/fr\\\/applications\\\/#breadcrumb\",\"itemListElement\":[{\"@type\":\"ListItem\",\"position\":1,\"name\":\"Home\",\"item\":\"https:\\\/\\\/www.froilabo.com\\\/fr\\\/home\\\/\"},{\"@type\":\"ListItem\",\"position\":2,\"name\":\"Applications\"}]},{\"@type\":\"WebSite\",\"@id\":\"https:\\\/\\\/www.froilabo.com\\\/fr\\\/#website\",\"url\":\"https:\\\/\\\/www.froilabo.com\\\/fr\\\/\",\"name\":\"Froilabo\",\"description\":\"Precision for life\",\"potentialAction\":[{\"@type\":\"SearchAction\",\"target\":{\"@type\":\"EntryPoint\",\"urlTemplate\":\"https:\\\/\\\/www.froilabo.com\\\/fr\\\/?s={search_term_string}\"},\"query-input\":{\"@type\":\"PropertyValueSpecification\",\"valueRequired\":true,\"valueName\":\"search_term_string\"}}],\"inLanguage\":\"fr-FR\"}]}<\/script>\n<!-- \/ Yoast SEO plugin. -->","yoast_head_json":{"title":"Cong\u00e9lateurs de Laboratoire | Chambres Climatiques | G\u00e9n\u00e9rateurs d'Air pour Laboratoires","description":"D\u00e9couvrez la gamme \u00e9tendue d'\u00e9quipements de contr\u00f4le de temp\u00e9rature pour laboratoires de Froilabo : Cong\u00e9lateurs de Laboratoire, Chambres Climatiques et G\u00e9n\u00e9rateurs d'Air.","robots":{"index":"index","follow":"follow","max-snippet":"max-snippet:-1","max-image-preview":"max-image-preview:large","max-video-preview":"max-video-preview:-1"},"canonical":"https:\/\/www.froilabo.com\/fr\/applications\/","og_locale":"fr_FR","og_type":"article","og_title":"Cong\u00e9lateurs de Laboratoire | Chambres Climatiques | G\u00e9n\u00e9rateurs d'Air pour Laboratoires","og_description":"D\u00e9couvrez la gamme \u00e9tendue d'\u00e9quipements de contr\u00f4le de temp\u00e9rature pour laboratoires de Froilabo : Cong\u00e9lateurs de Laboratoire, Chambres Climatiques et G\u00e9n\u00e9rateurs d'Air.","og_url":"https:\/\/www.froilabo.com\/fr\/applications\/","og_site_name":"Froilabo","twitter_card":"summary_large_image","schema":{"@context":"https:\/\/schema.org","@graph":[{"@type":"WebPage","@id":"https:\/\/www.froilabo.com\/fr\/applications\/","url":"https:\/\/www.froilabo.com\/fr\/applications\/","name":"Cong\u00e9lateurs de Laboratoire | Chambres Climatiques | G\u00e9n\u00e9rateurs d'Air pour Laboratoires","isPartOf":{"@id":"https:\/\/www.froilabo.com\/fr\/#website"},"datePublished":"2025-11-25T15:09:15+00:00","description":"D\u00e9couvrez la gamme \u00e9tendue d'\u00e9quipements de contr\u00f4le de temp\u00e9rature pour laboratoires de Froilabo : Cong\u00e9lateurs de Laboratoire, Chambres Climatiques et G\u00e9n\u00e9rateurs d'Air.","breadcrumb":{"@id":"https:\/\/www.froilabo.com\/fr\/applications\/#breadcrumb"},"inLanguage":"fr-FR","potentialAction":[{"@type":"ReadAction","target":["https:\/\/www.froilabo.com\/fr\/applications\/"]}]},{"@type":"BreadcrumbList","@id":"https:\/\/www.froilabo.com\/fr\/applications\/#breadcrumb","itemListElement":[{"@type":"ListItem","position":1,"name":"Home","item":"https:\/\/www.froilabo.com\/fr\/home\/"},{"@type":"ListItem","position":2,"name":"Applications"}]},{"@type":"WebSite","@id":"https:\/\/www.froilabo.com\/fr\/#website","url":"https:\/\/www.froilabo.com\/fr\/","name":"Froilabo","description":"Precision for life","potentialAction":[{"@type":"SearchAction","target":{"@type":"EntryPoint","urlTemplate":"https:\/\/www.froilabo.com\/fr\/?s={search_term_string}"},"query-input":{"@type":"PropertyValueSpecification","valueRequired":true,"valueName":"search_term_string"}}],"inLanguage":"fr-FR"}]}},"_links":{"self":[{"href":"https:\/\/www.froilabo.com\/fr\/wp-json\/wp\/v2\/pages\/15995","targetHints":{"allow":["GET"]}}],"collection":[{"href":"https:\/\/www.froilabo.com\/fr\/wp-json\/wp\/v2\/pages"}],"about":[{"href":"https:\/\/www.froilabo.com\/fr\/wp-json\/wp\/v2\/types\/page"}],"author":[{"embeddable":true,"href":"https:\/\/www.froilabo.com\/fr\/wp-json\/wp\/v2\/users\/53"}],"replies":[{"embeddable":true,"href":"https:\/\/www.froilabo.com\/fr\/wp-json\/wp\/v2\/comments?post=15995"}],"version-history":[{"count":0,"href":"https:\/\/www.froilabo.com\/fr\/wp-json\/wp\/v2\/pages\/15995\/revisions"}],"wp:attachment":[{"href":"https:\/\/www.froilabo.com\/fr\/wp-json\/wp\/v2\/media?parent=15995"}],"curies":[{"name":"wp","href":"https:\/\/api.w.org\/{rel}","templated":true}]}}