{"id":15993,"date":"2025-11-25T15:09:11","date_gmt":"2025-11-25T15:09:11","guid":{"rendered":"https:\/\/www.froilabo.com\/conditions-generales\/"},"modified":"2025-11-25T15:09:11","modified_gmt":"2025-11-25T15:09:11","slug":"conditions-generales","status":"publish","type":"page","link":"https:\/\/www.froilabo.com\/fr\/conditions-generales\/","title":{"rendered":"Conditions g\u00e9n\u00e9rales"},"content":{"rendered":"<h4 class=\"p1\"><b>Conditions g\u00e9n\u00e9rales<\/b><\/h4>\n<p class=\"p1\">En utilisant le site web de Froilabo, vous \u00eates r\u00e9put\u00e9 avoir lu et accept\u00e9 les conditions g\u00e9n\u00e9rales suivantes :<\/p>\n<p class=\"p1\">La terminologie suivante s&rsquo;applique \u00e0 ces Conditions g\u00e9n\u00e9rales, \u00e0 la Politique de confidentialit\u00e9, \u00e0 la Clause de non-responsabilit\u00e9 et \u00e0 tout autre Accord : \u00ab Client \u00bb, \u00ab Vous \u00bb et \u00ab Votre \u00bb font r\u00e9f\u00e9rence \u00e0 vous, la personne acc\u00e9dant \u00e0 ce site web et acceptant les conditions g\u00e9n\u00e9rales de la Soci\u00e9t\u00e9. \u00ab La Soci\u00e9t\u00e9 \u00bb, \u00ab Nous-m\u00eames \u00bb, \u00ab Nous \u00bb et \u00ab Notre \u00bb, font r\u00e9f\u00e9rence \u00e0 notre Soci\u00e9t\u00e9. \u00ab Partie \u00bb, \u00ab Parties \u00bb ou \u00ab Nous \u00bb d\u00e9signent \u00e0 la fois le Client et nous-m\u00eames, ou soit le Client, soit nous-m\u00eames. Tous les termes se r\u00e9f\u00e8rent \u00e0 l&rsquo;offre, l&rsquo;acceptation et la contrepartie n\u00e9cessaires pour entreprendre le processus de notre assistance au Client de la mani\u00e8re la plus appropri\u00e9e, que ce soit par des r\u00e9unions formelles d&rsquo;une dur\u00e9e d\u00e9termin\u00e9e ou par tout autre moyen, dans le but expr\u00e8s de r\u00e9pondre aux besoins du Client concernant la fourniture des services\/produits d\u00e9clar\u00e9s de la Soci\u00e9t\u00e9, conform\u00e9ment au droit anglais en vigueur et sous r\u00e9serve de celui-ci. Toute utilisation de la terminologie ci-dessus ou d&rsquo;autres mots au singulier, au pluriel, en majuscules et\/ou il\/elle ou ils\/elles, sont consid\u00e9r\u00e9s comme interchangeables et donc comme se r\u00e9f\u00e9rant aux m\u00eames \u00e9l\u00e9ments.    <\/p>\n<h4 class=\"p1\"><b>Clause de non-responsabilit\u00e9<\/b><\/h4>\n<p class=\"p1\">Les informations sur ce site web sont fournies \u00ab en l&rsquo;\u00e9tat \u00bb. Dans toute la mesure permise par la loi, cette Soci\u00e9t\u00e9 : \u2013 exclut toutes les d\u00e9clarations et garanties relatives \u00e0 ce site web et son contenu ou qui sont ou pourraient \u00eatre fournies par des affili\u00e9s ou tout autre tiers, y compris en ce qui concerne toute inexactitude ou omission dans ce site web et\/ou la documentation de la Soci\u00e9t\u00e9 ; et <\/p>\n<p class=\"p1\">\u2013 exclut toute responsabilit\u00e9 pour les dommages r\u00e9sultant de ou en relation avec votre utilisation de ce site web. Cela inclut, sans limitation, les pertes directes, la perte d&rsquo;activit\u00e9 ou de b\u00e9n\u00e9fices (que la perte de tels b\u00e9n\u00e9fices ait \u00e9t\u00e9 pr\u00e9visible, qu&rsquo;elle soit survenue dans le cours normal des choses ou que vous ayez inform\u00e9 cette Soci\u00e9t\u00e9 de la possibilit\u00e9 d&rsquo;une telle perte potentielle), les dommages caus\u00e9s \u00e0 votre ordinateur, aux logiciels, aux syst\u00e8mes et programmes informatiques et aux donn\u00e9es qui s&rsquo;y trouvent ou tout autre dommage direct ou indirect, cons\u00e9cutif et accessoire. <\/p>\n<p class=\"p1\">Froilabo n&rsquo;exclut cependant pas sa responsabilit\u00e9 en cas de d\u00e9c\u00e8s ou de dommages corporels caus\u00e9s par sa n\u00e9gligence. Les exclusions et limitations ci-dessus ne s&rsquo;appliquent que dans la mesure permise par la loi. Aucun de vos droits statutaires en tant que consommateur n&rsquo;est affect\u00e9.  <\/p>\n","protected":false},"excerpt":{"rendered":"<p>Conditions g\u00e9n\u00e9rales En utilisant le site web de Froilabo, vous \u00eates r\u00e9put\u00e9 avoir lu et accept\u00e9 les conditions g\u00e9n\u00e9rales suivantes : La terminologie suivante s&rsquo;applique \u00e0 ces Conditions g\u00e9n\u00e9rales, \u00e0 la Politique de confidentialit\u00e9, \u00e0 la Clause de non-responsabilit\u00e9 et \u00e0 tout autre Accord : \u00ab Client \u00bb, \u00ab Vous \u00bb et \u00ab Votre \u00bb [&hellip;]<\/p>\n","protected":false},"author":53,"featured_media":0,"parent":0,"menu_order":0,"comment_status":"closed","ping_status":"closed","template":"","meta":{"_acf_changed":false,"footnotes":""},"class_list":["post-15993","page","type-page","status-publish","hentry"],"acf":{"rf_hero_type":"custom","rf_hero_vertpos":"50","rf_hero_horizpos":"50","rf_hero_textcol":"light","rf_hero_bgcol":"white","rf_hero_tint":false,"rf_hero_image":{"ID":4314,"id":4314,"title":"PRIVACY","filename":"PRIVACY.jpg","filesize":194021,"url":"https:\/\/www.froilabo.com\/wp-content\/uploads\/2021\/08\/PRIVACY.jpg","link":"https:\/\/www.froilabo.com\/fr\/privacy-2\/","alt":"","author":"4","description":"","caption":"","name":"privacy-2","status":"inherit","uploaded_to":0,"date":"2021-08-25 11:32:20","modified":"2021-10-21 15:48:31","menu_order":0,"mime_type":"image\/jpeg","type":"image","subtype":"jpeg","icon":"https:\/\/www.froilabo.com\/wp-includes\/images\/media\/default.png","width":2000,"height":1000,"sizes":{"thumbnail":"https:\/\/www.froilabo.com\/wp-content\/uploads\/2021\/08\/PRIVACY-150x150-1.jpg","thumbnail-width":150,"thumbnail-height":150,"medium":"https:\/\/www.froilabo.com\/wp-content\/uploads\/2021\/08\/PRIVACY-300x150-1.jpg","medium-width":300,"medium-height":150,"medium_large":"https:\/\/www.froilabo.com\/wp-content\/uploads\/2021\/08\/PRIVACY-768x384-1.jpg","medium_large-width":768,"medium_large-height":384,"large":"https:\/\/www.froilabo.com\/wp-content\/uploads\/2021\/08\/PRIVACY-1024x512-1.jpg","large-width":1024,"large-height":512,"1536x1536":"https:\/\/www.froilabo.com\/wp-content\/uploads\/2021\/08\/PRIVACY-1536x768-1.jpg","1536x1536-width":1536,"1536x1536-height":768,"2048x2048":"https:\/\/www.froilabo.com\/wp-content\/uploads\/2021\/08\/PRIVACY.jpg","2048x2048-width":2000,"2048x2048-height":1000,"gform-image-choice-sm":"https:\/\/www.froilabo.com\/wp-content\/uploads\/2021\/08\/PRIVACY.jpg","gform-image-choice-sm-width":300,"gform-image-choice-sm-height":150,"gform-image-choice-md":"https:\/\/www.froilabo.com\/wp-content\/uploads\/2021\/08\/PRIVACY.jpg","gform-image-choice-md-width":400,"gform-image-choice-md-height":200,"gform-image-choice-lg":"https:\/\/www.froilabo.com\/wp-content\/uploads\/2021\/08\/PRIVACY.jpg","gform-image-choice-lg-width":600,"gform-image-choice-lg-height":300}},"rf_hero_height":"default","rf_hero_title_hide":false,"rf_hero_title":"Conditions g\u00e9n\u00e9rales"},"yoast_head":"<!-- This site is optimized with the Yoast SEO plugin v27.3 - https:\/\/yoast.com\/product\/yoast-seo-wordpress\/ -->\n<title>Conditions g\u00e9n\u00e9rales - Froilabo<\/title>\n<meta name=\"robots\" content=\"index, follow, max-snippet:-1, max-image-preview:large, max-video-preview:-1\" \/>\n<link rel=\"canonical\" href=\"https:\/\/www.froilabo.com\/fr\/conditions-generales\/\" \/>\n<meta property=\"og:locale\" content=\"fr_FR\" \/>\n<meta property=\"og:type\" content=\"article\" \/>\n<meta property=\"og:title\" content=\"Conditions g\u00e9n\u00e9rales - Froilabo\" \/>\n<meta property=\"og:description\" content=\"Conditions g\u00e9n\u00e9rales En utilisant le site web de Froilabo, vous \u00eates r\u00e9put\u00e9 avoir lu et accept\u00e9 les conditions g\u00e9n\u00e9rales suivantes : La terminologie suivante s&rsquo;applique \u00e0 ces Conditions g\u00e9n\u00e9rales, \u00e0 la Politique de confidentialit\u00e9, \u00e0 la Clause de non-responsabilit\u00e9 et \u00e0 tout autre Accord : \u00ab Client \u00bb, \u00ab Vous \u00bb et \u00ab Votre \u00bb [&hellip;]\" \/>\n<meta property=\"og:url\" content=\"https:\/\/www.froilabo.com\/fr\/conditions-generales\/\" \/>\n<meta property=\"og:site_name\" content=\"Froilabo\" \/>\n<meta name=\"twitter:card\" content=\"summary_large_image\" \/>\n<meta name=\"twitter:label1\" content=\"Dur\u00e9e de lecture estim\u00e9e\" \/>\n\t<meta name=\"twitter:data1\" content=\"2 minutes\" \/>\n<script type=\"application\/ld+json\" class=\"yoast-schema-graph\">{\"@context\":\"https:\\\/\\\/schema.org\",\"@graph\":[{\"@type\":\"WebPage\",\"@id\":\"https:\\\/\\\/www.froilabo.com\\\/fr\\\/conditions-generales\\\/\",\"url\":\"https:\\\/\\\/www.froilabo.com\\\/fr\\\/conditions-generales\\\/\",\"name\":\"Conditions g\u00e9n\u00e9rales - Froilabo\",\"isPartOf\":{\"@id\":\"https:\\\/\\\/www.froilabo.com\\\/fr\\\/#website\"},\"datePublished\":\"2025-11-25T15:09:11+00:00\",\"breadcrumb\":{\"@id\":\"https:\\\/\\\/www.froilabo.com\\\/fr\\\/conditions-generales\\\/#breadcrumb\"},\"inLanguage\":\"fr-FR\",\"potentialAction\":[{\"@type\":\"ReadAction\",\"target\":[\"https:\\\/\\\/www.froilabo.com\\\/fr\\\/conditions-generales\\\/\"]}]},{\"@type\":\"BreadcrumbList\",\"@id\":\"https:\\\/\\\/www.froilabo.com\\\/fr\\\/conditions-generales\\\/#breadcrumb\",\"itemListElement\":[{\"@type\":\"ListItem\",\"position\":1,\"name\":\"Home\",\"item\":\"https:\\\/\\\/www.froilabo.com\\\/fr\\\/home\\\/\"},{\"@type\":\"ListItem\",\"position\":2,\"name\":\"Conditions g\u00e9n\u00e9rales\"}]},{\"@type\":\"WebSite\",\"@id\":\"https:\\\/\\\/www.froilabo.com\\\/fr\\\/#website\",\"url\":\"https:\\\/\\\/www.froilabo.com\\\/fr\\\/\",\"name\":\"Froilabo\",\"description\":\"Precision for life\",\"potentialAction\":[{\"@type\":\"SearchAction\",\"target\":{\"@type\":\"EntryPoint\",\"urlTemplate\":\"https:\\\/\\\/www.froilabo.com\\\/fr\\\/?s={search_term_string}\"},\"query-input\":{\"@type\":\"PropertyValueSpecification\",\"valueRequired\":true,\"valueName\":\"search_term_string\"}}],\"inLanguage\":\"fr-FR\"}]}<\/script>\n<!-- \/ Yoast SEO plugin. -->","yoast_head_json":{"title":"Conditions g\u00e9n\u00e9rales - Froilabo","robots":{"index":"index","follow":"follow","max-snippet":"max-snippet:-1","max-image-preview":"max-image-preview:large","max-video-preview":"max-video-preview:-1"},"canonical":"https:\/\/www.froilabo.com\/fr\/conditions-generales\/","og_locale":"fr_FR","og_type":"article","og_title":"Conditions g\u00e9n\u00e9rales - Froilabo","og_description":"Conditions g\u00e9n\u00e9rales En utilisant le site web de Froilabo, vous \u00eates r\u00e9put\u00e9 avoir lu et accept\u00e9 les conditions g\u00e9n\u00e9rales suivantes : La terminologie suivante s&rsquo;applique \u00e0 ces Conditions g\u00e9n\u00e9rales, \u00e0 la Politique de confidentialit\u00e9, \u00e0 la Clause de non-responsabilit\u00e9 et \u00e0 tout autre Accord : \u00ab Client \u00bb, \u00ab Vous \u00bb et \u00ab Votre \u00bb [&hellip;]","og_url":"https:\/\/www.froilabo.com\/fr\/conditions-generales\/","og_site_name":"Froilabo","twitter_card":"summary_large_image","twitter_misc":{"Dur\u00e9e de lecture estim\u00e9e":"2 minutes"},"schema":{"@context":"https:\/\/schema.org","@graph":[{"@type":"WebPage","@id":"https:\/\/www.froilabo.com\/fr\/conditions-generales\/","url":"https:\/\/www.froilabo.com\/fr\/conditions-generales\/","name":"Conditions g\u00e9n\u00e9rales - Froilabo","isPartOf":{"@id":"https:\/\/www.froilabo.com\/fr\/#website"},"datePublished":"2025-11-25T15:09:11+00:00","breadcrumb":{"@id":"https:\/\/www.froilabo.com\/fr\/conditions-generales\/#breadcrumb"},"inLanguage":"fr-FR","potentialAction":[{"@type":"ReadAction","target":["https:\/\/www.froilabo.com\/fr\/conditions-generales\/"]}]},{"@type":"BreadcrumbList","@id":"https:\/\/www.froilabo.com\/fr\/conditions-generales\/#breadcrumb","itemListElement":[{"@type":"ListItem","position":1,"name":"Home","item":"https:\/\/www.froilabo.com\/fr\/home\/"},{"@type":"ListItem","position":2,"name":"Conditions g\u00e9n\u00e9rales"}]},{"@type":"WebSite","@id":"https:\/\/www.froilabo.com\/fr\/#website","url":"https:\/\/www.froilabo.com\/fr\/","name":"Froilabo","description":"Precision for life","potentialAction":[{"@type":"SearchAction","target":{"@type":"EntryPoint","urlTemplate":"https:\/\/www.froilabo.com\/fr\/?s={search_term_string}"},"query-input":{"@type":"PropertyValueSpecification","valueRequired":true,"valueName":"search_term_string"}}],"inLanguage":"fr-FR"}]}},"_links":{"self":[{"href":"https:\/\/www.froilabo.com\/fr\/wp-json\/wp\/v2\/pages\/15993","targetHints":{"allow":["GET"]}}],"collection":[{"href":"https:\/\/www.froilabo.com\/fr\/wp-json\/wp\/v2\/pages"}],"about":[{"href":"https:\/\/www.froilabo.com\/fr\/wp-json\/wp\/v2\/types\/page"}],"author":[{"embeddable":true,"href":"https:\/\/www.froilabo.com\/fr\/wp-json\/wp\/v2\/users\/53"}],"replies":[{"embeddable":true,"href":"https:\/\/www.froilabo.com\/fr\/wp-json\/wp\/v2\/comments?post=15993"}],"version-history":[{"count":0,"href":"https:\/\/www.froilabo.com\/fr\/wp-json\/wp\/v2\/pages\/15993\/revisions"}],"wp:attachment":[{"href":"https:\/\/www.froilabo.com\/fr\/wp-json\/wp\/v2\/media?parent=15993"}],"curies":[{"name":"wp","href":"https:\/\/api.w.org\/{rel}","templated":true}]}}