{"id":15989,"date":"2025-11-25T15:09:08","date_gmt":"2025-11-25T15:09:08","guid":{"rendered":"https:\/\/www.froilabo.com\/politique-en-matiere-de-cookies\/"},"modified":"2025-11-25T15:09:08","modified_gmt":"2025-11-25T15:09:08","slug":"politique-en-matiere-de-cookies","status":"publish","type":"page","link":"https:\/\/www.froilabo.com\/fr\/politique-en-matiere-de-cookies\/","title":{"rendered":"Politique en mati\u00e8re de cookies"},"content":{"rendered":"<p class=\"p1\">Comme la plupart des sites web interactifs, le site web de Froilabo [ou FAI] utilise des cookies pour nous permettre de r\u00e9cup\u00e9rer les d\u00e9tails de l&rsquo;utilisateur \u00e0 chaque visite. Les cookies sont utilis\u00e9s dans certaines zones de notre site pour permettre la fonctionnalit\u00e9 de cette zone et la facilit\u00e9 d&rsquo;utilisation pour les personnes qui visitent. Certains de nos partenaires affili\u00e9s peuvent \u00e9galement utiliser des cookies.  <\/p>\n<h4 class=\"p1\"><b>Liens vers ce site web<\/b><\/h4>\n<p class=\"p1\">Si vous cr\u00e9ez un lien vers une page de ce site web, vous le faites \u00e0 vos propres risques et les exclusions et limitations \u00e9nonc\u00e9es ci-dessus s&rsquo;appliqueront \u00e0 votre utilisation de ce site web en cr\u00e9ant un lien vers celui-ci.<\/p>\n<h4 class=\"p1\"><b>Liens \u00e0 partir de ce site web<\/b><\/h4>\n<p class=\"p1\">Nous ne surveillons ni ne v\u00e9rifions le contenu des sites web d&rsquo;autres parties qui sont li\u00e9s \u00e0 ce site web. Les opinions exprim\u00e9es ou le mat\u00e9riel apparaissant sur ces sites web ne sont pas n\u00e9cessairement partag\u00e9s ou approuv\u00e9s par nous et ne doivent pas \u00eatre consid\u00e9r\u00e9s comme l&rsquo;\u00e9diteur de ces opinions ou de ce mat\u00e9riel. Veuillez noter que nous ne sommes pas responsables des pratiques de confidentialit\u00e9, ou du contenu, de ces sites. Nous encourageons nos utilisateurs \u00e0 \u00eatre conscients lorsqu&rsquo;ils quittent notre site et \u00e0 lire les d\u00e9clarations de confidentialit\u00e9 de ces sites. Vous devez \u00e9valuer vous-m\u00eame la s\u00e9curit\u00e9 et la fiabilit\u00e9 de tout autre site connect\u00e9 \u00e0 ce site ou accessible par le biais de ce site, avant de leur divulguer des informations personnelles. La Soci\u00e9t\u00e9 n&rsquo;acceptera aucune responsabilit\u00e9 pour toute perte ou dommage de quelque mani\u00e8re que ce soit, quelle qu&rsquo;en soit la cause, r\u00e9sultant de votre divulgation \u00e0 des tiers d&rsquo;informations personnelles.     <\/p>\n<h4 class=\"p1\"><b>Avis de droit d&rsquo;auteur<\/b><\/h4>\n<p class=\"p1\">Les droits d&rsquo;auteur et autres droits de propri\u00e9t\u00e9 intellectuelle pertinents existent sur tous les textes relatifs aux services de la Soci\u00e9t\u00e9 et au contenu int\u00e9gral de ce site web.<\/p>\n<p class=\"p1\">Le logo de cette Soci\u00e9t\u00e9 est une marque d\u00e9pos\u00e9e de cette Soci\u00e9t\u00e9 au Royaume-Uni et dans d&rsquo;autres pays. Les noms de marque et les services sp\u00e9cifiques de cette Soci\u00e9t\u00e9 pr\u00e9sent\u00e9s sur ce site web sont des marques d\u00e9pos\u00e9es. <\/p>\n<h4 class=\"p1\"><b>Communication<\/b><\/h4>\n<p class=\"p1\">Nous avons plusieurs adresses \u00e9lectroniques diff\u00e9rentes pour diff\u00e9rentes demandes. Celles-ci, ainsi que d&rsquo;autres informations de contact, peuvent \u00eatre trouv\u00e9es sur notre lien Contactez-nous sur notre site web ou via la documentation de la Soci\u00e9t\u00e9 ou via les num\u00e9ros de t\u00e9l\u00e9phone, de t\u00e9l\u00e9copie ou de t\u00e9l\u00e9phone portable indiqu\u00e9s par la Soci\u00e9t\u00e9. <\/p>\n<h4 class=\"p1\"><b>Notification des modifications<\/b><\/h4>\n<p class=\"p1\">La Soci\u00e9t\u00e9 se r\u00e9serve le droit de modifier ces conditions de temps \u00e0 autre comme elle le juge appropri\u00e9 et votre utilisation continue du site signifiera votre acceptation de tout ajustement \u00e0 ces conditions. S&rsquo;il y a des changements \u00e0 notre politique de confidentialit\u00e9, nous annoncerons que ces changements ont \u00e9t\u00e9 faits sur notre page d&rsquo;accueil et sur d&rsquo;autres pages cl\u00e9s de notre site. S&rsquo;il y a des changements dans la fa\u00e7on dont nous utilisons les informations personnellement identifiables de nos clients, une notification par e-mail ou par courrier postal sera envoy\u00e9e aux personnes concern\u00e9es par ce changement. Tout changement \u00e0 notre politique de confidentialit\u00e9 sera affich\u00e9 sur notre site web 30 jours avant que ces changements n&rsquo;aient lieu. Il vous est donc conseill\u00e9 de relire r\u00e9guli\u00e8rement cette d\u00e9claration. Ces termes et conditions font partie de l&rsquo;accord entre le Client et nous-m\u00eames. Votre acc\u00e8s \u00e0 ce site web et\/ou la r\u00e9alisation d&rsquo;une r\u00e9servation ou d&rsquo;un accord indique votre compr\u00e9hension, votre accord et votre acceptation de l&rsquo;avis de non-responsabilit\u00e9 et des termes et conditions complets contenus dans le pr\u00e9sent document. Vos droits statutaires en tant que consommateur ne sont pas affect\u00e9s.       <\/p>\n<h4 class=\"p1\"><b>Cookies utilis\u00e9s<\/b><\/h4>\n<p><!-- CookiePro Cookies List start --><\/p>\n<div id=\"ot-sdk-cookie-policy\"><\/div>\n<p><!-- CookiePro Cookies List end --><\/p>\n<h4 class=\"p1\"><b>Contr\u00f4le de vos cookies<\/b><\/h4>\n<p>Tout cookie qui n&rsquo;est pas strictement n\u00e9cessaire n&rsquo;est pas actif par d\u00e9faut et n&rsquo;envoie pas d&rsquo;informations \u00e0 la ressource d&rsquo;o\u00f9 il est appel\u00e9. L&rsquo;acceptation de tous les cookies rend tous les cookies actifs. Vous pouvez modifier vos pr\u00e9f\u00e9rences en mati\u00e8re de cookies pour le site web \u00e0 tout moment en cliquant sur le bouton \u00ab&nbsp;Param\u00e8tres des cookies&nbsp;\u00bb ci-dessous.  <\/p>\n<p><!-- CookiePro Cookies Settings button start --><br \/><button id=\"ot-sdk-btn\" class=\"ot-sdk-show-settings\">Param\u00e8tres des cookies<\/button><br \/><!-- CookiePro Cookies Settings button end --><\/p>\n","protected":false},"excerpt":{"rendered":"<p>Comme la plupart des sites web interactifs, le site web de Froilabo [ou FAI] utilise des cookies pour nous permettre de r\u00e9cup\u00e9rer les d\u00e9tails de l&rsquo;utilisateur \u00e0 chaque visite. Les cookies sont utilis\u00e9s dans certaines zones de notre site pour permettre la fonctionnalit\u00e9 de cette zone et la facilit\u00e9 d&rsquo;utilisation pour les personnes qui visitent. [&hellip;]<\/p>\n","protected":false},"author":53,"featured_media":0,"parent":0,"menu_order":0,"comment_status":"closed","ping_status":"closed","template":"","meta":{"_acf_changed":false,"footnotes":""},"class_list":["post-15989","page","type-page","status-publish","hentry"],"acf":{"rf_hero_type":"custom","rf_hero_vertpos":"50","rf_hero_horizpos":"50","rf_hero_textcol":"light","rf_hero_bgcol":"white","rf_hero_tint":false,"rf_hero_image":{"ID":4314,"id":4314,"title":"PRIVACY","filename":"PRIVACY.jpg","filesize":194021,"url":"https:\/\/www.froilabo.com\/wp-content\/uploads\/2021\/08\/PRIVACY.jpg","link":"https:\/\/www.froilabo.com\/fr\/privacy-2\/","alt":"","author":"4","description":"","caption":"","name":"privacy-2","status":"inherit","uploaded_to":0,"date":"2021-08-25 11:32:20","modified":"2021-10-21 15:48:31","menu_order":0,"mime_type":"image\/jpeg","type":"image","subtype":"jpeg","icon":"https:\/\/www.froilabo.com\/wp-includes\/images\/media\/default.png","width":2000,"height":1000,"sizes":{"thumbnail":"https:\/\/www.froilabo.com\/wp-content\/uploads\/2021\/08\/PRIVACY-150x150-1.jpg","thumbnail-width":150,"thumbnail-height":150,"medium":"https:\/\/www.froilabo.com\/wp-content\/uploads\/2021\/08\/PRIVACY-300x150-1.jpg","medium-width":300,"medium-height":150,"medium_large":"https:\/\/www.froilabo.com\/wp-content\/uploads\/2021\/08\/PRIVACY-768x384-1.jpg","medium_large-width":768,"medium_large-height":384,"large":"https:\/\/www.froilabo.com\/wp-content\/uploads\/2021\/08\/PRIVACY-1024x512-1.jpg","large-width":1024,"large-height":512,"1536x1536":"https:\/\/www.froilabo.com\/wp-content\/uploads\/2021\/08\/PRIVACY-1536x768-1.jpg","1536x1536-width":1536,"1536x1536-height":768,"2048x2048":"https:\/\/www.froilabo.com\/wp-content\/uploads\/2021\/08\/PRIVACY.jpg","2048x2048-width":2000,"2048x2048-height":1000,"gform-image-choice-sm":"https:\/\/www.froilabo.com\/wp-content\/uploads\/2021\/08\/PRIVACY.jpg","gform-image-choice-sm-width":300,"gform-image-choice-sm-height":150,"gform-image-choice-md":"https:\/\/www.froilabo.com\/wp-content\/uploads\/2021\/08\/PRIVACY.jpg","gform-image-choice-md-width":400,"gform-image-choice-md-height":200,"gform-image-choice-lg":"https:\/\/www.froilabo.com\/wp-content\/uploads\/2021\/08\/PRIVACY.jpg","gform-image-choice-lg-width":600,"gform-image-choice-lg-height":300}},"rf_hero_height":"default","rf_hero_title_hide":false,"rf_hero_title":"Politique en mati\u00e8re de cookies"},"yoast_head":"<!-- This site is optimized with the Yoast SEO plugin v27.5 - https:\/\/yoast.com\/product\/yoast-seo-wordpress\/ -->\n<title>Politique en mati\u00e8re de cookies - Froilabo<\/title>\n<meta name=\"robots\" content=\"index, follow, max-snippet:-1, max-image-preview:large, max-video-preview:-1\" \/>\n<link rel=\"canonical\" href=\"https:\/\/www.froilabo.com\/fr\/politique-en-matiere-de-cookies\/\" \/>\n<meta property=\"og:locale\" content=\"fr_FR\" \/>\n<meta property=\"og:type\" content=\"article\" \/>\n<meta property=\"og:title\" content=\"Politique en mati\u00e8re de cookies - Froilabo\" \/>\n<meta property=\"og:description\" content=\"Comme la plupart des sites web interactifs, le site web de Froilabo [ou FAI] utilise des cookies pour nous permettre de r\u00e9cup\u00e9rer les d\u00e9tails de l&rsquo;utilisateur \u00e0 chaque visite. Les cookies sont utilis\u00e9s dans certaines zones de notre site pour permettre la fonctionnalit\u00e9 de cette zone et la facilit\u00e9 d&rsquo;utilisation pour les personnes qui visitent. [&hellip;]\" \/>\n<meta property=\"og:url\" content=\"https:\/\/www.froilabo.com\/fr\/politique-en-matiere-de-cookies\/\" \/>\n<meta property=\"og:site_name\" content=\"Froilabo\" \/>\n<meta name=\"twitter:card\" content=\"summary_large_image\" \/>\n<meta name=\"twitter:label1\" content=\"Dur\u00e9e de lecture estim\u00e9e\" \/>\n\t<meta name=\"twitter:data1\" content=\"4 minutes\" \/>\n<script type=\"application\/ld+json\" class=\"yoast-schema-graph\">{\"@context\":\"https:\\\/\\\/schema.org\",\"@graph\":[{\"@type\":\"WebPage\",\"@id\":\"https:\\\/\\\/www.froilabo.com\\\/fr\\\/politique-en-matiere-de-cookies\\\/\",\"url\":\"https:\\\/\\\/www.froilabo.com\\\/fr\\\/politique-en-matiere-de-cookies\\\/\",\"name\":\"Politique en mati\u00e8re de cookies - Froilabo\",\"isPartOf\":{\"@id\":\"https:\\\/\\\/www.froilabo.com\\\/fr\\\/#website\"},\"datePublished\":\"2025-11-25T15:09:08+00:00\",\"breadcrumb\":{\"@id\":\"https:\\\/\\\/www.froilabo.com\\\/fr\\\/politique-en-matiere-de-cookies\\\/#breadcrumb\"},\"inLanguage\":\"fr-FR\",\"potentialAction\":[{\"@type\":\"ReadAction\",\"target\":[\"https:\\\/\\\/www.froilabo.com\\\/fr\\\/politique-en-matiere-de-cookies\\\/\"]}]},{\"@type\":\"BreadcrumbList\",\"@id\":\"https:\\\/\\\/www.froilabo.com\\\/fr\\\/politique-en-matiere-de-cookies\\\/#breadcrumb\",\"itemListElement\":[{\"@type\":\"ListItem\",\"position\":1,\"name\":\"Home\",\"item\":\"https:\\\/\\\/www.froilabo.com\\\/fr\\\/home\\\/\"},{\"@type\":\"ListItem\",\"position\":2,\"name\":\"Politique en mati\u00e8re de cookies\"}]},{\"@type\":\"WebSite\",\"@id\":\"https:\\\/\\\/www.froilabo.com\\\/fr\\\/#website\",\"url\":\"https:\\\/\\\/www.froilabo.com\\\/fr\\\/\",\"name\":\"Froilabo\",\"description\":\"Precision for life\",\"potentialAction\":[{\"@type\":\"SearchAction\",\"target\":{\"@type\":\"EntryPoint\",\"urlTemplate\":\"https:\\\/\\\/www.froilabo.com\\\/fr\\\/?s={search_term_string}\"},\"query-input\":{\"@type\":\"PropertyValueSpecification\",\"valueRequired\":true,\"valueName\":\"search_term_string\"}}],\"inLanguage\":\"fr-FR\"}]}<\/script>\n<!-- \/ Yoast SEO plugin. -->","yoast_head_json":{"title":"Politique en mati\u00e8re de cookies - Froilabo","robots":{"index":"index","follow":"follow","max-snippet":"max-snippet:-1","max-image-preview":"max-image-preview:large","max-video-preview":"max-video-preview:-1"},"canonical":"https:\/\/www.froilabo.com\/fr\/politique-en-matiere-de-cookies\/","og_locale":"fr_FR","og_type":"article","og_title":"Politique en mati\u00e8re de cookies - Froilabo","og_description":"Comme la plupart des sites web interactifs, le site web de Froilabo [ou FAI] utilise des cookies pour nous permettre de r\u00e9cup\u00e9rer les d\u00e9tails de l&rsquo;utilisateur \u00e0 chaque visite. Les cookies sont utilis\u00e9s dans certaines zones de notre site pour permettre la fonctionnalit\u00e9 de cette zone et la facilit\u00e9 d&rsquo;utilisation pour les personnes qui visitent. [&hellip;]","og_url":"https:\/\/www.froilabo.com\/fr\/politique-en-matiere-de-cookies\/","og_site_name":"Froilabo","twitter_card":"summary_large_image","twitter_misc":{"Dur\u00e9e de lecture estim\u00e9e":"4 minutes"},"schema":{"@context":"https:\/\/schema.org","@graph":[{"@type":"WebPage","@id":"https:\/\/www.froilabo.com\/fr\/politique-en-matiere-de-cookies\/","url":"https:\/\/www.froilabo.com\/fr\/politique-en-matiere-de-cookies\/","name":"Politique en mati\u00e8re de cookies - Froilabo","isPartOf":{"@id":"https:\/\/www.froilabo.com\/fr\/#website"},"datePublished":"2025-11-25T15:09:08+00:00","breadcrumb":{"@id":"https:\/\/www.froilabo.com\/fr\/politique-en-matiere-de-cookies\/#breadcrumb"},"inLanguage":"fr-FR","potentialAction":[{"@type":"ReadAction","target":["https:\/\/www.froilabo.com\/fr\/politique-en-matiere-de-cookies\/"]}]},{"@type":"BreadcrumbList","@id":"https:\/\/www.froilabo.com\/fr\/politique-en-matiere-de-cookies\/#breadcrumb","itemListElement":[{"@type":"ListItem","position":1,"name":"Home","item":"https:\/\/www.froilabo.com\/fr\/home\/"},{"@type":"ListItem","position":2,"name":"Politique en mati\u00e8re de cookies"}]},{"@type":"WebSite","@id":"https:\/\/www.froilabo.com\/fr\/#website","url":"https:\/\/www.froilabo.com\/fr\/","name":"Froilabo","description":"Precision for life","potentialAction":[{"@type":"SearchAction","target":{"@type":"EntryPoint","urlTemplate":"https:\/\/www.froilabo.com\/fr\/?s={search_term_string}"},"query-input":{"@type":"PropertyValueSpecification","valueRequired":true,"valueName":"search_term_string"}}],"inLanguage":"fr-FR"}]}},"_links":{"self":[{"href":"https:\/\/www.froilabo.com\/fr\/wp-json\/wp\/v2\/pages\/15989","targetHints":{"allow":["GET"]}}],"collection":[{"href":"https:\/\/www.froilabo.com\/fr\/wp-json\/wp\/v2\/pages"}],"about":[{"href":"https:\/\/www.froilabo.com\/fr\/wp-json\/wp\/v2\/types\/page"}],"author":[{"embeddable":true,"href":"https:\/\/www.froilabo.com\/fr\/wp-json\/wp\/v2\/users\/53"}],"replies":[{"embeddable":true,"href":"https:\/\/www.froilabo.com\/fr\/wp-json\/wp\/v2\/comments?post=15989"}],"version-history":[{"count":0,"href":"https:\/\/www.froilabo.com\/fr\/wp-json\/wp\/v2\/pages\/15989\/revisions"}],"wp:attachment":[{"href":"https:\/\/www.froilabo.com\/fr\/wp-json\/wp\/v2\/media?parent=15989"}],"curies":[{"name":"wp","href":"https:\/\/api.w.org\/{rel}","templated":true}]}}