{"id":1554,"date":"2021-07-02T10:47:14","date_gmt":"2021-07-02T10:47:14","guid":{"rendered":"https:\/\/www.froilabo.com\/?page_id=1554"},"modified":"2021-10-04T13:35:56","modified_gmt":"2021-10-04T13:35:56","slug":"page-dassistance-a-la-clientele","status":"publish","type":"page","link":"https:\/\/www.froilabo.com\/fr\/page-dassistance-a-la-clientele\/","title":{"rendered":"Page d&rsquo;assistance \u00e0 la client\u00e8le"},"content":{"rendered":"<p><strong>Des experts \u00e0 votre service<\/strong><\/p>\n<p class=\"p1\">Une \u00e9quipe de sp\u00e9cialistes au service de la protection de vos \u00e9chantillons.<\/p>\n<p><strong>Tout savoir sur la Norme F-Gaz<\/strong><\/p>\n<p class=\"p1\">Apprenez-en plus sur la norme F-Gaz, mise en place \u00e0 partir du 1er janvier 2020.<\/p>\n<p><strong>Mise \u00e0 jour du software V2.2.3<\/strong><\/p>\n<p class=\"p1\">Avril 2020 &#8211; Nouvelle mise \u00e0 jour pour BMEVO -86\u00b0C Explication =&gt; ici<\/p>\n<p><strong>Comment atteindre une temp\u00e9rature de -80\u00b0C ?<\/strong><\/p>\n<p class=\"p1\">Pour en savoir plus sur le fonctionnement de votre cong\u00e9lateur tr\u00e8s basse temp\u00e9rature !<\/p>\n<p><strong>\u00c0 quoi servent les cryo-accumulateurs ?<\/strong><\/p>\n<p class=\"p1\">Une option essentielle et strat\u00e9gique pour retarder la remont\u00e9e en temp\u00e9rature en cas de coupure de courant !<\/p>\n","protected":false},"excerpt":{"rendered":"<p>Des experts \u00e0 votre service Une \u00e9quipe de sp\u00e9cialistes au service de la protection de vos \u00e9chantillons. Tout savoir sur la Norme F-Gaz Apprenez-en plus sur la norme F-Gaz, mise en place \u00e0 partir du 1er janvier 2020. Mise \u00e0 jour du software V2.2.3 Avril 2020 &#8211; Nouvelle mise \u00e0 jour pour BMEVO -86\u00b0C Explication [&hellip;]<\/p>\n","protected":false},"author":53,"featured_media":0,"parent":0,"menu_order":0,"comment_status":"closed","ping_status":"closed","template":"template-techniques.php","meta":{"_acf_changed":false,"footnotes":""},"class_list":["post-1554","page","type-page","status-publish","hentry"],"acf":{"rf_hero_vertpos":"50","rf_hero_horizpos":"50","rf_hero_textcol":"light","rf_hero_bgcol":"white","rf_hero_tint":false,"rf_hero_height":"default","rf_hero_title_hide":false,"rf_hero_title":"","rf_sitemap_hide":true,"rf_further_reading_posts":false,"rf_technique_enqform":true,"small_featured_image":false,"rf_hero_type":"custom","documents":false,"description":"<p>Chez Froilabo, notre \u00e9quipe d&rsquo;ing\u00e9nieurs de service est \u00e0 votre disposition pour fournir un support client exceptionnel. Tr\u00e8s exp\u00e9riment\u00e9s, ils ont une compr\u00e9hension approfondie d&rsquo;un large \u00e9ventail d&rsquo;applications client.<\/p>\n<p><strong>Service apr\u00e8s-vente<\/strong><\/p>\n<p>Notre \u00e9quipe de service apr\u00e8s-vente peut fournir des connaissances et des conseils d&rsquo;experts pour vous aider \u00e0 vous familiariser avec nos produits et nos techniciens en r\u00e9frig\u00e9ration peuvent vous aider avec le contr\u00f4le de la temp\u00e9rature et des conseils sur la r\u00e9alisation d&rsquo;applications telles que la cong\u00e9lation, la lyophilisation, la cryog\u00e9nie, les simulations climatiques. et plus.<\/p>\n<p><strong>Assistance compl\u00e8te<\/strong><\/p>\n<p>Notre \u00e9quipe est \u00e0 votre disposition pour vous fournir une assistance compl\u00e8te et peut vous aider avec l&rsquo;une des exigences suivantes :<\/p>\n<p><strong>R\u00e9parations<\/strong><\/p>\n<p>Estimation des co\u00fbts des r\u00e9parations \/ Retrofit \/ Mise \u00e0 niveau de conformit\u00e9 Contrat d&rsquo;entretien \/ Pr\u00e9vention \/ Curatif<\/p>\n<p>Avec plus de 100 ans d&rsquo;exp\u00e9rience, tous nos produits sont fabriqu\u00e9s et homologu\u00e9s selon la norme EN60068-3-11. Notre principale priorit\u00e9 lors du d\u00e9veloppement de nos produits est toujours la protection de l&rsquo;\u00e9chantillon.<\/p>\n<p><strong>Entrer en contact<\/strong><\/p>\n<p>Vous pouvez <a href=\"https:\/\/www.froilabo.com\/fr\/contact\/\">contacter notre service client<\/a> de 8h00 \u00e0 17h00, du lundi au vendredi, pour des conseils, des demandes d&rsquo;assistance sur site, des estimations de co\u00fbts ou d&rsquo;autres exigences.<\/p>\n","content":"","products":"","applications":"","publications":"","rf_technique_enqform_select":6,"rf_technique_enqform_button_text":"","rf_technique_enqform_banner_text":"","rf_hero_image":false},"yoast_head":"<!-- This site is optimized with the Yoast SEO plugin v27.3 - https:\/\/yoast.com\/product\/yoast-seo-wordpress\/ -->\n<title>Froilabo - Documentation et support client en ligne<\/title>\n<meta name=\"description\" content=\"D\u00e9couvrez et t\u00e9l\u00e9chargez l&#039;ensemble des supports techniques pour un support en ligne avec notre \u00e9quipe - Expert depuis 1918\" \/>\n<meta name=\"robots\" content=\"index, follow, max-snippet:-1, max-image-preview:large, max-video-preview:-1\" \/>\n<link rel=\"canonical\" href=\"https:\/\/www.froilabo.com\/fr\/page-dassistance-a-la-clientele\/\" \/>\n<meta property=\"og:locale\" content=\"fr_FR\" \/>\n<meta property=\"og:type\" content=\"article\" \/>\n<meta property=\"og:title\" content=\"Froilabo - Documentation et support client en ligne\" \/>\n<meta property=\"og:description\" content=\"D\u00e9couvrez et t\u00e9l\u00e9chargez l&#039;ensemble des supports techniques pour un support en ligne avec notre \u00e9quipe - Expert depuis 1918\" \/>\n<meta property=\"og:url\" content=\"https:\/\/www.froilabo.com\/fr\/page-dassistance-a-la-clientele\/\" \/>\n<meta property=\"og:site_name\" content=\"Froilabo\" \/>\n<meta property=\"article:modified_time\" content=\"2021-10-04T13:35:56+00:00\" \/>\n<meta name=\"twitter:card\" content=\"summary_large_image\" \/>\n<meta name=\"twitter:label1\" content=\"Dur\u00e9e de lecture estim\u00e9e\" \/>\n\t<meta name=\"twitter:data1\" content=\"1 minute\" \/>\n<script type=\"application\/ld+json\" class=\"yoast-schema-graph\">{\"@context\":\"https:\\\/\\\/schema.org\",\"@graph\":[{\"@type\":\"WebPage\",\"@id\":\"https:\\\/\\\/www.froilabo.com\\\/fr\\\/page-dassistance-a-la-clientele\\\/\",\"url\":\"https:\\\/\\\/www.froilabo.com\\\/fr\\\/page-dassistance-a-la-clientele\\\/\",\"name\":\"Froilabo - Documentation et support client en ligne\",\"isPartOf\":{\"@id\":\"https:\\\/\\\/www.froilabo.com\\\/fr\\\/#website\"},\"datePublished\":\"2021-07-02T10:47:14+00:00\",\"dateModified\":\"2021-10-04T13:35:56+00:00\",\"description\":\"D\u00e9couvrez et t\u00e9l\u00e9chargez l'ensemble des supports techniques pour un support en ligne avec notre \u00e9quipe - Expert depuis 1918\",\"breadcrumb\":{\"@id\":\"https:\\\/\\\/www.froilabo.com\\\/fr\\\/page-dassistance-a-la-clientele\\\/#breadcrumb\"},\"inLanguage\":\"fr-FR\",\"potentialAction\":[{\"@type\":\"ReadAction\",\"target\":[\"https:\\\/\\\/www.froilabo.com\\\/fr\\\/page-dassistance-a-la-clientele\\\/\"]}]},{\"@type\":\"BreadcrumbList\",\"@id\":\"https:\\\/\\\/www.froilabo.com\\\/fr\\\/page-dassistance-a-la-clientele\\\/#breadcrumb\",\"itemListElement\":[{\"@type\":\"ListItem\",\"position\":1,\"name\":\"Home\",\"item\":\"https:\\\/\\\/www.froilabo.com\\\/fr\\\/home\\\/\"},{\"@type\":\"ListItem\",\"position\":2,\"name\":\"Page d&rsquo;assistance \u00e0 la client\u00e8le\"}]},{\"@type\":\"WebSite\",\"@id\":\"https:\\\/\\\/www.froilabo.com\\\/fr\\\/#website\",\"url\":\"https:\\\/\\\/www.froilabo.com\\\/fr\\\/\",\"name\":\"Froilabo\",\"description\":\"Precision for life\",\"potentialAction\":[{\"@type\":\"SearchAction\",\"target\":{\"@type\":\"EntryPoint\",\"urlTemplate\":\"https:\\\/\\\/www.froilabo.com\\\/fr\\\/?s={search_term_string}\"},\"query-input\":{\"@type\":\"PropertyValueSpecification\",\"valueRequired\":true,\"valueName\":\"search_term_string\"}}],\"inLanguage\":\"fr-FR\"}]}<\/script>\n<!-- \/ Yoast SEO plugin. -->","yoast_head_json":{"title":"Froilabo - Documentation et support client en ligne","description":"D\u00e9couvrez et t\u00e9l\u00e9chargez l'ensemble des supports techniques pour un support en ligne avec notre \u00e9quipe - Expert depuis 1918","robots":{"index":"index","follow":"follow","max-snippet":"max-snippet:-1","max-image-preview":"max-image-preview:large","max-video-preview":"max-video-preview:-1"},"canonical":"https:\/\/www.froilabo.com\/fr\/page-dassistance-a-la-clientele\/","og_locale":"fr_FR","og_type":"article","og_title":"Froilabo - Documentation et support client en ligne","og_description":"D\u00e9couvrez et t\u00e9l\u00e9chargez l'ensemble des supports techniques pour un support en ligne avec notre \u00e9quipe - Expert depuis 1918","og_url":"https:\/\/www.froilabo.com\/fr\/page-dassistance-a-la-clientele\/","og_site_name":"Froilabo","article_modified_time":"2021-10-04T13:35:56+00:00","twitter_card":"summary_large_image","twitter_misc":{"Dur\u00e9e de lecture estim\u00e9e":"1 minute"},"schema":{"@context":"https:\/\/schema.org","@graph":[{"@type":"WebPage","@id":"https:\/\/www.froilabo.com\/fr\/page-dassistance-a-la-clientele\/","url":"https:\/\/www.froilabo.com\/fr\/page-dassistance-a-la-clientele\/","name":"Froilabo - Documentation et support client en ligne","isPartOf":{"@id":"https:\/\/www.froilabo.com\/fr\/#website"},"datePublished":"2021-07-02T10:47:14+00:00","dateModified":"2021-10-04T13:35:56+00:00","description":"D\u00e9couvrez et t\u00e9l\u00e9chargez l'ensemble des supports techniques pour un support en ligne avec notre \u00e9quipe - Expert depuis 1918","breadcrumb":{"@id":"https:\/\/www.froilabo.com\/fr\/page-dassistance-a-la-clientele\/#breadcrumb"},"inLanguage":"fr-FR","potentialAction":[{"@type":"ReadAction","target":["https:\/\/www.froilabo.com\/fr\/page-dassistance-a-la-clientele\/"]}]},{"@type":"BreadcrumbList","@id":"https:\/\/www.froilabo.com\/fr\/page-dassistance-a-la-clientele\/#breadcrumb","itemListElement":[{"@type":"ListItem","position":1,"name":"Home","item":"https:\/\/www.froilabo.com\/fr\/home\/"},{"@type":"ListItem","position":2,"name":"Page d&rsquo;assistance \u00e0 la client\u00e8le"}]},{"@type":"WebSite","@id":"https:\/\/www.froilabo.com\/fr\/#website","url":"https:\/\/www.froilabo.com\/fr\/","name":"Froilabo","description":"Precision for life","potentialAction":[{"@type":"SearchAction","target":{"@type":"EntryPoint","urlTemplate":"https:\/\/www.froilabo.com\/fr\/?s={search_term_string}"},"query-input":{"@type":"PropertyValueSpecification","valueRequired":true,"valueName":"search_term_string"}}],"inLanguage":"fr-FR"}]}},"_links":{"self":[{"href":"https:\/\/www.froilabo.com\/fr\/wp-json\/wp\/v2\/pages\/1554","targetHints":{"allow":["GET"]}}],"collection":[{"href":"https:\/\/www.froilabo.com\/fr\/wp-json\/wp\/v2\/pages"}],"about":[{"href":"https:\/\/www.froilabo.com\/fr\/wp-json\/wp\/v2\/types\/page"}],"author":[{"embeddable":true,"href":"https:\/\/www.froilabo.com\/fr\/wp-json\/wp\/v2\/users\/53"}],"replies":[{"embeddable":true,"href":"https:\/\/www.froilabo.com\/fr\/wp-json\/wp\/v2\/comments?post=1554"}],"version-history":[{"count":10,"href":"https:\/\/www.froilabo.com\/fr\/wp-json\/wp\/v2\/pages\/1554\/revisions"}],"predecessor-version":[{"id":7302,"href":"https:\/\/www.froilabo.com\/fr\/wp-json\/wp\/v2\/pages\/1554\/revisions\/7302"}],"wp:attachment":[{"href":"https:\/\/www.froilabo.com\/fr\/wp-json\/wp\/v2\/media?parent=1554"}],"curies":[{"name":"wp","href":"https:\/\/api.w.org\/{rel}","templated":true}]}}