{"id":1534,"date":"2021-07-01T20:46:57","date_gmt":"2021-07-01T20:46:57","guid":{"rendered":"https:\/\/www.froilabo.com\/?page_id=1534"},"modified":"2025-11-25T15:09:17","modified_gmt":"2025-11-25T15:09:17","slug":"agroalimentaire","status":"publish","type":"page","link":"https:\/\/www.froilabo.com\/fr\/applications\/agroalimentaire\/","title":{"rendered":"Agroalimentaire"},"content":{"rendered":"<p class=\"p1\">Les cong\u00e9lateurs ultra basse temp\u00e9rature Froilabo prot\u00e8gent l&rsquo;\u00e9chantillon, l&rsquo;utilisateur et l&rsquo;environnement. Garantissant une fiabilit\u00e9 et une tra\u00e7abilit\u00e9 optimales, ils sont essentiels pour la gestion de la s\u00e9curit\u00e9 alimentaire dans l&rsquo;industrie alimentaire.<\/p>\n<ul class=\"ul1\">\n<li style=\"list-style-type: none;\">\n<ul class=\"ul1\">\n<li style=\"list-style-type: none;\">\n<ul class=\"ul2\">\n<li style=\"list-style-type: none;\">\n<ul class=\"ul1\">\n<li style=\"list-style-type: none;\">\n<ul class=\"ul1\">\n<li class=\"li1\">Accompagner vos besoins face aux r\u00e9glementations<\/li>\n<\/ul>\n<\/li>\n<\/ul>\n<\/li>\n<\/ul>\n<\/li>\n<\/ul>\n<\/li>\n<\/ul>\n<p class=\"p1\">L&rsquo;industrie alimentaire est soumise \u00e0 une r\u00e9glementation de plus en plus stricte.<\/p>\n<p class=\"p1\">Vous pouvez avoir l&rsquo;assurance que nos cong\u00e9lateurs sont fabriqu\u00e9s conform\u00e9ment \u00e0 la l\u00e9gislation sur la s\u00e9curit\u00e9 alimentaire, ce qui vous permet de suivre et de tracer vos donn\u00e9es en toute confiance.<\/p>\n<ul class=\"ul1\">\n<li style=\"list-style-type: none;\">\n<ul class=\"ul1\">\n<li style=\"list-style-type: none;\">\n<ul class=\"ul2\">\n<li style=\"list-style-type: none;\">\n<ul class=\"ul1\">\n<li style=\"list-style-type: none;\">\n<ul class=\"ul1\">\n<li class=\"li1\">Des \u00e9quipements (ULT) certifi\u00e9s ISO<\/li>\n<\/ul>\n<\/li>\n<\/ul>\n<\/li>\n<\/ul>\n<\/li>\n<\/ul>\n<\/li>\n<\/ul>\n<p class=\"p1\">Tous les processus de fabrication des produits Froilabo sont soumis aux normes ISO 9001 et ISO 13485.<\/p>\n<p class=\"p1\">Cela signifie que nous pouvons garantir des produits qui r\u00e9pondent \u00e0 des normes et des crit\u00e8res de qualit\u00e9 \u00e9lev\u00e9s pour vous soutenir dans vos processus.<\/p>\n<ul class=\"ul1\">\n<li style=\"list-style-type: none;\">\n<ul class=\"ul1\">\n<li style=\"list-style-type: none;\">\n<ul class=\"ul2\">\n<li style=\"list-style-type: none;\">\n<ul class=\"ul1\">\n<li style=\"list-style-type: none;\">\n<ul class=\"ul1\">\n<li class=\"li2\">Nos produits adapt\u00e9s pour l&rsquo;Agroalimentaire<\/li>\n<\/ul>\n<\/li>\n<\/ul>\n<\/li>\n<\/ul>\n<\/li>\n<\/ul>\n<\/li>\n<\/ul>\n","protected":false},"excerpt":{"rendered":"<p>Les cong\u00e9lateurs ultra basse temp\u00e9rature Froilabo prot\u00e8gent l&rsquo;\u00e9chantillon, l&rsquo;utilisateur et l&rsquo;environnement. Garantissant une fiabilit\u00e9 et une tra\u00e7abilit\u00e9 optimales, ils sont essentiels pour la gestion de la s\u00e9curit\u00e9 alimentaire dans l&rsquo;industrie alimentaire. Accompagner vos besoins face aux r\u00e9glementations L&rsquo;industrie alimentaire est soumise \u00e0 une r\u00e9glementation de plus en plus stricte. Vous pouvez avoir l&rsquo;assurance que nos [&hellip;]<\/p>\n","protected":false},"author":53,"featured_media":0,"parent":15995,"menu_order":0,"comment_status":"closed","ping_status":"closed","template":"template-techniques.php","meta":{"_acf_changed":false,"footnotes":""},"class_list":["post-1534","page","type-page","status-publish","hentry"],"acf":{"rf_hero_height":"default","rf_hero_vertpos":"50","rf_hero_horizpos":"50","rf_hero_title":"","rf_hero_title_hide":false,"rf_hero_textcol":"light","rf_hero_bgcol":"white","rf_hero_tint":false,"rf_sitemap_hide":true,"description":"<p class=\"p1\">Les cong\u00e9lateurs ultra basse temp\u00e9rature Froilabo prot\u00e8gent l&rsquo;\u00e9chantillon, l&rsquo;utilisateur et l&rsquo;environnement. Garantissant une fiabilit\u00e9 et une tra\u00e7abilit\u00e9 optimales, ils sont essentiels pour la gestion de la s\u00e9curit\u00e9 alimentaire dans l&rsquo;industrie alimentaire.<\/p>\n<ul class=\"ul1\">\n<li style=\"list-style-type: none;\">\n<ul class=\"ul1\">\n<li style=\"list-style-type: none;\">\n<ul class=\"ul2\">\n<li style=\"list-style-type: none;\"><\/li>\n<\/ul>\n<\/li>\n<\/ul>\n<\/li>\n<\/ul>\n<p><strong>Nos produits adapt\u00e9s pour l&rsquo;Agroalimentaire<\/strong><\/p>\n","content":"<p><strong>Accompagner vos besoins face aux r\u00e9glementations<\/strong><\/p>\n<p class=\"p1\">L&rsquo;industrie alimentaire est soumise \u00e0 une r\u00e9glementation de plus en plus stricte.<\/p>\n<p class=\"p1\">Vous pouvez avoir l&rsquo;assurance que nos cong\u00e9lateurs sont fabriqu\u00e9s conform\u00e9ment \u00e0 la l\u00e9gislation sur la s\u00e9curit\u00e9 alimentaire, ce qui vous permet de suivre et de tracer vos donn\u00e9es en toute confiance.<\/p>\n<p><strong>Des \u00e9quipements (ULT) certifi\u00e9s ISO<\/strong><\/p>\n<p class=\"p1\">Tous les processus de fabrication des produits Froilabo sont soumis aux normes ISO 9001 et ISO 13485.<\/p>\n<p class=\"p1\">Cela signifie que nous pouvons garantir des produits qui r\u00e9pondent \u00e0 des normes et des crit\u00e8res de qualit\u00e9 \u00e9lev\u00e9s pour vous soutenir dans vos processus.<\/p>\n","products":[{"ID":1197,"post_author":"53","post_date":"2021-06-28 16:59:15","post_date_gmt":"2021-06-28 16:59:15","post_content":"","post_title":"Cong\u00e9lateur Evolution -86\u00b0C","post_excerpt":"","post_status":"publish","comment_status":"closed","ping_status":"closed","post_password":"","post_name":"evolution-86c","to_ping":"","pinged":"","post_modified":"2025-11-25 15:39:51","post_modified_gmt":"2025-11-25 15:39:51","post_content_filtered":"","post_parent":0,"guid":"https:\/\/www.froilabo.com\/?post_type=products&#038;p=1197","menu_order":1,"post_type":"products","post_mime_type":"","comment_count":"0","filter":"raw"},{"ID":3638,"post_author":"53","post_date":"2021-06-02 14:23:52","post_date_gmt":"2021-06-02 14:23:52","post_content":"","post_title":"Cong\u00e9lateur Bio Memory -86\u00b0C","post_excerpt":"","post_status":"publish","comment_status":"closed","ping_status":"closed","post_password":"","post_name":"bm-bmt-86c2","to_ping":"","pinged":"","post_modified":"2025-11-25 15:39:40","post_modified_gmt":"2025-11-25 15:39:40","post_content_filtered":"","post_parent":0,"guid":"https:\/\/www.froilabo.com\/products\/bm-bmt-86c2\/","menu_order":4,"post_type":"products","post_mime_type":"","comment_count":"0","filter":"raw"},{"ID":1229,"post_author":"53","post_date":"2021-06-01 19:00:36","post_date_gmt":"2021-06-01 19:00:36","post_content":"","post_title":"Cong\u00e9lateur Bio Memory -86\u00b0C (mod\u00e8le coffre)","post_excerpt":"","post_status":"publish","comment_status":"closed","ping_status":"closed","post_password":"","post_name":"bmh-86c","to_ping":"","pinged":"","post_modified":"2025-11-25 15:39:48","post_modified_gmt":"2025-11-25 15:39:48","post_content_filtered":"","post_parent":0,"guid":"https:\/\/www.froilabo.com\/?post_type=products&#038;p=1229","menu_order":3,"post_type":"products","post_mime_type":"","comment_count":"0","filter":"raw"},{"ID":1233,"post_author":"53","post_date":"2021-06-28 19:03:57","post_date_gmt":"2021-06-28 19:03:57","post_content":"","post_title":"Cong\u00e9lateur Evolution -45\u00b0C","post_excerpt":"","post_status":"publish","comment_status":"closed","ping_status":"closed","post_password":"","post_name":"evolution-45c","to_ping":"","pinged":"","post_modified":"2025-11-25 15:39:49","post_modified_gmt":"2025-11-25 15:39:49","post_content_filtered":"","post_parent":0,"guid":"https:\/\/www.froilabo.com\/?post_type=products&#038;p=1233","menu_order":1,"post_type":"products","post_mime_type":"","comment_count":"0","filter":"raw"},{"ID":1236,"post_author":"53","post_date":"2021-06-05 19:06:57","post_date_gmt":"2021-06-05 19:06:57","post_content":"","post_title":"Cong\u00e9lateur Trust -86 \u00b0C","post_excerpt":"","post_status":"publish","comment_status":"closed","ping_status":"closed","post_password":"","post_name":"trust-86c","to_ping":"","pinged":"","post_modified":"2025-11-25 15:12:22","post_modified_gmt":"2025-11-25 15:12:22","post_content_filtered":"","post_parent":0,"guid":"https:\/\/www.froilabo.com\/?post_type=products&#038;p=1236","menu_order":2,"post_type":"products","post_mime_type":"","comment_count":"0","filter":"raw"}],"applications":"","publications":"","documents":false,"rf_technique_enqform":true,"rf_hero_type":"custom","rf_technique_enqform_banner_text":"","rf_technique_enqform_select":8,"rf_technique_enqform_button_text":"","rf_further_reading_posts":false,"rf_hero_image":false,"small_featured_image":false},"yoast_head":"<!-- This site is optimized with the Yoast SEO plugin v27.4 - https:\/\/yoast.com\/product\/yoast-seo-wordpress\/ -->\n<title>Low Temperature Freezers | Sample Protection | Food Industry<\/title>\n<meta name=\"description\" content=\"Froilabo\u2019s Low Temperature Freezers can become part of your Food Safety Management providing you with Sample Protection. Browse Online.\" \/>\n<meta name=\"robots\" content=\"index, follow, max-snippet:-1, max-image-preview:large, max-video-preview:-1\" \/>\n<link rel=\"canonical\" href=\"https:\/\/www.froilabo.com\/fr\/applications\/agroalimentaire\/\" \/>\n<meta property=\"og:locale\" content=\"fr_FR\" \/>\n<meta property=\"og:type\" content=\"article\" \/>\n<meta property=\"og:title\" content=\"Low Temperature Freezers | Sample Protection | Food Industry\" \/>\n<meta property=\"og:description\" content=\"Froilabo\u2019s Low Temperature Freezers can become part of your Food Safety Management providing you with Sample Protection. Browse Online.\" \/>\n<meta property=\"og:url\" content=\"https:\/\/www.froilabo.com\/fr\/applications\/agroalimentaire\/\" \/>\n<meta property=\"og:site_name\" content=\"Froilabo\" \/>\n<meta property=\"article:modified_time\" content=\"2025-11-25T15:09:17+00:00\" \/>\n<meta name=\"twitter:card\" content=\"summary_large_image\" \/>\n<meta name=\"twitter:label1\" content=\"Dur\u00e9e de lecture estim\u00e9e\" \/>\n\t<meta name=\"twitter:data1\" content=\"1 minute\" \/>\n<script type=\"application\/ld+json\" class=\"yoast-schema-graph\">{\"@context\":\"https:\\\/\\\/schema.org\",\"@graph\":[{\"@type\":\"WebPage\",\"@id\":\"https:\\\/\\\/www.froilabo.com\\\/fr\\\/applications\\\/agroalimentaire\\\/\",\"url\":\"https:\\\/\\\/www.froilabo.com\\\/fr\\\/applications\\\/agroalimentaire\\\/\",\"name\":\"Low Temperature Freezers | Sample Protection | Food Industry\",\"isPartOf\":{\"@id\":\"https:\\\/\\\/www.froilabo.com\\\/fr\\\/#website\"},\"datePublished\":\"2021-07-01T20:46:57+00:00\",\"dateModified\":\"2025-11-25T15:09:17+00:00\",\"description\":\"Froilabo\u2019s Low Temperature Freezers can become part of your Food Safety Management providing you with Sample Protection. Browse Online.\",\"breadcrumb\":{\"@id\":\"https:\\\/\\\/www.froilabo.com\\\/fr\\\/applications\\\/agroalimentaire\\\/#breadcrumb\"},\"inLanguage\":\"fr-FR\",\"potentialAction\":[{\"@type\":\"ReadAction\",\"target\":[\"https:\\\/\\\/www.froilabo.com\\\/fr\\\/applications\\\/agroalimentaire\\\/\"]}]},{\"@type\":\"BreadcrumbList\",\"@id\":\"https:\\\/\\\/www.froilabo.com\\\/fr\\\/applications\\\/agroalimentaire\\\/#breadcrumb\",\"itemListElement\":[{\"@type\":\"ListItem\",\"position\":1,\"name\":\"Home\",\"item\":\"https:\\\/\\\/www.froilabo.com\\\/fr\\\/home\\\/\"},{\"@type\":\"ListItem\",\"position\":2,\"name\":\"Applications\",\"item\":\"https:\\\/\\\/www.froilabo.com\\\/fr\\\/applications\\\/\"},{\"@type\":\"ListItem\",\"position\":3,\"name\":\"Agroalimentaire\"}]},{\"@type\":\"WebSite\",\"@id\":\"https:\\\/\\\/www.froilabo.com\\\/fr\\\/#website\",\"url\":\"https:\\\/\\\/www.froilabo.com\\\/fr\\\/\",\"name\":\"Froilabo\",\"description\":\"Precision for life\",\"potentialAction\":[{\"@type\":\"SearchAction\",\"target\":{\"@type\":\"EntryPoint\",\"urlTemplate\":\"https:\\\/\\\/www.froilabo.com\\\/fr\\\/?s={search_term_string}\"},\"query-input\":{\"@type\":\"PropertyValueSpecification\",\"valueRequired\":true,\"valueName\":\"search_term_string\"}}],\"inLanguage\":\"fr-FR\"}]}<\/script>\n<!-- \/ Yoast SEO plugin. -->","yoast_head_json":{"title":"Low Temperature Freezers | Sample Protection | Food Industry","description":"Froilabo\u2019s Low Temperature Freezers can become part of your Food Safety Management providing you with Sample Protection. Browse Online.","robots":{"index":"index","follow":"follow","max-snippet":"max-snippet:-1","max-image-preview":"max-image-preview:large","max-video-preview":"max-video-preview:-1"},"canonical":"https:\/\/www.froilabo.com\/fr\/applications\/agroalimentaire\/","og_locale":"fr_FR","og_type":"article","og_title":"Low Temperature Freezers | Sample Protection | Food Industry","og_description":"Froilabo\u2019s Low Temperature Freezers can become part of your Food Safety Management providing you with Sample Protection. Browse Online.","og_url":"https:\/\/www.froilabo.com\/fr\/applications\/agroalimentaire\/","og_site_name":"Froilabo","article_modified_time":"2025-11-25T15:09:17+00:00","twitter_card":"summary_large_image","twitter_misc":{"Dur\u00e9e de lecture estim\u00e9e":"1 minute"},"schema":{"@context":"https:\/\/schema.org","@graph":[{"@type":"WebPage","@id":"https:\/\/www.froilabo.com\/fr\/applications\/agroalimentaire\/","url":"https:\/\/www.froilabo.com\/fr\/applications\/agroalimentaire\/","name":"Low Temperature Freezers | Sample Protection | Food Industry","isPartOf":{"@id":"https:\/\/www.froilabo.com\/fr\/#website"},"datePublished":"2021-07-01T20:46:57+00:00","dateModified":"2025-11-25T15:09:17+00:00","description":"Froilabo\u2019s Low Temperature Freezers can become part of your Food Safety Management providing you with Sample Protection. Browse Online.","breadcrumb":{"@id":"https:\/\/www.froilabo.com\/fr\/applications\/agroalimentaire\/#breadcrumb"},"inLanguage":"fr-FR","potentialAction":[{"@type":"ReadAction","target":["https:\/\/www.froilabo.com\/fr\/applications\/agroalimentaire\/"]}]},{"@type":"BreadcrumbList","@id":"https:\/\/www.froilabo.com\/fr\/applications\/agroalimentaire\/#breadcrumb","itemListElement":[{"@type":"ListItem","position":1,"name":"Home","item":"https:\/\/www.froilabo.com\/fr\/home\/"},{"@type":"ListItem","position":2,"name":"Applications","item":"https:\/\/www.froilabo.com\/fr\/applications\/"},{"@type":"ListItem","position":3,"name":"Agroalimentaire"}]},{"@type":"WebSite","@id":"https:\/\/www.froilabo.com\/fr\/#website","url":"https:\/\/www.froilabo.com\/fr\/","name":"Froilabo","description":"Precision for life","potentialAction":[{"@type":"SearchAction","target":{"@type":"EntryPoint","urlTemplate":"https:\/\/www.froilabo.com\/fr\/?s={search_term_string}"},"query-input":{"@type":"PropertyValueSpecification","valueRequired":true,"valueName":"search_term_string"}}],"inLanguage":"fr-FR"}]}},"_links":{"self":[{"href":"https:\/\/www.froilabo.com\/fr\/wp-json\/wp\/v2\/pages\/1534","targetHints":{"allow":["GET"]}}],"collection":[{"href":"https:\/\/www.froilabo.com\/fr\/wp-json\/wp\/v2\/pages"}],"about":[{"href":"https:\/\/www.froilabo.com\/fr\/wp-json\/wp\/v2\/types\/page"}],"author":[{"embeddable":true,"href":"https:\/\/www.froilabo.com\/fr\/wp-json\/wp\/v2\/users\/53"}],"replies":[{"embeddable":true,"href":"https:\/\/www.froilabo.com\/fr\/wp-json\/wp\/v2\/comments?post=1534"}],"version-history":[{"count":10,"href":"https:\/\/www.froilabo.com\/fr\/wp-json\/wp\/v2\/pages\/1534\/revisions"}],"predecessor-version":[{"id":8106,"href":"https:\/\/www.froilabo.com\/fr\/wp-json\/wp\/v2\/pages\/1534\/revisions\/8106"}],"up":[{"embeddable":true,"href":"https:\/\/www.froilabo.com\/fr\/wp-json\/wp\/v2\/pages\/15995"}],"wp:attachment":[{"href":"https:\/\/www.froilabo.com\/fr\/wp-json\/wp\/v2\/media?parent=1534"}],"curies":[{"name":"wp","href":"https:\/\/api.w.org\/{rel}","templated":true}]}}