{"id":1530,"date":"2021-07-01T20:44:51","date_gmt":"2021-07-01T20:44:51","guid":{"rendered":"https:\/\/www.froilabo.com\/?page_id=1530"},"modified":"2025-11-25T15:09:17","modified_gmt":"2025-11-25T15:09:17","slug":"industrie","status":"publish","type":"page","link":"https:\/\/www.froilabo.com\/fr\/applications\/industrie\/","title":{"rendered":"Industrie"},"content":{"rendered":"<p class=\"p1\">Adapt\u00e9s aux essais et au stockage de mat\u00e9riaux pour les industriels, nos appareils Froilabo assurent une pr\u00e9cision et des performances optimales.<\/p>\n<p class=\"p1\">Fabriqu\u00e9e selon les normes les plus strictes, la gamme de cong\u00e9lateurs de laboratoire et de chambres climatiques de Froilabo, leader sur le march\u00e9, est adapt\u00e9e aux essais et au stockage de mat\u00e9riaux destin\u00e9s \u00e0 l&rsquo;industrie.<\/p>\n<ul class=\"ul1\">\n<li style=\"list-style-type: none;\">\n<ul class=\"ul1\">\n<li style=\"list-style-type: none;\">\n<ul class=\"ul2\">\n<li style=\"list-style-type: none;\">\n<ul class=\"ul1\">\n<li style=\"list-style-type: none;\">\n<ul class=\"ul1\">\n<li class=\"li1\"><strong>S\u00e9curiser vos travaux de tests de mat\u00e9riaux<\/strong><\/li>\n<\/ul>\n<\/li>\n<\/ul>\n<\/li>\n<\/ul>\n<\/li>\n<\/ul>\n<\/li>\n<\/ul>\n<p class=\"p1\">Dans un environnement de plus en plus concurrentiel, les fabricants se doivent aujourd&rsquo;hui de devenir plus comp\u00e9titifs et d&rsquo;am\u00e9liorer la qualit\u00e9 des produits et des processus.<\/p>\n<p class=\"p1\">Les \u00e9quipements Froilabo les accompagnent donc dans leurs essais de mat\u00e9riaux visant \u00e0 assurer la fiabilit\u00e9 et la s\u00e9curit\u00e9 \u00e0 long terme.<\/p>\n<p class=\"p1\">Avec des march\u00e9s de plus en plus comp\u00e9titifs, il n&rsquo;a jamais \u00e9t\u00e9 aussi important pour les fabricants de rester en t\u00eate de la concurrence avec des produits de haute qualit\u00e9 et de qualit\u00e9 sup\u00e9rieure et des proc\u00e9d\u00e9s r\u00e9ellement efficaces. Les \u00e9quipements de laboratoire de haute qualit\u00e9 de Froilabo peuvent ainsi soutenir les entreprises dans leurs essais de mat\u00e9riaux avec l&rsquo;assurance d&rsquo;une fiabilit\u00e9 et d&rsquo;une s\u00e9curit\u00e9 \u00e0 long terme.<\/p>\n<ul class=\"ul1\">\n<li style=\"list-style-type: none;\">\n<ul class=\"ul1\">\n<li style=\"list-style-type: none;\">\n<ul class=\"ul2\">\n<li style=\"list-style-type: none;\">\n<ul class=\"ul1\">\n<li style=\"list-style-type: none;\">\n<ul class=\"ul1\">\n<li class=\"li1\"><strong>Pr\u00e9cision optimale des r\u00e9sultats<\/strong><\/li>\n<\/ul>\n<\/li>\n<\/ul>\n<\/li>\n<\/ul>\n<\/li>\n<\/ul>\n<\/li>\n<\/ul>\n<p class=\"p1\">Notre \u00e9quipement vous permet d&rsquo;optimiser vos donn\u00e9es crypt\u00e9es pour obtenir la meilleure pr\u00e9cision de r\u00e9sultats.<\/p>\n<p class=\"p1\">L&rsquo;exactitude est la cl\u00e9. Notre \u00e9quipement de laboratoire vous fournit tout ce dont vous avez besoin pour optimiser vos donn\u00e9es crypt\u00e9es afin d&rsquo;obtenir la plus grande fiabilit\u00e9 et la plus grande pr\u00e9cision tout en assurant le respect des r\u00e9glementations et en am\u00e9liorant la productivit\u00e9.<\/p>\n<ul class=\"ul1\">\n<li style=\"list-style-type: none;\">\n<ul class=\"ul1\">\n<li style=\"list-style-type: none;\">\n<ul class=\"ul2\">\n<li style=\"list-style-type: none;\">\n<ul class=\"ul1\">\n<li style=\"list-style-type: none;\">\n<ul class=\"ul1\">\n<li class=\"li1\"><strong>Nos produits adapt\u00e9s pour l&rsquo;Industrie<\/strong><\/li>\n<\/ul>\n<\/li>\n<\/ul>\n<\/li>\n<\/ul>\n<\/li>\n<\/ul>\n<\/li>\n<\/ul>\n","protected":false},"excerpt":{"rendered":"<p>Adapt\u00e9s aux essais et au stockage de mat\u00e9riaux pour les industriels, nos appareils Froilabo assurent une pr\u00e9cision et des performances optimales. Fabriqu\u00e9e selon les normes les plus strictes, la gamme de cong\u00e9lateurs de laboratoire et de chambres climatiques de Froilabo, leader sur le march\u00e9, est adapt\u00e9e aux essais et au stockage de mat\u00e9riaux destin\u00e9s \u00e0 [&hellip;]<\/p>\n","protected":false},"author":53,"featured_media":0,"parent":15995,"menu_order":0,"comment_status":"closed","ping_status":"closed","template":"template-techniques.php","meta":{"_acf_changed":false,"footnotes":""},"class_list":["post-1530","page","type-page","status-publish","hentry"],"acf":{"rf_hero_vertpos":"50","rf_hero_horizpos":"50","rf_hero_textcol":"light","rf_hero_bgcol":"white","rf_hero_height":"default","rf_hero_title":"","applications":"","publications":"","documents":false,"rf_hero_type":"custom","rf_further_reading_posts":false,"rf_technique_enqform_banner_text":"","rf_hero_tint":false,"rf_hero_image":{"ID":4182,"id":4182,"title":"INDUSTRY_LANDING_IMAGE","filename":"INDUSTRY_LANDING_IMAGE.jpg","filesize":228131,"url":"https:\/\/www.froilabo.com\/wp-content\/uploads\/2021\/08\/INDUSTRY_LANDING_IMAGE.jpg","link":"https:\/\/www.froilabo.com\/fr\/applications\/industrie\/industry_landing_image-2\/","alt":"","author":"53","description":"","caption":"","name":"industry_landing_image-2","status":"inherit","uploaded_to":1530,"date":"2021-08-20 12:38:29","modified":"2021-08-20 12:38:29","menu_order":0,"mime_type":"image\/jpeg","type":"image","subtype":"jpeg","icon":"https:\/\/www.froilabo.com\/wp-includes\/images\/media\/default.png","width":2000,"height":1000,"sizes":{"thumbnail":"https:\/\/www.froilabo.com\/wp-content\/uploads\/2021\/08\/INDUSTRY_LANDING_IMAGE-150x150.jpg","thumbnail-width":150,"thumbnail-height":150,"medium":"https:\/\/www.froilabo.com\/wp-content\/uploads\/2021\/08\/INDUSTRY_LANDING_IMAGE-300x150.jpg","medium-width":300,"medium-height":150,"medium_large":"https:\/\/www.froilabo.com\/wp-content\/uploads\/2021\/08\/INDUSTRY_LANDING_IMAGE-768x384.jpg","medium_large-width":768,"medium_large-height":384,"large":"https:\/\/www.froilabo.com\/wp-content\/uploads\/2021\/08\/INDUSTRY_LANDING_IMAGE-1024x512.jpg","large-width":1024,"large-height":512,"1536x1536":"https:\/\/www.froilabo.com\/wp-content\/uploads\/2021\/08\/INDUSTRY_LANDING_IMAGE-1536x768.jpg","1536x1536-width":1536,"1536x1536-height":768,"2048x2048":"https:\/\/www.froilabo.com\/wp-content\/uploads\/2021\/08\/INDUSTRY_LANDING_IMAGE.jpg","2048x2048-width":2000,"2048x2048-height":1000,"gform-image-choice-sm":"https:\/\/www.froilabo.com\/wp-content\/uploads\/2021\/08\/INDUSTRY_LANDING_IMAGE.jpg","gform-image-choice-sm-width":300,"gform-image-choice-sm-height":150,"gform-image-choice-md":"https:\/\/www.froilabo.com\/wp-content\/uploads\/2021\/08\/INDUSTRY_LANDING_IMAGE.jpg","gform-image-choice-md-width":400,"gform-image-choice-md-height":200,"gform-image-choice-lg":"https:\/\/www.froilabo.com\/wp-content\/uploads\/2021\/08\/INDUSTRY_LANDING_IMAGE.jpg","gform-image-choice-lg-width":600,"gform-image-choice-lg-height":300}},"rf_hero_title_hide":false,"small_featured_image":"https:\/\/www.froilabo.com\/wp-content\/uploads\/2021\/06\/drill-milling-milling-machine-drilling-tool-metal-metalworking-industry-937421.jpg-d.jpg","description":"<p class=\"p1\">Adapt\u00e9s aux tests et au stockage de mat\u00e9riaux pour les industriels, nos appareils Froilabo garantissent une pr\u00e9cision et des performances optimales.<\/p>\n<p class=\"p1\">Fabriqu\u00e9s selon les normes les plus \u00e9lev\u00e9es, la gamme leader de cong\u00e9lateurs de laboratoire et de chambres climatiques Froilabo convient aux tests et au stockage de mat\u00e9riaux \u00e0 usage industriel.<\/p>\n","content":"<h3><span style=\"font-weight: 400;\">S\u00e9curisez vos tests de mat\u00e9riaux de travail<\/span><\/h3>\n<p><span style=\"font-weight: 400;\">Dans un environnement de plus en plus concurrentiel, les fabricants d&rsquo;aujourd&rsquo;hui se doivent de devenir plus comp\u00e9titifs et d&rsquo;augmenter la qualit\u00e9 des produits et des processus. Les \u00e9quipements Froilabo les accompagnent ainsi dans leurs tests de mat\u00e9riaux visant \u00e0 garantir la fiabilit\u00e9 et la s\u00e9curit\u00e9 \u00e0 long terme.  <\/span><\/p>\n<p><span style=\"font-weight: 400;\">Avec des march\u00e9s de plus en plus concurrentiels, il n&rsquo;a jamais \u00e9t\u00e9 aussi important pour les fabricants de garder une longueur d&rsquo;avance sur la concurrence avec des produits de haute qualit\u00e9, sup\u00e9rieurs et des processus v\u00e9ritablement efficaces. Les \u00e9quipements de laboratoire de haute qualit\u00e9 de Froilabo peuvent accompagner les entreprises dans leurs tests de mat\u00e9riaux avec l&rsquo;assurance d&rsquo;une fiabilit\u00e9 et d&rsquo;une s\u00e9curit\u00e9 \u00e0 long terme. <\/span><\/p>\n<h3><span style=\"font-weight: 400;\">R\u00e9sultats de pr\u00e9cision optimale<\/span><\/h3>\n<p><span style=\"font-weight: 400;\">Nos \u00e9quipements vous offrent l&rsquo;optimisation de vos donn\u00e9es crypt\u00e9es pour obtenir la meilleure pr\u00e9cision des r\u00e9sultats.<\/span><\/p>\n<p><span style=\"font-weight: 400;\">La pr\u00e9cision est essentielle. Nos \u00e9quipements de laboratoire vous fournissent tout ce dont vous avez besoin pour optimiser vos donn\u00e9es crypt\u00e9es afin d&rsquo;obtenir la fiabilit\u00e9 la plus \u00e9lev\u00e9e et la plus grande pr\u00e9cision tout en garantissant la conformit\u00e9 aux r\u00e9glementations et en am\u00e9liorant la productivit\u00e9. <\/span><\/p>\n<p><span style=\"font-weight: 400;\">Avec des march\u00e9s de plus en plus concurrentiels, il n&rsquo;a jamais \u00e9t\u00e9 aussi important pour les fabricants de garder une longueur d&rsquo;avance sur la concurrence avec des produits de haute qualit\u00e9, sup\u00e9rieurs et des processus v\u00e9ritablement efficaces. Les \u00e9quipements de laboratoire de haute qualit\u00e9 de Froilabo peuvent accompagner les entreprises dans leurs tests de mat\u00e9riaux avec l&rsquo;assurance d&rsquo;une fiabilit\u00e9 et d&rsquo;une s\u00e9curit\u00e9 \u00e0 long terme. <\/span><\/p>\n","products":[{"ID":1197,"post_author":"53","post_date":"2021-06-28 16:59:15","post_date_gmt":"2021-06-28 16:59:15","post_content":"","post_title":"Cong\u00e9lateur Evolution -86\u00b0C","post_excerpt":"","post_status":"publish","comment_status":"closed","ping_status":"closed","post_password":"","post_name":"evolution-86c","to_ping":"","pinged":"","post_modified":"2025-11-25 15:39:51","post_modified_gmt":"2025-11-25 15:39:51","post_content_filtered":"","post_parent":0,"guid":"https:\/\/www.froilabo.com\/?post_type=products&#038;p=1197","menu_order":1,"post_type":"products","post_mime_type":"","comment_count":"0","filter":"raw"},{"ID":1229,"post_author":"53","post_date":"2021-06-01 19:00:36","post_date_gmt":"2021-06-01 19:00:36","post_content":"","post_title":"Cong\u00e9lateur Bio Memory -86\u00b0C (mod\u00e8le coffre)","post_excerpt":"","post_status":"publish","comment_status":"closed","ping_status":"closed","post_password":"","post_name":"bmh-86c","to_ping":"","pinged":"","post_modified":"2025-11-25 15:39:48","post_modified_gmt":"2025-11-25 15:39:48","post_content_filtered":"","post_parent":0,"guid":"https:\/\/www.froilabo.com\/?post_type=products&#038;p=1229","menu_order":3,"post_type":"products","post_mime_type":"","comment_count":"0","filter":"raw"},{"ID":1233,"post_author":"53","post_date":"2021-06-28 19:03:57","post_date_gmt":"2021-06-28 19:03:57","post_content":"","post_title":"Cong\u00e9lateur Evolution -45\u00b0C","post_excerpt":"","post_status":"publish","comment_status":"closed","ping_status":"closed","post_password":"","post_name":"evolution-45c","to_ping":"","pinged":"","post_modified":"2025-11-25 15:39:49","post_modified_gmt":"2025-11-25 15:39:49","post_content_filtered":"","post_parent":0,"guid":"https:\/\/www.froilabo.com\/?post_type=products&#038;p=1233","menu_order":1,"post_type":"products","post_mime_type":"","comment_count":"0","filter":"raw"},{"ID":1236,"post_author":"53","post_date":"2021-06-05 19:06:57","post_date_gmt":"2021-06-05 19:06:57","post_content":"","post_title":"Cong\u00e9lateur Trust -86 \u00b0C","post_excerpt":"","post_status":"publish","comment_status":"closed","ping_status":"closed","post_password":"","post_name":"trust-86c","to_ping":"","pinged":"","post_modified":"2025-11-25 15:12:22","post_modified_gmt":"2025-11-25 15:12:22","post_content_filtered":"","post_parent":0,"guid":"https:\/\/www.froilabo.com\/?post_type=products&#038;p=1236","menu_order":2,"post_type":"products","post_mime_type":"","comment_count":"0","filter":"raw"},{"ID":1239,"post_author":"53","post_date":"2021-06-01 19:09:46","post_date_gmt":"2021-06-01 19:09:46","post_content":"","post_title":"\u00c9tuves \u00e0 air puls\u00e9 - grand volume","post_excerpt":"","post_status":"publish","comment_status":"closed","ping_status":"closed","post_password":"","post_name":"air-performance-large-volume","to_ping":"","pinged":"","post_modified":"2025-11-25 15:12:20","post_modified_gmt":"2025-11-25 15:12:20","post_content_filtered":"","post_parent":0,"guid":"https:\/\/www.froilabo.com\/?post_type=products&#038;p=1239","menu_order":0,"post_type":"products","post_mime_type":"","comment_count":"0","filter":"raw"},{"ID":1241,"post_author":"53","post_date":"2021-06-02 19:11:50","post_date_gmt":"2021-06-02 19:11:50","post_content":"","post_title":"\u00c9tuves Air Expert","post_excerpt":"","post_status":"publish","comment_status":"closed","ping_status":"closed","post_password":"","post_name":"air-expert","to_ping":"","pinged":"","post_modified":"2025-11-25 15:39:45","post_modified_gmt":"2025-11-25 15:39:45","post_content_filtered":"","post_parent":0,"guid":"https:\/\/www.froilabo.com\/?post_type=products&#038;p=1241","menu_order":0,"post_type":"products","post_mime_type":"","comment_count":"0","filter":"raw"},{"ID":1263,"post_author":"53","post_date":"2021-06-28 19:37:32","post_date_gmt":"2021-06-28 19:37:32","post_content":"","post_title":"Dragon","post_excerpt":"","post_status":"publish","comment_status":"closed","ping_status":"closed","post_password":"","post_name":"dragon-3-1","to_ping":"","pinged":"","post_modified":"2025-11-25 15:12:05","post_modified_gmt":"2025-11-25 15:12:05","post_content_filtered":"","post_parent":0,"guid":"https:\/\/www.froilabo.com\/?post_type=products&#038;p=1263","menu_order":0,"post_type":"products","post_mime_type":"","comment_count":"0","filter":"raw"},{"ID":3638,"post_author":"53","post_date":"2021-06-02 14:23:52","post_date_gmt":"2021-06-02 14:23:52","post_content":"","post_title":"Cong\u00e9lateur Bio Memory -86\u00b0C","post_excerpt":"","post_status":"publish","comment_status":"closed","ping_status":"closed","post_password":"","post_name":"bm-bmt-86c2","to_ping":"","pinged":"","post_modified":"2025-11-25 15:39:40","post_modified_gmt":"2025-11-25 15:39:40","post_content_filtered":"","post_parent":0,"guid":"https:\/\/www.froilabo.com\/products\/bm-bmt-86c2\/","menu_order":4,"post_type":"products","post_mime_type":"","comment_count":"0","filter":"raw"},{"ID":762,"post_author":"53","post_date":"2021-06-17 15:16:55","post_date_gmt":"2021-06-17 15:16:55","post_content":"","post_title":"Air Performance Ovens","post_excerpt":"","post_status":"draft","comment_status":"closed","ping_status":"closed","post_password":"","post_name":"air-performance","to_ping":"","pinged":"","post_modified":"2024-01-18 13:57:52","post_modified_gmt":"2024-01-18 13:57:52","post_content_filtered":"","post_parent":0,"guid":"https:\/\/www.froilabo.com\/?post_type=products&#038;p=762","menu_order":0,"post_type":"products","post_mime_type":"","comment_count":"0","filter":"raw"}],"rf_technique_enqform":true,"rf_technique_enqform_select":4,"rf_technique_enqform_button_text":"Demandez maintenant","rf_sitemap_hide":true},"yoast_head":"<!-- This site is optimized with the Yoast SEO plugin v27.3 - https:\/\/yoast.com\/product\/yoast-seo-wordpress\/ -->\n<title>\u00c9quipement de Laboratoire \u2013 Cong\u00e9lateurs, Chambres Climatiques | Contr\u00f4le de Temp\u00e9rature pour l&#039;Industrie<\/title>\n<meta name=\"description\" content=\"D\u00e9couvrez la gamme leader d&#039;\u00e9quipements de laboratoire \u00e0 contr\u00f4le de temp\u00e9rature Froilabo. Cong\u00e9lateurs de laboratoire et chambres climatiques con\u00e7us pour soutenir l&#039;industrie.\" \/>\n<meta name=\"robots\" content=\"index, follow, max-snippet:-1, max-image-preview:large, max-video-preview:-1\" \/>\n<link rel=\"canonical\" href=\"https:\/\/www.froilabo.com\/fr\/applications\/industrie\/\" \/>\n<meta property=\"og:locale\" content=\"fr_FR\" \/>\n<meta property=\"og:type\" content=\"article\" \/>\n<meta property=\"og:title\" content=\"\u00c9quipement de Laboratoire \u2013 Cong\u00e9lateurs, Chambres Climatiques | Contr\u00f4le de Temp\u00e9rature pour l&#039;Industrie\" \/>\n<meta property=\"og:description\" content=\"D\u00e9couvrez la gamme leader d&#039;\u00e9quipements de laboratoire \u00e0 contr\u00f4le de temp\u00e9rature Froilabo. Cong\u00e9lateurs de laboratoire et chambres climatiques con\u00e7us pour soutenir l&#039;industrie.\" \/>\n<meta property=\"og:url\" content=\"https:\/\/www.froilabo.com\/fr\/applications\/industrie\/\" \/>\n<meta property=\"og:site_name\" content=\"Froilabo\" \/>\n<meta property=\"article:modified_time\" content=\"2025-11-25T15:09:17+00:00\" \/>\n<meta name=\"twitter:card\" content=\"summary_large_image\" \/>\n<meta name=\"twitter:label1\" content=\"Dur\u00e9e de lecture estim\u00e9e\" \/>\n\t<meta name=\"twitter:data1\" content=\"2 minutes\" \/>\n<script type=\"application\/ld+json\" class=\"yoast-schema-graph\">{\"@context\":\"https:\\\/\\\/schema.org\",\"@graph\":[{\"@type\":\"WebPage\",\"@id\":\"https:\\\/\\\/www.froilabo.com\\\/fr\\\/applications\\\/industrie\\\/\",\"url\":\"https:\\\/\\\/www.froilabo.com\\\/fr\\\/applications\\\/industrie\\\/\",\"name\":\"\u00c9quipement de Laboratoire \u2013 Cong\u00e9lateurs, Chambres Climatiques | Contr\u00f4le de Temp\u00e9rature pour l'Industrie\",\"isPartOf\":{\"@id\":\"https:\\\/\\\/www.froilabo.com\\\/fr\\\/#website\"},\"datePublished\":\"2021-07-01T20:44:51+00:00\",\"dateModified\":\"2025-11-25T15:09:17+00:00\",\"description\":\"D\u00e9couvrez la gamme leader d'\u00e9quipements de laboratoire \u00e0 contr\u00f4le de temp\u00e9rature Froilabo. Cong\u00e9lateurs de laboratoire et chambres climatiques con\u00e7us pour soutenir l'industrie.\",\"breadcrumb\":{\"@id\":\"https:\\\/\\\/www.froilabo.com\\\/fr\\\/applications\\\/industrie\\\/#breadcrumb\"},\"inLanguage\":\"fr-FR\",\"potentialAction\":[{\"@type\":\"ReadAction\",\"target\":[\"https:\\\/\\\/www.froilabo.com\\\/fr\\\/applications\\\/industrie\\\/\"]}]},{\"@type\":\"BreadcrumbList\",\"@id\":\"https:\\\/\\\/www.froilabo.com\\\/fr\\\/applications\\\/industrie\\\/#breadcrumb\",\"itemListElement\":[{\"@type\":\"ListItem\",\"position\":1,\"name\":\"Home\",\"item\":\"https:\\\/\\\/www.froilabo.com\\\/fr\\\/home\\\/\"},{\"@type\":\"ListItem\",\"position\":2,\"name\":\"Applications\",\"item\":\"https:\\\/\\\/www.froilabo.com\\\/fr\\\/applications\\\/\"},{\"@type\":\"ListItem\",\"position\":3,\"name\":\"Industrie\"}]},{\"@type\":\"WebSite\",\"@id\":\"https:\\\/\\\/www.froilabo.com\\\/fr\\\/#website\",\"url\":\"https:\\\/\\\/www.froilabo.com\\\/fr\\\/\",\"name\":\"Froilabo\",\"description\":\"Precision for life\",\"potentialAction\":[{\"@type\":\"SearchAction\",\"target\":{\"@type\":\"EntryPoint\",\"urlTemplate\":\"https:\\\/\\\/www.froilabo.com\\\/fr\\\/?s={search_term_string}\"},\"query-input\":{\"@type\":\"PropertyValueSpecification\",\"valueRequired\":true,\"valueName\":\"search_term_string\"}}],\"inLanguage\":\"fr-FR\"}]}<\/script>\n<!-- \/ Yoast SEO plugin. -->","yoast_head_json":{"title":"\u00c9quipement de Laboratoire \u2013 Cong\u00e9lateurs, Chambres Climatiques | Contr\u00f4le de Temp\u00e9rature pour l'Industrie","description":"D\u00e9couvrez la gamme leader d'\u00e9quipements de laboratoire \u00e0 contr\u00f4le de temp\u00e9rature Froilabo. Cong\u00e9lateurs de laboratoire et chambres climatiques con\u00e7us pour soutenir l'industrie.","robots":{"index":"index","follow":"follow","max-snippet":"max-snippet:-1","max-image-preview":"max-image-preview:large","max-video-preview":"max-video-preview:-1"},"canonical":"https:\/\/www.froilabo.com\/fr\/applications\/industrie\/","og_locale":"fr_FR","og_type":"article","og_title":"\u00c9quipement de Laboratoire \u2013 Cong\u00e9lateurs, Chambres Climatiques | Contr\u00f4le de Temp\u00e9rature pour l'Industrie","og_description":"D\u00e9couvrez la gamme leader d'\u00e9quipements de laboratoire \u00e0 contr\u00f4le de temp\u00e9rature Froilabo. Cong\u00e9lateurs de laboratoire et chambres climatiques con\u00e7us pour soutenir l'industrie.","og_url":"https:\/\/www.froilabo.com\/fr\/applications\/industrie\/","og_site_name":"Froilabo","article_modified_time":"2025-11-25T15:09:17+00:00","twitter_card":"summary_large_image","twitter_misc":{"Dur\u00e9e de lecture estim\u00e9e":"2 minutes"},"schema":{"@context":"https:\/\/schema.org","@graph":[{"@type":"WebPage","@id":"https:\/\/www.froilabo.com\/fr\/applications\/industrie\/","url":"https:\/\/www.froilabo.com\/fr\/applications\/industrie\/","name":"\u00c9quipement de Laboratoire \u2013 Cong\u00e9lateurs, Chambres Climatiques | Contr\u00f4le de Temp\u00e9rature pour l'Industrie","isPartOf":{"@id":"https:\/\/www.froilabo.com\/fr\/#website"},"datePublished":"2021-07-01T20:44:51+00:00","dateModified":"2025-11-25T15:09:17+00:00","description":"D\u00e9couvrez la gamme leader d'\u00e9quipements de laboratoire \u00e0 contr\u00f4le de temp\u00e9rature Froilabo. Cong\u00e9lateurs de laboratoire et chambres climatiques con\u00e7us pour soutenir l'industrie.","breadcrumb":{"@id":"https:\/\/www.froilabo.com\/fr\/applications\/industrie\/#breadcrumb"},"inLanguage":"fr-FR","potentialAction":[{"@type":"ReadAction","target":["https:\/\/www.froilabo.com\/fr\/applications\/industrie\/"]}]},{"@type":"BreadcrumbList","@id":"https:\/\/www.froilabo.com\/fr\/applications\/industrie\/#breadcrumb","itemListElement":[{"@type":"ListItem","position":1,"name":"Home","item":"https:\/\/www.froilabo.com\/fr\/home\/"},{"@type":"ListItem","position":2,"name":"Applications","item":"https:\/\/www.froilabo.com\/fr\/applications\/"},{"@type":"ListItem","position":3,"name":"Industrie"}]},{"@type":"WebSite","@id":"https:\/\/www.froilabo.com\/fr\/#website","url":"https:\/\/www.froilabo.com\/fr\/","name":"Froilabo","description":"Precision for life","potentialAction":[{"@type":"SearchAction","target":{"@type":"EntryPoint","urlTemplate":"https:\/\/www.froilabo.com\/fr\/?s={search_term_string}"},"query-input":{"@type":"PropertyValueSpecification","valueRequired":true,"valueName":"search_term_string"}}],"inLanguage":"fr-FR"}]}},"_links":{"self":[{"href":"https:\/\/www.froilabo.com\/fr\/wp-json\/wp\/v2\/pages\/1530","targetHints":{"allow":["GET"]}}],"collection":[{"href":"https:\/\/www.froilabo.com\/fr\/wp-json\/wp\/v2\/pages"}],"about":[{"href":"https:\/\/www.froilabo.com\/fr\/wp-json\/wp\/v2\/types\/page"}],"author":[{"embeddable":true,"href":"https:\/\/www.froilabo.com\/fr\/wp-json\/wp\/v2\/users\/53"}],"replies":[{"embeddable":true,"href":"https:\/\/www.froilabo.com\/fr\/wp-json\/wp\/v2\/comments?post=1530"}],"version-history":[{"count":11,"href":"https:\/\/www.froilabo.com\/fr\/wp-json\/wp\/v2\/pages\/1530\/revisions"}],"predecessor-version":[{"id":8109,"href":"https:\/\/www.froilabo.com\/fr\/wp-json\/wp\/v2\/pages\/1530\/revisions\/8109"}],"up":[{"embeddable":true,"href":"https:\/\/www.froilabo.com\/fr\/wp-json\/wp\/v2\/pages\/15995"}],"wp:attachment":[{"href":"https:\/\/www.froilabo.com\/fr\/wp-json\/wp\/v2\/media?parent=1530"}],"curies":[{"name":"wp","href":"https:\/\/api.w.org\/{rel}","templated":true}]}}