{"id":1517,"date":"2021-07-01T20:37:11","date_gmt":"2021-07-01T20:37:11","guid":{"rendered":"https:\/\/www.froilabo.com\/?page_id=1517"},"modified":"2025-11-25T15:09:17","modified_gmt":"2025-11-25T15:09:17","slug":"aeronautique-electronique","status":"publish","type":"page","link":"https:\/\/www.froilabo.com\/fr\/applications\/aeronautique-electronique\/","title":{"rendered":"A\u00e9ronautique \/ Electronique"},"content":{"rendered":"<p class=\"p1\">Notre \u00e9quipement de contr\u00f4le de la temp\u00e9rature est \u00e9conome en \u00e9nergie et constitue un outil id\u00e9al pour \u00e9tudier les tests de comportement sur des \u00e9chantillons en les soumettant \u00e0 des cycles thermiques.<\/p>\n<ul class=\"ul1\">\n<li style=\"list-style-type: none;\">\n<ul class=\"ul1\">\n<li style=\"list-style-type: none;\">\n<ul class=\"ul2\">\n<li style=\"list-style-type: none;\">\n<ul class=\"ul1\">\n<li style=\"list-style-type: none;\">\n<ul class=\"ul1\">\n<li class=\"li1\"><strong>Etudier les essais de comportements<\/strong><\/li>\n<\/ul>\n<\/li>\n<\/ul>\n<\/li>\n<\/ul>\n<\/li>\n<\/ul>\n<\/li>\n<\/ul>\n<p class=\"p1\">Les laboratoires de recherche et d\u00e9veloppement doivent fr\u00e9quemment effectuer des tests de comportement sur leurs \u00e9chantillons.<\/p>\n<p class=\"p1\">La gamme d&rsquo;\u00e9quipements de laboratoire \u00e0 temp\u00e9rature contr\u00f4l\u00e9e de Froilabo vous permet de soumettre des \u00e9chantillons \u00e0 des changements soudains de temp\u00e9rature et\/ou des cycles thermiques afin d&rsquo;\u00e9tudier leur \u00e9volution.<\/p>\n<ul class=\"ul1\">\n<li style=\"list-style-type: none;\">\n<ul class=\"ul1\">\n<li style=\"list-style-type: none;\">\n<ul class=\"ul2\">\n<li style=\"list-style-type: none;\">\n<ul class=\"ul1\">\n<li style=\"list-style-type: none;\">\n<ul class=\"ul1\">\n<li class=\"li1\"><strong>Une amplitude thermique de -86\u00b0C \u00e0 +250\u00b0C<\/strong><\/li>\n<\/ul>\n<\/li>\n<\/ul>\n<\/li>\n<\/ul>\n<\/li>\n<\/ul>\n<\/li>\n<\/ul>\n<p class=\"p1\">La gamme de produits Froilabo couvre un large spectre de temp\u00e9ratures.<\/p>\n<p class=\"p1\">Nos produits permettront \u00e0 vos \u00e9quipes de R&amp;D de tester des composants \u00e0 des variations de temp\u00e9rature importantes allant de -86\u00b0C \u00e0 + 250\u00b0C en quelques secondes.<\/p>\n<ul class=\"ul1\">\n<li style=\"list-style-type: none;\">\n<ul class=\"ul1\">\n<li style=\"list-style-type: none;\">\n<ul class=\"ul2\">\n<li style=\"list-style-type: none;\">\n<ul class=\"ul1\">\n<li style=\"list-style-type: none;\">\n<ul class=\"ul1\">\n<li class=\"li1\"><strong>Nos produits adapt\u00e9s pour l&rsquo;A\u00e9ronautique \/ l&rsquo;\u00e9lectronique<\/strong><\/li>\n<\/ul>\n<\/li>\n<\/ul>\n<\/li>\n<\/ul>\n<\/li>\n<\/ul>\n<\/li>\n<\/ul>\n","protected":false},"excerpt":{"rendered":"<p>Notre \u00e9quipement de contr\u00f4le de la temp\u00e9rature est \u00e9conome en \u00e9nergie et constitue un outil id\u00e9al pour \u00e9tudier les tests de comportement sur des \u00e9chantillons en les soumettant \u00e0 des cycles thermiques. Etudier les essais de comportements Les laboratoires de recherche et d\u00e9veloppement doivent fr\u00e9quemment effectuer des tests de comportement sur leurs \u00e9chantillons. La gamme [&hellip;]<\/p>\n","protected":false},"author":53,"featured_media":986,"parent":15995,"menu_order":0,"comment_status":"closed","ping_status":"closed","template":"template-techniques.php","meta":{"_acf_changed":false,"footnotes":""},"class_list":["post-1517","page","type-page","status-publish","has-post-thumbnail","hentry"],"acf":{"rf_hero_vertpos":"50","rf_hero_horizpos":"50","rf_hero_textcol":"light","rf_hero_bgcol":"white","rf_hero_tint":false,"rf_hero_height":"default","rf_hero_title_hide":false,"rf_hero_title":"","rf_sitemap_hide":true,"rf_technique_enqform":true,"content":"<p><strong>Etudier les essais de comportements<\/strong><\/p>\n<p class=\"p1\">Les laboratoires de recherche et d\u00e9veloppement doivent fr\u00e9quemment effectuer des tests de comportement sur leurs \u00e9chantillons.<\/p>\n<p class=\"p1\">La gamme d&rsquo;\u00e9quipements de laboratoire \u00e0 temp\u00e9rature contr\u00f4l\u00e9e de Froilabo vous permet de soumettre des \u00e9chantillons \u00e0 des changements soudains de temp\u00e9rature et\/ou des cycles thermiques afin d&rsquo;\u00e9tudier leur \u00e9volution.<\/p>\n<p><strong>Une amplitude thermique de -86\u00b0C \u00e0 +250\u00b0C<\/strong><\/p>\n<p class=\"p1\">La gamme de produits Froilabo couvre un large spectre de temp\u00e9ratures.<\/p>\n<p class=\"p1\">Nos produits permettront \u00e0 vos \u00e9quipes de R&amp;D de tester des composants \u00e0 des variations de temp\u00e9rature importantes allant de -86\u00b0C \u00e0 + 250\u00b0C en quelques secondes.<\/p>\n","description":"<p class=\"p1\">Notre \u00e9quipement de contr\u00f4le de la temp\u00e9rature est \u00e9conome en \u00e9nergie et constitue un outil id\u00e9al pour \u00e9tudier les tests de comportement sur des \u00e9chantillons en les soumettant \u00e0 des cycles thermiques.<\/p>\n<p><strong>Nos produits adapt\u00e9s pour l&rsquo;A\u00e9ronautique \/ l&rsquo;\u00e9lectronique<\/strong><\/p>\n","products":[{"ID":1197,"post_author":"53","post_date":"2021-06-28 16:59:15","post_date_gmt":"2021-06-28 16:59:15","post_content":"","post_title":"Cong\u00e9lateur Evolution -86\u00b0C","post_excerpt":"","post_status":"publish","comment_status":"closed","ping_status":"closed","post_password":"","post_name":"evolution-86c","to_ping":"","pinged":"","post_modified":"2025-11-25 15:39:51","post_modified_gmt":"2025-11-25 15:39:51","post_content_filtered":"","post_parent":0,"guid":"https:\/\/www.froilabo.com\/?post_type=products&#038;p=1197","menu_order":1,"post_type":"products","post_mime_type":"","comment_count":"0","filter":"raw"},{"ID":1263,"post_author":"53","post_date":"2021-06-28 19:37:32","post_date_gmt":"2021-06-28 19:37:32","post_content":"","post_title":"Dragon","post_excerpt":"","post_status":"publish","comment_status":"closed","ping_status":"closed","post_password":"","post_name":"dragon-3-1","to_ping":"","pinged":"","post_modified":"2025-11-25 15:12:05","post_modified_gmt":"2025-11-25 15:12:05","post_content_filtered":"","post_parent":0,"guid":"https:\/\/www.froilabo.com\/?post_type=products&#038;p=1263","menu_order":0,"post_type":"products","post_mime_type":"","comment_count":"0","filter":"raw"},{"ID":3638,"post_author":"53","post_date":"2021-06-02 14:23:52","post_date_gmt":"2021-06-02 14:23:52","post_content":"","post_title":"Cong\u00e9lateur Bio Memory -86\u00b0C","post_excerpt":"","post_status":"publish","comment_status":"closed","ping_status":"closed","post_password":"","post_name":"bm-bmt-86c2","to_ping":"","pinged":"","post_modified":"2025-11-25 15:39:40","post_modified_gmt":"2025-11-25 15:39:40","post_content_filtered":"","post_parent":0,"guid":"https:\/\/www.froilabo.com\/products\/bm-bmt-86c2\/","menu_order":4,"post_type":"products","post_mime_type":"","comment_count":"0","filter":"raw"},{"ID":1229,"post_author":"53","post_date":"2021-06-01 19:00:36","post_date_gmt":"2021-06-01 19:00:36","post_content":"","post_title":"Cong\u00e9lateur Bio Memory -86\u00b0C (mod\u00e8le coffre)","post_excerpt":"","post_status":"publish","comment_status":"closed","ping_status":"closed","post_password":"","post_name":"bmh-86c","to_ping":"","pinged":"","post_modified":"2025-11-25 15:39:48","post_modified_gmt":"2025-11-25 15:39:48","post_content_filtered":"","post_parent":0,"guid":"https:\/\/www.froilabo.com\/?post_type=products&#038;p=1229","menu_order":3,"post_type":"products","post_mime_type":"","comment_count":"0","filter":"raw"},{"ID":1233,"post_author":"53","post_date":"2021-06-28 19:03:57","post_date_gmt":"2021-06-28 19:03:57","post_content":"","post_title":"Cong\u00e9lateur Evolution -45\u00b0C","post_excerpt":"","post_status":"publish","comment_status":"closed","ping_status":"closed","post_password":"","post_name":"evolution-45c","to_ping":"","pinged":"","post_modified":"2025-11-25 15:39:49","post_modified_gmt":"2025-11-25 15:39:49","post_content_filtered":"","post_parent":0,"guid":"https:\/\/www.froilabo.com\/?post_type=products&#038;p=1233","menu_order":1,"post_type":"products","post_mime_type":"","comment_count":"0","filter":"raw"},{"ID":1241,"post_author":"53","post_date":"2021-06-02 19:11:50","post_date_gmt":"2021-06-02 19:11:50","post_content":"","post_title":"\u00c9tuves Air Expert","post_excerpt":"","post_status":"publish","comment_status":"closed","ping_status":"closed","post_password":"","post_name":"air-expert","to_ping":"","pinged":"","post_modified":"2025-11-25 15:39:45","post_modified_gmt":"2025-11-25 15:39:45","post_content_filtered":"","post_parent":0,"guid":"https:\/\/www.froilabo.com\/?post_type=products&#038;p=1241","menu_order":0,"post_type":"products","post_mime_type":"","comment_count":"0","filter":"raw"},{"ID":1239,"post_author":"53","post_date":"2021-06-01 19:09:46","post_date_gmt":"2021-06-01 19:09:46","post_content":"","post_title":"\u00c9tuves \u00e0 air puls\u00e9 - grand volume","post_excerpt":"","post_status":"publish","comment_status":"closed","ping_status":"closed","post_password":"","post_name":"air-performance-large-volume","to_ping":"","pinged":"","post_modified":"2025-11-25 15:12:20","post_modified_gmt":"2025-11-25 15:12:20","post_content_filtered":"","post_parent":0,"guid":"https:\/\/www.froilabo.com\/?post_type=products&#038;p=1239","menu_order":0,"post_type":"products","post_mime_type":"","comment_count":"0","filter":"raw"},{"ID":1236,"post_author":"53","post_date":"2021-06-05 19:06:57","post_date_gmt":"2021-06-05 19:06:57","post_content":"","post_title":"Cong\u00e9lateur Trust -86 \u00b0C","post_excerpt":"","post_status":"publish","comment_status":"closed","ping_status":"closed","post_password":"","post_name":"trust-86c","to_ping":"","pinged":"","post_modified":"2025-11-25 15:12:22","post_modified_gmt":"2025-11-25 15:12:22","post_content_filtered":"","post_parent":0,"guid":"https:\/\/www.froilabo.com\/?post_type=products&#038;p=1236","menu_order":2,"post_type":"products","post_mime_type":"","comment_count":"0","filter":"raw"}],"applications":"","publications":"","documents":false,"rf_technique_enqform_select":8,"rf_technique_enqform_button_text":"","rf_technique_enqform_banner_text":"","rf_further_reading_posts":false,"rf_hero_type":"custom","rf_hero_image":false,"small_featured_image":false},"yoast_head":"<!-- This site is optimized with the Yoast SEO plugin v27.3 - https:\/\/yoast.com\/product\/yoast-seo-wordpress\/ -->\n<title>A\u00e9ronautique \/ Electronique<\/title>\n<meta name=\"description\" content=\"\u00c9quipement de contr\u00f4le de la temp\u00e9rature \u00e0 haut rendement \u00e9nerg\u00e9tique pour l&#039;industrie a\u00e9ronautique et \u00e9lectronique. D\u00e9couvrez nos solutions d&#039;\u00e9quipement de laboratoire en ligne.\" \/>\n<meta name=\"robots\" content=\"index, follow, max-snippet:-1, max-image-preview:large, max-video-preview:-1\" \/>\n<link rel=\"canonical\" href=\"https:\/\/www.froilabo.com\/fr\/applications\/aeronautique-electronique\/\" \/>\n<meta property=\"og:locale\" content=\"fr_FR\" \/>\n<meta property=\"og:type\" content=\"article\" \/>\n<meta property=\"og:title\" content=\"A\u00e9ronautique \/ Electronique\" \/>\n<meta property=\"og:description\" content=\"\u00c9quipement de contr\u00f4le de la temp\u00e9rature \u00e0 haut rendement \u00e9nerg\u00e9tique pour l&#039;industrie a\u00e9ronautique et \u00e9lectronique. D\u00e9couvrez nos solutions d&#039;\u00e9quipement de laboratoire en ligne.\" \/>\n<meta property=\"og:url\" content=\"https:\/\/www.froilabo.com\/fr\/applications\/aeronautique-electronique\/\" \/>\n<meta property=\"og:site_name\" content=\"Froilabo\" \/>\n<meta property=\"article:modified_time\" content=\"2025-11-25T15:09:17+00:00\" \/>\n<meta property=\"og:image\" content=\"https:\/\/www.froilabo.com\/wp-content\/uploads\/2021\/06\/shutterstock-65680183.jpg\" \/>\n\t<meta property=\"og:image:width\" content=\"1599\" \/>\n\t<meta property=\"og:image:height\" content=\"1064\" \/>\n\t<meta property=\"og:image:type\" content=\"image\/jpeg\" \/>\n<meta name=\"twitter:card\" content=\"summary_large_image\" \/>\n<meta name=\"twitter:label1\" content=\"Dur\u00e9e de lecture estim\u00e9e\" \/>\n\t<meta name=\"twitter:data1\" content=\"1 minute\" \/>\n<script type=\"application\/ld+json\" class=\"yoast-schema-graph\">{\"@context\":\"https:\\\/\\\/schema.org\",\"@graph\":[{\"@type\":\"WebPage\",\"@id\":\"https:\\\/\\\/www.froilabo.com\\\/fr\\\/applications\\\/aeronautique-electronique\\\/\",\"url\":\"https:\\\/\\\/www.froilabo.com\\\/fr\\\/applications\\\/aeronautique-electronique\\\/\",\"name\":\"A\u00e9ronautique \\\/ Electronique\",\"isPartOf\":{\"@id\":\"https:\\\/\\\/www.froilabo.com\\\/fr\\\/#website\"},\"primaryImageOfPage\":{\"@id\":\"https:\\\/\\\/www.froilabo.com\\\/fr\\\/applications\\\/aeronautique-electronique\\\/#primaryimage\"},\"image\":{\"@id\":\"https:\\\/\\\/www.froilabo.com\\\/fr\\\/applications\\\/aeronautique-electronique\\\/#primaryimage\"},\"thumbnailUrl\":\"https:\\\/\\\/www.froilabo.com\\\/wp-content\\\/uploads\\\/2021\\\/06\\\/shutterstock-65680183.jpg\",\"datePublished\":\"2021-07-01T20:37:11+00:00\",\"dateModified\":\"2025-11-25T15:09:17+00:00\",\"description\":\"\u00c9quipement de contr\u00f4le de la temp\u00e9rature \u00e0 haut rendement \u00e9nerg\u00e9tique pour l'industrie a\u00e9ronautique et \u00e9lectronique. D\u00e9couvrez nos solutions d'\u00e9quipement de laboratoire en ligne.\",\"breadcrumb\":{\"@id\":\"https:\\\/\\\/www.froilabo.com\\\/fr\\\/applications\\\/aeronautique-electronique\\\/#breadcrumb\"},\"inLanguage\":\"fr-FR\",\"potentialAction\":[{\"@type\":\"ReadAction\",\"target\":[\"https:\\\/\\\/www.froilabo.com\\\/fr\\\/applications\\\/aeronautique-electronique\\\/\"]}]},{\"@type\":\"ImageObject\",\"inLanguage\":\"fr-FR\",\"@id\":\"https:\\\/\\\/www.froilabo.com\\\/fr\\\/applications\\\/aeronautique-electronique\\\/#primaryimage\",\"url\":\"https:\\\/\\\/www.froilabo.com\\\/wp-content\\\/uploads\\\/2021\\\/06\\\/shutterstock-65680183.jpg\",\"contentUrl\":\"https:\\\/\\\/www.froilabo.com\\\/wp-content\\\/uploads\\\/2021\\\/06\\\/shutterstock-65680183.jpg\",\"width\":1599,\"height\":1064},{\"@type\":\"BreadcrumbList\",\"@id\":\"https:\\\/\\\/www.froilabo.com\\\/fr\\\/applications\\\/aeronautique-electronique\\\/#breadcrumb\",\"itemListElement\":[{\"@type\":\"ListItem\",\"position\":1,\"name\":\"Home\",\"item\":\"https:\\\/\\\/www.froilabo.com\\\/fr\\\/home\\\/\"},{\"@type\":\"ListItem\",\"position\":2,\"name\":\"Applications\",\"item\":\"https:\\\/\\\/www.froilabo.com\\\/fr\\\/applications\\\/\"},{\"@type\":\"ListItem\",\"position\":3,\"name\":\"A\u00e9ronautique \\\/ Electronique\"}]},{\"@type\":\"WebSite\",\"@id\":\"https:\\\/\\\/www.froilabo.com\\\/fr\\\/#website\",\"url\":\"https:\\\/\\\/www.froilabo.com\\\/fr\\\/\",\"name\":\"Froilabo\",\"description\":\"Precision for life\",\"potentialAction\":[{\"@type\":\"SearchAction\",\"target\":{\"@type\":\"EntryPoint\",\"urlTemplate\":\"https:\\\/\\\/www.froilabo.com\\\/fr\\\/?s={search_term_string}\"},\"query-input\":{\"@type\":\"PropertyValueSpecification\",\"valueRequired\":true,\"valueName\":\"search_term_string\"}}],\"inLanguage\":\"fr-FR\"}]}<\/script>\n<!-- \/ Yoast SEO plugin. -->","yoast_head_json":{"title":"A\u00e9ronautique \/ Electronique","description":"\u00c9quipement de contr\u00f4le de la temp\u00e9rature \u00e0 haut rendement \u00e9nerg\u00e9tique pour l'industrie a\u00e9ronautique et \u00e9lectronique. D\u00e9couvrez nos solutions d'\u00e9quipement de laboratoire en ligne.","robots":{"index":"index","follow":"follow","max-snippet":"max-snippet:-1","max-image-preview":"max-image-preview:large","max-video-preview":"max-video-preview:-1"},"canonical":"https:\/\/www.froilabo.com\/fr\/applications\/aeronautique-electronique\/","og_locale":"fr_FR","og_type":"article","og_title":"A\u00e9ronautique \/ Electronique","og_description":"\u00c9quipement de contr\u00f4le de la temp\u00e9rature \u00e0 haut rendement \u00e9nerg\u00e9tique pour l'industrie a\u00e9ronautique et \u00e9lectronique. D\u00e9couvrez nos solutions d'\u00e9quipement de laboratoire en ligne.","og_url":"https:\/\/www.froilabo.com\/fr\/applications\/aeronautique-electronique\/","og_site_name":"Froilabo","article_modified_time":"2025-11-25T15:09:17+00:00","og_image":[{"width":1599,"height":1064,"url":"https:\/\/www.froilabo.com\/wp-content\/uploads\/2021\/06\/shutterstock-65680183.jpg","type":"image\/jpeg"}],"twitter_card":"summary_large_image","twitter_misc":{"Dur\u00e9e de lecture estim\u00e9e":"1 minute"},"schema":{"@context":"https:\/\/schema.org","@graph":[{"@type":"WebPage","@id":"https:\/\/www.froilabo.com\/fr\/applications\/aeronautique-electronique\/","url":"https:\/\/www.froilabo.com\/fr\/applications\/aeronautique-electronique\/","name":"A\u00e9ronautique \/ Electronique","isPartOf":{"@id":"https:\/\/www.froilabo.com\/fr\/#website"},"primaryImageOfPage":{"@id":"https:\/\/www.froilabo.com\/fr\/applications\/aeronautique-electronique\/#primaryimage"},"image":{"@id":"https:\/\/www.froilabo.com\/fr\/applications\/aeronautique-electronique\/#primaryimage"},"thumbnailUrl":"https:\/\/www.froilabo.com\/wp-content\/uploads\/2021\/06\/shutterstock-65680183.jpg","datePublished":"2021-07-01T20:37:11+00:00","dateModified":"2025-11-25T15:09:17+00:00","description":"\u00c9quipement de contr\u00f4le de la temp\u00e9rature \u00e0 haut rendement \u00e9nerg\u00e9tique pour l'industrie a\u00e9ronautique et \u00e9lectronique. D\u00e9couvrez nos solutions d'\u00e9quipement de laboratoire en ligne.","breadcrumb":{"@id":"https:\/\/www.froilabo.com\/fr\/applications\/aeronautique-electronique\/#breadcrumb"},"inLanguage":"fr-FR","potentialAction":[{"@type":"ReadAction","target":["https:\/\/www.froilabo.com\/fr\/applications\/aeronautique-electronique\/"]}]},{"@type":"ImageObject","inLanguage":"fr-FR","@id":"https:\/\/www.froilabo.com\/fr\/applications\/aeronautique-electronique\/#primaryimage","url":"https:\/\/www.froilabo.com\/wp-content\/uploads\/2021\/06\/shutterstock-65680183.jpg","contentUrl":"https:\/\/www.froilabo.com\/wp-content\/uploads\/2021\/06\/shutterstock-65680183.jpg","width":1599,"height":1064},{"@type":"BreadcrumbList","@id":"https:\/\/www.froilabo.com\/fr\/applications\/aeronautique-electronique\/#breadcrumb","itemListElement":[{"@type":"ListItem","position":1,"name":"Home","item":"https:\/\/www.froilabo.com\/fr\/home\/"},{"@type":"ListItem","position":2,"name":"Applications","item":"https:\/\/www.froilabo.com\/fr\/applications\/"},{"@type":"ListItem","position":3,"name":"A\u00e9ronautique \/ Electronique"}]},{"@type":"WebSite","@id":"https:\/\/www.froilabo.com\/fr\/#website","url":"https:\/\/www.froilabo.com\/fr\/","name":"Froilabo","description":"Precision for life","potentialAction":[{"@type":"SearchAction","target":{"@type":"EntryPoint","urlTemplate":"https:\/\/www.froilabo.com\/fr\/?s={search_term_string}"},"query-input":{"@type":"PropertyValueSpecification","valueRequired":true,"valueName":"search_term_string"}}],"inLanguage":"fr-FR"}]}},"_links":{"self":[{"href":"https:\/\/www.froilabo.com\/fr\/wp-json\/wp\/v2\/pages\/1517","targetHints":{"allow":["GET"]}}],"collection":[{"href":"https:\/\/www.froilabo.com\/fr\/wp-json\/wp\/v2\/pages"}],"about":[{"href":"https:\/\/www.froilabo.com\/fr\/wp-json\/wp\/v2\/types\/page"}],"author":[{"embeddable":true,"href":"https:\/\/www.froilabo.com\/fr\/wp-json\/wp\/v2\/users\/53"}],"replies":[{"embeddable":true,"href":"https:\/\/www.froilabo.com\/fr\/wp-json\/wp\/v2\/comments?post=1517"}],"version-history":[{"count":10,"href":"https:\/\/www.froilabo.com\/fr\/wp-json\/wp\/v2\/pages\/1517\/revisions"}],"predecessor-version":[{"id":11435,"href":"https:\/\/www.froilabo.com\/fr\/wp-json\/wp\/v2\/pages\/1517\/revisions\/11435"}],"up":[{"embeddable":true,"href":"https:\/\/www.froilabo.com\/fr\/wp-json\/wp\/v2\/pages\/15995"}],"wp:featuredmedia":[{"embeddable":true,"href":"https:\/\/www.froilabo.com\/fr\/wp-json\/wp\/v2\/media\/986"}],"wp:attachment":[{"href":"https:\/\/www.froilabo.com\/fr\/wp-json\/wp\/v2\/media?parent=1517"}],"curies":[{"name":"wp","href":"https:\/\/api.w.org\/{rel}","templated":true}]}}