{"id":1504,"date":"2021-07-01T14:48:54","date_gmt":"2021-07-01T14:48:54","guid":{"rendered":"https:\/\/www.froilabo.com\/?page_id=1504"},"modified":"2025-11-25T15:09:17","modified_gmt":"2025-11-25T15:09:17","slug":"medical-pharmaceutique","status":"publish","type":"page","link":"https:\/\/www.froilabo.com\/fr\/applications\/medical-pharmaceutique\/","title":{"rendered":"M\u00e9dical \/ Pharmaceutique"},"content":{"rendered":"<p class=\"p1\">En tant que fabricant d&rsquo;\u00e9quipements de laboratoire, nous nous consacrons \u00e0 la fourniture de produits haut de gamme destin\u00e9s \u00e0 des applications m\u00e9dicales et pharmaceutiques. Certifi\u00e9s ISO9001 \/ ISO13485, tous les produits quittant notre site de fabrication offrent une fiabilit\u00e9 totale et sont conformes aux exigences r\u00e9glementaires.<\/p>\n<ul class=\"ul1\">\n<li style=\"list-style-type: none;\">\n<ul class=\"ul1\">\n<li style=\"list-style-type: none;\">\n<ul class=\"ul2\">\n<li style=\"list-style-type: none;\">\n<ul class=\"ul1\">\n<li style=\"list-style-type: none;\">\n<ul class=\"ul1\">\n<li class=\"li1\"><strong>S&rsquo;engager pour le respect des r\u00e8gles de sant\u00e9<\/strong><\/li>\n<\/ul>\n<\/li>\n<\/ul>\n<\/li>\n<\/ul>\n<\/li>\n<\/ul>\n<\/li>\n<\/ul>\n<p class=\"p1\">Les professionnels de la sant\u00e9 sont soumis \u00e0 des normes strictes afin de garantir une qualit\u00e9 sans faille, indispensable \u00e0 leurs applications.<\/p>\n<p class=\"p1\">Nous sommes ainsi l\u00e0 pour vous fournir des \u00e9quipements de haute performance, r\u00e9pondant aux imp\u00e9ratifs de pr\u00e9cision, tra\u00e7abilit\u00e9 et qualit\u00e9 sp\u00e9cifiques \u00e0 la sant\u00e9.<\/p>\n<ul class=\"ul1\">\n<li style=\"list-style-type: none;\">\n<ul class=\"ul1\">\n<li style=\"list-style-type: none;\">\n<ul class=\"ul2\">\n<li style=\"list-style-type: none;\">\n<ul class=\"ul1\">\n<li style=\"list-style-type: none;\">\n<ul class=\"ul1\">\n<li class=\"li1\"><strong>Des \u00e9quipements certifi\u00e9s ISO<\/strong><\/li>\n<\/ul>\n<\/li>\n<\/ul>\n<\/li>\n<\/ul>\n<\/li>\n<\/ul>\n<\/li>\n<\/ul>\n<p class=\"p1\">L&rsquo;ensemble des processus de fabrication des produits Froilabo sont soumis aux normes ISO 9001 et ISO 13485.<\/p>\n<p class=\"p1\">Nous vous garantissons ainsi des produits r\u00e9pondant \u00e0 de hauts crit\u00e8res d&rsquo;exigence et de qualit\u00e9 pour vous accompagner dans vos applications m\u00e9dicales et pharmaceutiques.<\/p>\n<ul class=\"ul1\">\n<li style=\"list-style-type: none;\">\n<ul class=\"ul1\">\n<li style=\"list-style-type: none;\">\n<ul class=\"ul2\">\n<li style=\"list-style-type: none;\">\n<ul class=\"ul1\">\n<li style=\"list-style-type: none;\">\n<ul class=\"ul1\">\n<li class=\"li1\"><strong>Nos produits adapt\u00e9s pour le M\u00e9dical \/ Pharmaceutique<\/strong><\/li>\n<\/ul>\n<\/li>\n<\/ul>\n<\/li>\n<\/ul>\n<\/li>\n<\/ul>\n<\/li>\n<\/ul>\n","protected":false},"excerpt":{"rendered":"<p>En tant que fabricant d&rsquo;\u00e9quipements de laboratoire, nous nous consacrons \u00e0 la fourniture de produits haut de gamme destin\u00e9s \u00e0 des applications m\u00e9dicales et pharmaceutiques. Certifi\u00e9s ISO9001 \/ ISO13485, tous les produits quittant notre site de fabrication offrent une fiabilit\u00e9 totale et sont conformes aux exigences r\u00e9glementaires. S&rsquo;engager pour le respect des r\u00e8gles de sant\u00e9 [&hellip;]<\/p>\n","protected":false},"author":53,"featured_media":0,"parent":15995,"menu_order":0,"comment_status":"closed","ping_status":"closed","template":"template-techniques.php","meta":{"_acf_changed":false,"footnotes":""},"class_list":["post-1504","page","type-page","status-publish","hentry"],"acf":{"rf_hero_vertpos":"50","rf_hero_horizpos":"50","rf_hero_textcol":"light","rf_hero_bgcol":"white","rf_hero_tint":false,"rf_hero_height":"default","rf_hero_title_hide":false,"rf_hero_title":"","rf_hero_type":"custom","rf_technique_enqform":true,"rf_technique_enqform_banner_text":"","rf_sitemap_hide":false,"description":"<p class=\"p1\">En tant que fabricant d&rsquo;\u00e9quipements de laboratoire, nous nous consacrons \u00e0 la fourniture de produits haut de gamme destin\u00e9s \u00e0 des applications m\u00e9dicales et pharmaceutiques. Certifi\u00e9s ISO9001 \/ ISO13485, tous les produits quittant notre site de fabrication offrent une fiabilit\u00e9 totale et sont conformes aux exigences r\u00e9glementaires.<\/p>\n","content":"<p><strong>S&rsquo;engager pour le respect des r\u00e8gles de sant\u00e9<\/strong><\/p>\n<p class=\"p1\">Les professionnels de la sant\u00e9 sont soumis \u00e0 des normes strictes afin de garantir une qualit\u00e9 sans faille, indispensable \u00e0 leurs applications.<\/p>\n<p class=\"p1\">Nous sommes ainsi l\u00e0 pour vous fournir des \u00e9quipements de haute performance, r\u00e9pondant aux imp\u00e9ratifs de pr\u00e9cision, tra\u00e7abilit\u00e9 et qualit\u00e9 sp\u00e9cifiques \u00e0 la sant\u00e9.<\/p>\n<p><strong>Des \u00e9quipements certifi\u00e9s ISO<\/strong><\/p>\n<p class=\"p1\">L&rsquo;ensemble des processus de fabrication des produits Froilabo sont soumis aux normes ISO 9001 et ISO 13485.<\/p>\n<p class=\"p1\">Nous vous garantissons ainsi des produits r\u00e9pondant \u00e0 de hauts crit\u00e8res d&rsquo;exigence et de qualit\u00e9 pour vous accompagner dans vos applications m\u00e9dicales et pharmaceutiques.<\/p>\n<p><strong>Nos produits adapt\u00e9s pour le M\u00e9dical \/ Pharmaceutique<\/strong><\/p>\n","products":[{"ID":1197,"post_author":"53","post_date":"2021-06-28 16:59:15","post_date_gmt":"2021-06-28 16:59:15","post_content":"","post_title":"Cong\u00e9lateur Evolution -86\u00b0C","post_excerpt":"","post_status":"publish","comment_status":"closed","ping_status":"closed","post_password":"","post_name":"evolution-86c","to_ping":"","pinged":"","post_modified":"2025-11-25 15:39:51","post_modified_gmt":"2025-11-25 15:39:51","post_content_filtered":"","post_parent":0,"guid":"https:\/\/www.froilabo.com\/?post_type=products&#038;p=1197","menu_order":1,"post_type":"products","post_mime_type":"","comment_count":"0","filter":"raw"},{"ID":3638,"post_author":"53","post_date":"2021-06-02 14:23:52","post_date_gmt":"2021-06-02 14:23:52","post_content":"","post_title":"Cong\u00e9lateur Bio Memory -86\u00b0C","post_excerpt":"","post_status":"publish","comment_status":"closed","ping_status":"closed","post_password":"","post_name":"bm-bmt-86c2","to_ping":"","pinged":"","post_modified":"2025-11-25 15:39:40","post_modified_gmt":"2025-11-25 15:39:40","post_content_filtered":"","post_parent":0,"guid":"https:\/\/www.froilabo.com\/products\/bm-bmt-86c2\/","menu_order":4,"post_type":"products","post_mime_type":"","comment_count":"0","filter":"raw"},{"ID":1229,"post_author":"53","post_date":"2021-06-01 19:00:36","post_date_gmt":"2021-06-01 19:00:36","post_content":"","post_title":"Cong\u00e9lateur Bio Memory -86\u00b0C (mod\u00e8le coffre)","post_excerpt":"","post_status":"publish","comment_status":"closed","ping_status":"closed","post_password":"","post_name":"bmh-86c","to_ping":"","pinged":"","post_modified":"2025-11-25 15:39:48","post_modified_gmt":"2025-11-25 15:39:48","post_content_filtered":"","post_parent":0,"guid":"https:\/\/www.froilabo.com\/?post_type=products&#038;p=1229","menu_order":3,"post_type":"products","post_mime_type":"","comment_count":"0","filter":"raw"},{"ID":1233,"post_author":"53","post_date":"2021-06-28 19:03:57","post_date_gmt":"2021-06-28 19:03:57","post_content":"","post_title":"Cong\u00e9lateur Evolution -45\u00b0C","post_excerpt":"","post_status":"publish","comment_status":"closed","ping_status":"closed","post_password":"","post_name":"evolution-45c","to_ping":"","pinged":"","post_modified":"2025-11-25 15:39:49","post_modified_gmt":"2025-11-25 15:39:49","post_content_filtered":"","post_parent":0,"guid":"https:\/\/www.froilabo.com\/?post_type=products&#038;p=1233","menu_order":1,"post_type":"products","post_mime_type":"","comment_count":"0","filter":"raw"},{"ID":1241,"post_author":"53","post_date":"2021-06-02 19:11:50","post_date_gmt":"2021-06-02 19:11:50","post_content":"","post_title":"\u00c9tuves Air Expert","post_excerpt":"","post_status":"publish","comment_status":"closed","ping_status":"closed","post_password":"","post_name":"air-expert","to_ping":"","pinged":"","post_modified":"2025-11-25 15:39:45","post_modified_gmt":"2025-11-25 15:39:45","post_content_filtered":"","post_parent":0,"guid":"https:\/\/www.froilabo.com\/?post_type=products&#038;p=1241","menu_order":0,"post_type":"products","post_mime_type":"","comment_count":"0","filter":"raw"},{"ID":1239,"post_author":"53","post_date":"2021-06-01 19:09:46","post_date_gmt":"2021-06-01 19:09:46","post_content":"","post_title":"\u00c9tuves \u00e0 air puls\u00e9 - grand volume","post_excerpt":"","post_status":"publish","comment_status":"closed","ping_status":"closed","post_password":"","post_name":"air-performance-large-volume","to_ping":"","pinged":"","post_modified":"2025-11-25 15:12:20","post_modified_gmt":"2025-11-25 15:12:20","post_content_filtered":"","post_parent":0,"guid":"https:\/\/www.froilabo.com\/?post_type=products&#038;p=1239","menu_order":0,"post_type":"products","post_mime_type":"","comment_count":"0","filter":"raw"},{"ID":6482,"post_author":"53","post_date":"2021-09-16 09:05:31","post_date_gmt":"2021-09-16 09:05:31","post_content":"","post_title":"Cong\u00e9lateur \u00e0 air puls\u00e9","post_excerpt":"","post_status":"publish","comment_status":"closed","ping_status":"closed","post_password":"","post_name":"congelateur-a-air","to_ping":"","pinged":"","post_modified":"2025-11-25 15:12:14","post_modified_gmt":"2025-11-25 15:12:14","post_content_filtered":"","post_parent":0,"guid":"https:\/\/www.froilabo.com\/?post_type=products&#038;p=6482","menu_order":0,"post_type":"products","post_mime_type":"","comment_count":"0","filter":"raw"},{"ID":1236,"post_author":"53","post_date":"2021-06-05 19:06:57","post_date_gmt":"2021-06-05 19:06:57","post_content":"","post_title":"Cong\u00e9lateur Trust -86 \u00b0C","post_excerpt":"","post_status":"publish","comment_status":"closed","ping_status":"closed","post_password":"","post_name":"trust-86c","to_ping":"","pinged":"","post_modified":"2025-11-25 15:12:22","post_modified_gmt":"2025-11-25 15:12:22","post_content_filtered":"","post_parent":0,"guid":"https:\/\/www.froilabo.com\/?post_type=products&#038;p=1236","menu_order":2,"post_type":"products","post_mime_type":"","comment_count":"0","filter":"raw"}],"applications":"","publications":"","documents":false,"rf_further_reading_posts":false,"rf_technique_enqform_select":8,"rf_technique_enqform_button_text":"","rf_hero_image":false,"small_featured_image":false},"yoast_head":"<!-- This site is optimized with the Yoast SEO plugin v27.3 - https:\/\/yoast.com\/product\/yoast-seo-wordpress\/ -->\n<title>IS09001, ISO13458 \u00c9quipement de laboratoire \u00e0 usage m\u00e9dical et pharmaceutique<\/title>\n<meta name=\"description\" content=\"En tant que fournisseurs d&#039;\u00e9quipements de laboratoire, nous fournissons des \u00e9quipements de contr\u00f4le de la temp\u00e9rature certifi\u00e9s ISO9001 et ISO13458 pour le secteur m\u00e9dical et pharmaceutique. Voir en ligne.\" \/>\n<meta name=\"robots\" content=\"index, follow, max-snippet:-1, max-image-preview:large, max-video-preview:-1\" \/>\n<link rel=\"canonical\" href=\"https:\/\/www.froilabo.com\/fr\/applications\/medical-pharmaceutique\/\" \/>\n<meta property=\"og:locale\" content=\"fr_FR\" \/>\n<meta property=\"og:type\" content=\"article\" \/>\n<meta property=\"og:title\" content=\"IS09001, ISO13458 \u00c9quipement de laboratoire \u00e0 usage m\u00e9dical et pharmaceutique\" \/>\n<meta property=\"og:description\" content=\"En tant que fournisseurs d&#039;\u00e9quipements de laboratoire, nous fournissons des \u00e9quipements de contr\u00f4le de la temp\u00e9rature certifi\u00e9s ISO9001 et ISO13458 pour le secteur m\u00e9dical et pharmaceutique. Voir en ligne.\" \/>\n<meta property=\"og:url\" content=\"https:\/\/www.froilabo.com\/fr\/applications\/medical-pharmaceutique\/\" \/>\n<meta property=\"og:site_name\" content=\"Froilabo\" \/>\n<meta property=\"article:modified_time\" content=\"2025-11-25T15:09:17+00:00\" \/>\n<meta name=\"twitter:card\" content=\"summary_large_image\" \/>\n<meta name=\"twitter:label1\" content=\"Dur\u00e9e de lecture estim\u00e9e\" \/>\n\t<meta name=\"twitter:data1\" content=\"1 minute\" \/>\n<script type=\"application\/ld+json\" class=\"yoast-schema-graph\">{\"@context\":\"https:\\\/\\\/schema.org\",\"@graph\":[{\"@type\":\"WebPage\",\"@id\":\"https:\\\/\\\/www.froilabo.com\\\/fr\\\/applications\\\/medical-pharmaceutique\\\/\",\"url\":\"https:\\\/\\\/www.froilabo.com\\\/fr\\\/applications\\\/medical-pharmaceutique\\\/\",\"name\":\"IS09001, ISO13458 \u00c9quipement de laboratoire \u00e0 usage m\u00e9dical et pharmaceutique\",\"isPartOf\":{\"@id\":\"https:\\\/\\\/www.froilabo.com\\\/fr\\\/#website\"},\"datePublished\":\"2021-07-01T14:48:54+00:00\",\"dateModified\":\"2025-11-25T15:09:17+00:00\",\"description\":\"En tant que fournisseurs d'\u00e9quipements de laboratoire, nous fournissons des \u00e9quipements de contr\u00f4le de la temp\u00e9rature certifi\u00e9s ISO9001 et ISO13458 pour le secteur m\u00e9dical et pharmaceutique. Voir en ligne.\",\"breadcrumb\":{\"@id\":\"https:\\\/\\\/www.froilabo.com\\\/fr\\\/applications\\\/medical-pharmaceutique\\\/#breadcrumb\"},\"inLanguage\":\"fr-FR\",\"potentialAction\":[{\"@type\":\"ReadAction\",\"target\":[\"https:\\\/\\\/www.froilabo.com\\\/fr\\\/applications\\\/medical-pharmaceutique\\\/\"]}]},{\"@type\":\"BreadcrumbList\",\"@id\":\"https:\\\/\\\/www.froilabo.com\\\/fr\\\/applications\\\/medical-pharmaceutique\\\/#breadcrumb\",\"itemListElement\":[{\"@type\":\"ListItem\",\"position\":1,\"name\":\"Home\",\"item\":\"https:\\\/\\\/www.froilabo.com\\\/fr\\\/home\\\/\"},{\"@type\":\"ListItem\",\"position\":2,\"name\":\"Applications\",\"item\":\"https:\\\/\\\/www.froilabo.com\\\/fr\\\/applications\\\/\"},{\"@type\":\"ListItem\",\"position\":3,\"name\":\"M\u00e9dical \\\/ Pharmaceutique\"}]},{\"@type\":\"WebSite\",\"@id\":\"https:\\\/\\\/www.froilabo.com\\\/fr\\\/#website\",\"url\":\"https:\\\/\\\/www.froilabo.com\\\/fr\\\/\",\"name\":\"Froilabo\",\"description\":\"Precision for life\",\"potentialAction\":[{\"@type\":\"SearchAction\",\"target\":{\"@type\":\"EntryPoint\",\"urlTemplate\":\"https:\\\/\\\/www.froilabo.com\\\/fr\\\/?s={search_term_string}\"},\"query-input\":{\"@type\":\"PropertyValueSpecification\",\"valueRequired\":true,\"valueName\":\"search_term_string\"}}],\"inLanguage\":\"fr-FR\"}]}<\/script>\n<!-- \/ Yoast SEO plugin. -->","yoast_head_json":{"title":"IS09001, ISO13458 \u00c9quipement de laboratoire \u00e0 usage m\u00e9dical et pharmaceutique","description":"En tant que fournisseurs d'\u00e9quipements de laboratoire, nous fournissons des \u00e9quipements de contr\u00f4le de la temp\u00e9rature certifi\u00e9s ISO9001 et ISO13458 pour le secteur m\u00e9dical et pharmaceutique. Voir en ligne.","robots":{"index":"index","follow":"follow","max-snippet":"max-snippet:-1","max-image-preview":"max-image-preview:large","max-video-preview":"max-video-preview:-1"},"canonical":"https:\/\/www.froilabo.com\/fr\/applications\/medical-pharmaceutique\/","og_locale":"fr_FR","og_type":"article","og_title":"IS09001, ISO13458 \u00c9quipement de laboratoire \u00e0 usage m\u00e9dical et pharmaceutique","og_description":"En tant que fournisseurs d'\u00e9quipements de laboratoire, nous fournissons des \u00e9quipements de contr\u00f4le de la temp\u00e9rature certifi\u00e9s ISO9001 et ISO13458 pour le secteur m\u00e9dical et pharmaceutique. Voir en ligne.","og_url":"https:\/\/www.froilabo.com\/fr\/applications\/medical-pharmaceutique\/","og_site_name":"Froilabo","article_modified_time":"2025-11-25T15:09:17+00:00","twitter_card":"summary_large_image","twitter_misc":{"Dur\u00e9e de lecture estim\u00e9e":"1 minute"},"schema":{"@context":"https:\/\/schema.org","@graph":[{"@type":"WebPage","@id":"https:\/\/www.froilabo.com\/fr\/applications\/medical-pharmaceutique\/","url":"https:\/\/www.froilabo.com\/fr\/applications\/medical-pharmaceutique\/","name":"IS09001, ISO13458 \u00c9quipement de laboratoire \u00e0 usage m\u00e9dical et pharmaceutique","isPartOf":{"@id":"https:\/\/www.froilabo.com\/fr\/#website"},"datePublished":"2021-07-01T14:48:54+00:00","dateModified":"2025-11-25T15:09:17+00:00","description":"En tant que fournisseurs d'\u00e9quipements de laboratoire, nous fournissons des \u00e9quipements de contr\u00f4le de la temp\u00e9rature certifi\u00e9s ISO9001 et ISO13458 pour le secteur m\u00e9dical et pharmaceutique. Voir en ligne.","breadcrumb":{"@id":"https:\/\/www.froilabo.com\/fr\/applications\/medical-pharmaceutique\/#breadcrumb"},"inLanguage":"fr-FR","potentialAction":[{"@type":"ReadAction","target":["https:\/\/www.froilabo.com\/fr\/applications\/medical-pharmaceutique\/"]}]},{"@type":"BreadcrumbList","@id":"https:\/\/www.froilabo.com\/fr\/applications\/medical-pharmaceutique\/#breadcrumb","itemListElement":[{"@type":"ListItem","position":1,"name":"Home","item":"https:\/\/www.froilabo.com\/fr\/home\/"},{"@type":"ListItem","position":2,"name":"Applications","item":"https:\/\/www.froilabo.com\/fr\/applications\/"},{"@type":"ListItem","position":3,"name":"M\u00e9dical \/ Pharmaceutique"}]},{"@type":"WebSite","@id":"https:\/\/www.froilabo.com\/fr\/#website","url":"https:\/\/www.froilabo.com\/fr\/","name":"Froilabo","description":"Precision for life","potentialAction":[{"@type":"SearchAction","target":{"@type":"EntryPoint","urlTemplate":"https:\/\/www.froilabo.com\/fr\/?s={search_term_string}"},"query-input":{"@type":"PropertyValueSpecification","valueRequired":true,"valueName":"search_term_string"}}],"inLanguage":"fr-FR"}]}},"_links":{"self":[{"href":"https:\/\/www.froilabo.com\/fr\/wp-json\/wp\/v2\/pages\/1504","targetHints":{"allow":["GET"]}}],"collection":[{"href":"https:\/\/www.froilabo.com\/fr\/wp-json\/wp\/v2\/pages"}],"about":[{"href":"https:\/\/www.froilabo.com\/fr\/wp-json\/wp\/v2\/types\/page"}],"author":[{"embeddable":true,"href":"https:\/\/www.froilabo.com\/fr\/wp-json\/wp\/v2\/users\/53"}],"replies":[{"embeddable":true,"href":"https:\/\/www.froilabo.com\/fr\/wp-json\/wp\/v2\/comments?post=1504"}],"version-history":[{"count":11,"href":"https:\/\/www.froilabo.com\/fr\/wp-json\/wp\/v2\/pages\/1504\/revisions"}],"predecessor-version":[{"id":11433,"href":"https:\/\/www.froilabo.com\/fr\/wp-json\/wp\/v2\/pages\/1504\/revisions\/11433"}],"up":[{"embeddable":true,"href":"https:\/\/www.froilabo.com\/fr\/wp-json\/wp\/v2\/pages\/15995"}],"wp:attachment":[{"href":"https:\/\/www.froilabo.com\/fr\/wp-json\/wp\/v2\/media?parent=1504"}],"curies":[{"name":"wp","href":"https:\/\/api.w.org\/{rel}","templated":true}]}}