{"id":1497,"date":"2021-07-01T14:41:01","date_gmt":"2021-07-01T14:41:01","guid":{"rendered":"https:\/\/www.froilabo.com\/?page_id=1497"},"modified":"2025-11-25T15:09:16","modified_gmt":"2025-11-25T15:09:16","slug":"recherche","status":"publish","type":"page","link":"https:\/\/www.froilabo.com\/fr\/applications\/recherche\/","title":{"rendered":"Recherche"},"content":{"rendered":"<p class=\"p1\">Chez Froilabo, nous comprenons que la s\u00e9curit\u00e9 de vos \u00e9chantillons est primordiale. Vos recherches sont pr\u00e9cieuses et peuvent souvent \u00eatre l&rsquo;aboutissement de nombreuses ann\u00e9es de travail. C&rsquo;est pourquoi tous nos produits de laboratoire sont con\u00e7us pour offrir \u00e0 vos \u00e9chantillons une s\u00e9curit\u00e9 et une protection maximales, vous assurant ainsi une totale tranquillit\u00e9 d&rsquo;esprit.<span class=\"Apple-converted-space\">\u00a0<\/span><\/p>\n<ul class=\"ul1\">\n<li style=\"list-style-type: none;\">\n<ul class=\"ul1\">\n<li style=\"list-style-type: none;\">\n<ul class=\"ul2\">\n<li style=\"list-style-type: none;\">\n<ul class=\"ul1\">\n<li style=\"list-style-type: none;\">\n<ul class=\"ul1\" style=\"list-style-type: disc;\">\n<li class=\"li1\"><strong>Mat\u00e9riels de laboratoires pour vos travaux de recherche<\/strong><\/li>\n<\/ul>\n<\/li>\n<\/ul>\n<\/li>\n<\/ul>\n<\/li>\n<\/ul>\n<\/li>\n<\/ul>\n<p class=\"p1\">Vos travaux de recherche sont pr\u00e9cieux. Etant parfois le fruit de plusieurs ann\u00e9es de recherche, les produits Froilabo sont con\u00e7us pour assurer \u00e0 vos \u00e9chantillons une protection et une s\u00e9curit\u00e9 maximale.<\/p>\n<p class=\"p1\">De nombreux \u00e9l\u00e9ments de s\u00e9curit\u00e9 et une maintenance optimale sont les garants de la fiabilit\u00e9 de nos appareils et de la protection de vos \u00e9chantillons.<\/p>\n<ul class=\"ul1\">\n<li style=\"list-style-type: none;\">\n<ul class=\"ul1\">\n<li style=\"list-style-type: none;\">\n<ul class=\"ul2\">\n<li style=\"list-style-type: none;\">\n<ul class=\"ul1\">\n<li style=\"list-style-type: none;\">\n<ul class=\"ul1\">\n<li class=\"li1\"><strong>Protection des \u00e9chantillons et de l&rsquo;utilisateur<\/strong><\/li>\n<\/ul>\n<\/li>\n<\/ul>\n<\/li>\n<\/ul>\n<\/li>\n<\/ul>\n<\/li>\n<\/ul>\n<p class=\"p1\">Votre s\u00e9curit\u00e9 est au c\u0153ur de tout ce que nous faisons. Nos produits sont intuitifs et faciles \u00e0 utiliser tout en offrant une protection maximale \u00e0 l&rsquo;utilisateur.<\/p>\n<ul class=\"ul1\">\n<li style=\"list-style-type: none;\">\n<ul class=\"ul1\">\n<li style=\"list-style-type: none;\">\n<ul class=\"ul2\">\n<li style=\"list-style-type: none;\">\n<ul class=\"ul1\">\n<li style=\"list-style-type: none;\">\n<ul class=\"ul1\">\n<li class=\"li1\"><strong>Nos produits adapt\u00e9s pour pour la recherch\u00e9<\/strong><\/li>\n<\/ul>\n<\/li>\n<\/ul>\n<\/li>\n<\/ul>\n<\/li>\n<\/ul>\n<\/li>\n<\/ul>\n","protected":false},"excerpt":{"rendered":"<p>Chez Froilabo, nous comprenons que la s\u00e9curit\u00e9 de vos \u00e9chantillons est primordiale. Vos recherches sont pr\u00e9cieuses et peuvent souvent \u00eatre l&rsquo;aboutissement de nombreuses ann\u00e9es de travail. C&rsquo;est pourquoi tous nos produits de laboratoire sont con\u00e7us pour offrir \u00e0 vos \u00e9chantillons une s\u00e9curit\u00e9 et une protection maximales, vous assurant ainsi une totale tranquillit\u00e9 d&rsquo;esprit.\u00a0 Mat\u00e9riels de [&hellip;]<\/p>\n","protected":false},"author":53,"featured_media":0,"parent":15995,"menu_order":0,"comment_status":"closed","ping_status":"closed","template":"template-techniques.php","meta":{"_acf_changed":false,"footnotes":""},"class_list":["post-1497","page","type-page","status-publish","hentry"],"acf":{"rf_hero_vertpos":"50","rf_hero_horizpos":"50","rf_hero_textcol":"light","rf_hero_bgcol":"white","rf_hero_tint":false,"rf_hero_height":"default","rf_hero_title_hide":false,"rf_hero_title":"","rf_sitemap_hide":true,"rf_technique_enqform_banner_text":"","rf_hero_type":"custom","description":"<p class=\"p1\">Chez Froilabo, nous comprenons que la s\u00e9curit\u00e9 de vos \u00e9chantillons est primordiale. Vos recherches sont pr\u00e9cieuses et peuvent souvent \u00eatre l&rsquo;aboutissement de nombreuses ann\u00e9es de travail. C&rsquo;est pourquoi tous nos produits de laboratoire sont con\u00e7us pour offrir \u00e0 vos \u00e9chantillons une s\u00e9curit\u00e9 et une protection maximales, vous assurant ainsi une totale tranquillit\u00e9 d&rsquo;esprit.<span class=\"Apple-converted-space\">\u00a0<\/span><\/p>\n","content":"<p><strong>Mat\u00e9riels de laboratoires pour vos travaux de recherche<\/strong><\/p>\n<p class=\"p1\">Vos travaux de recherche sont pr\u00e9cieux. Etant parfois le fruit de plusieurs ann\u00e9es de recherche, les produits Froilabo sont con\u00e7us pour assurer \u00e0 vos \u00e9chantillons une protection et une s\u00e9curit\u00e9 maximale.<\/p>\n<p class=\"p1\">De nombreux \u00e9l\u00e9ments de s\u00e9curit\u00e9 et une maintenance optimale sont les garants de la fiabilit\u00e9 de nos appareils et de la protection de vos \u00e9chantillons.<\/p>\n<p><strong>Protection des \u00e9chantillons et de l&rsquo;utilisateur<\/strong><\/p>\n<p class=\"p1\">Votre s\u00e9curit\u00e9 est au c\u0153ur de tout ce que nous faisons. Nos produits sont intuitifs et faciles \u00e0 utiliser tout en offrant une protection maximale \u00e0 l&rsquo;utilisateur.<\/p>\n","products":[{"ID":1197,"post_author":"53","post_date":"2021-06-28 16:59:15","post_date_gmt":"2021-06-28 16:59:15","post_content":"","post_title":"Cong\u00e9lateur Evolution -86\u00b0C","post_excerpt":"","post_status":"publish","comment_status":"closed","ping_status":"closed","post_password":"","post_name":"evolution-86c","to_ping":"","pinged":"","post_modified":"2025-11-25 15:39:51","post_modified_gmt":"2025-11-25 15:39:51","post_content_filtered":"","post_parent":0,"guid":"https:\/\/www.froilabo.com\/?post_type=products&#038;p=1197","menu_order":1,"post_type":"products","post_mime_type":"","comment_count":"0","filter":"raw"},{"ID":3638,"post_author":"53","post_date":"2021-06-02 14:23:52","post_date_gmt":"2021-06-02 14:23:52","post_content":"","post_title":"Cong\u00e9lateur Bio Memory -86\u00b0C","post_excerpt":"","post_status":"publish","comment_status":"closed","ping_status":"closed","post_password":"","post_name":"bm-bmt-86c2","to_ping":"","pinged":"","post_modified":"2025-11-25 15:39:40","post_modified_gmt":"2025-11-25 15:39:40","post_content_filtered":"","post_parent":0,"guid":"https:\/\/www.froilabo.com\/products\/bm-bmt-86c2\/","menu_order":4,"post_type":"products","post_mime_type":"","comment_count":"0","filter":"raw"},{"ID":1229,"post_author":"53","post_date":"2021-06-01 19:00:36","post_date_gmt":"2021-06-01 19:00:36","post_content":"","post_title":"Cong\u00e9lateur Bio Memory -86\u00b0C (mod\u00e8le coffre)","post_excerpt":"","post_status":"publish","comment_status":"closed","ping_status":"closed","post_password":"","post_name":"bmh-86c","to_ping":"","pinged":"","post_modified":"2025-11-25 15:39:48","post_modified_gmt":"2025-11-25 15:39:48","post_content_filtered":"","post_parent":0,"guid":"https:\/\/www.froilabo.com\/?post_type=products&#038;p=1229","menu_order":3,"post_type":"products","post_mime_type":"","comment_count":"0","filter":"raw"},{"ID":1233,"post_author":"53","post_date":"2021-06-28 19:03:57","post_date_gmt":"2021-06-28 19:03:57","post_content":"","post_title":"Cong\u00e9lateur Evolution -45\u00b0C","post_excerpt":"","post_status":"publish","comment_status":"closed","ping_status":"closed","post_password":"","post_name":"evolution-45c","to_ping":"","pinged":"","post_modified":"2025-11-25 15:39:49","post_modified_gmt":"2025-11-25 15:39:49","post_content_filtered":"","post_parent":0,"guid":"https:\/\/www.froilabo.com\/?post_type=products&#038;p=1233","menu_order":1,"post_type":"products","post_mime_type":"","comment_count":"0","filter":"raw"},{"ID":1241,"post_author":"53","post_date":"2021-06-02 19:11:50","post_date_gmt":"2021-06-02 19:11:50","post_content":"","post_title":"\u00c9tuves Air Expert","post_excerpt":"","post_status":"publish","comment_status":"closed","ping_status":"closed","post_password":"","post_name":"air-expert","to_ping":"","pinged":"","post_modified":"2025-11-25 15:39:45","post_modified_gmt":"2025-11-25 15:39:45","post_content_filtered":"","post_parent":0,"guid":"https:\/\/www.froilabo.com\/?post_type=products&#038;p=1241","menu_order":0,"post_type":"products","post_mime_type":"","comment_count":"0","filter":"raw"},{"ID":1239,"post_author":"53","post_date":"2021-06-01 19:09:46","post_date_gmt":"2021-06-01 19:09:46","post_content":"","post_title":"\u00c9tuves \u00e0 air puls\u00e9 - grand volume","post_excerpt":"","post_status":"publish","comment_status":"closed","ping_status":"closed","post_password":"","post_name":"air-performance-large-volume","to_ping":"","pinged":"","post_modified":"2025-11-25 15:12:20","post_modified_gmt":"2025-11-25 15:12:20","post_content_filtered":"","post_parent":0,"guid":"https:\/\/www.froilabo.com\/?post_type=products&#038;p=1239","menu_order":0,"post_type":"products","post_mime_type":"","comment_count":"0","filter":"raw"},{"ID":1281,"post_author":"53","post_date":"2021-06-06 16:03:58","post_date_gmt":"2021-06-06 16:03:58","post_content":"","post_title":"Incubateurs Bio Performance","post_excerpt":"","post_status":"publish","comment_status":"closed","ping_status":"closed","post_password":"","post_name":"bio-performance","to_ping":"","pinged":"","post_modified":"2025-03-31 13:51:28","post_modified_gmt":"2025-03-31 13:51:28","post_content_filtered":"","post_parent":0,"guid":"https:\/\/www.froilabo.com\/?post_type=products&#038;p=1281","menu_order":0,"post_type":"products","post_mime_type":"","comment_count":"0","filter":"raw"},{"ID":1278,"post_author":"53","post_date":"2021-06-03 15:00:38","post_date_gmt":"2021-06-03 15:00:38","post_content":"","post_title":"Incubateurs Bio expert","post_excerpt":"","post_status":"publish","comment_status":"closed","ping_status":"closed","post_password":"","post_name":"bio-expert","to_ping":"","pinged":"","post_modified":"2025-11-25 15:12:10","post_modified_gmt":"2025-11-25 15:12:10","post_content_filtered":"","post_parent":0,"guid":"https:\/\/www.froilabo.com\/?post_type=products&#038;p=1278","menu_order":0,"post_type":"products","post_mime_type":"","comment_count":"0","filter":"raw"},{"ID":1276,"post_author":"53","post_date":"2021-06-02 16:06:32","post_date_gmt":"2021-06-02 16:06:32","post_content":"","post_title":"Incubateurs r\u00e9frig\u00e9r\u00e9s experts Bio","post_excerpt":"","post_status":"publish","comment_status":"closed","ping_status":"closed","post_password":"","post_name":"bio-refrigerated-expert","to_ping":"","pinged":"","post_modified":"2025-11-25 15:12:08","post_modified_gmt":"2025-11-25 15:12:08","post_content_filtered":"","post_parent":0,"guid":"https:\/\/www.froilabo.com\/?post_type=products&#038;p=1276","menu_order":0,"post_type":"products","post_mime_type":"","comment_count":"0","filter":"raw"},{"ID":1259,"post_author":"53","post_date":"2021-06-28 19:31:23","post_date_gmt":"2021-06-28 19:31:23","post_content":"Serology water bath","post_title":"Bain-marie de s\u00e9rologie","post_excerpt":"","post_status":"publish","comment_status":"closed","ping_status":"closed","post_password":"","post_name":"serology-water-bath","to_ping":"","pinged":"","post_modified":"2025-11-25 15:12:11","post_modified_gmt":"2025-11-25 15:12:11","post_content_filtered":"","post_parent":0,"guid":"https:\/\/www.froilabo.com\/?post_type=products&#038;p=1259","menu_order":0,"post_type":"products","post_mime_type":"","comment_count":"0","filter":"raw"},{"ID":7059,"post_author":"53","post_date":"2021-06-01 13:11:02","post_date_gmt":"2021-06-01 13:11:02","post_content":"","post_title":"Bio performance grand volume","post_excerpt":"","post_status":"publish","comment_status":"closed","ping_status":"closed","post_password":"","post_name":"incubateur-bio-performance-grand-volume","to_ping":"","pinged":"","post_modified":"2025-11-25 15:12:12","post_modified_gmt":"2025-11-25 15:12:12","post_content_filtered":"","post_parent":0,"guid":"https:\/\/www.froilabo.com\/?post_type=products&#038;p=7059","menu_order":0,"post_type":"products","post_mime_type":"","comment_count":"0","filter":"raw"},{"ID":1236,"post_author":"53","post_date":"2021-06-05 19:06:57","post_date_gmt":"2021-06-05 19:06:57","post_content":"","post_title":"Cong\u00e9lateur Trust -86 \u00b0C","post_excerpt":"","post_status":"publish","comment_status":"closed","ping_status":"closed","post_password":"","post_name":"trust-86c","to_ping":"","pinged":"","post_modified":"2025-11-25 15:12:22","post_modified_gmt":"2025-11-25 15:12:22","post_content_filtered":"","post_parent":0,"guid":"https:\/\/www.froilabo.com\/?post_type=products&#038;p=1236","menu_order":2,"post_type":"products","post_mime_type":"","comment_count":"0","filter":"raw"}],"applications":"","publications":"","documents":false,"rf_technique_enqform":true,"rf_technique_enqform_select":8,"rf_technique_enqform_button_text":"","rf_further_reading_posts":[1197,1267,1243,1281],"rf_hero_image":false,"small_featured_image":false},"yoast_head":"<!-- This site is optimized with the Yoast SEO plugin v27.4 - https:\/\/yoast.com\/product\/yoast-seo-wordpress\/ -->\n<title>Cong\u00e9lateurs ultra basse temp\u00e9rature pour la recherche | Bains maries petits volumes<\/title>\n<meta name=\"description\" content=\"Cong\u00e9lateurs ultra basse temp\u00e9rature et bains maries \u00e0 petit volume con\u00e7us pour aider les laboratoires de recherche dans la pr\u00e9paration et le stockage des \u00e9chantillons. En savoir plus.\" \/>\n<meta name=\"robots\" content=\"index, follow, max-snippet:-1, max-image-preview:large, max-video-preview:-1\" \/>\n<link rel=\"canonical\" href=\"https:\/\/www.froilabo.com\/fr\/applications\/recherche\/\" \/>\n<meta property=\"og:locale\" content=\"fr_FR\" \/>\n<meta property=\"og:type\" content=\"article\" \/>\n<meta property=\"og:title\" content=\"Cong\u00e9lateurs ultra basse temp\u00e9rature pour la recherche | Bains maries petits volumes\" \/>\n<meta property=\"og:description\" content=\"Cong\u00e9lateurs ultra basse temp\u00e9rature et bains maries \u00e0 petit volume con\u00e7us pour aider les laboratoires de recherche dans la pr\u00e9paration et le stockage des \u00e9chantillons. En savoir plus.\" \/>\n<meta property=\"og:url\" content=\"https:\/\/www.froilabo.com\/fr\/applications\/recherche\/\" \/>\n<meta property=\"og:site_name\" content=\"Froilabo\" \/>\n<meta property=\"article:modified_time\" content=\"2025-11-25T15:09:16+00:00\" \/>\n<meta name=\"twitter:card\" content=\"summary_large_image\" \/>\n<meta name=\"twitter:label1\" content=\"Dur\u00e9e de lecture estim\u00e9e\" \/>\n\t<meta name=\"twitter:data1\" content=\"1 minute\" \/>\n<script type=\"application\/ld+json\" class=\"yoast-schema-graph\">{\"@context\":\"https:\\\/\\\/schema.org\",\"@graph\":[{\"@type\":\"WebPage\",\"@id\":\"https:\\\/\\\/www.froilabo.com\\\/fr\\\/applications\\\/recherche\\\/\",\"url\":\"https:\\\/\\\/www.froilabo.com\\\/fr\\\/applications\\\/recherche\\\/\",\"name\":\"Cong\u00e9lateurs ultra basse temp\u00e9rature pour la recherche | Bains maries petits volumes\",\"isPartOf\":{\"@id\":\"https:\\\/\\\/www.froilabo.com\\\/fr\\\/#website\"},\"datePublished\":\"2021-07-01T14:41:01+00:00\",\"dateModified\":\"2025-11-25T15:09:16+00:00\",\"description\":\"Cong\u00e9lateurs ultra basse temp\u00e9rature et bains maries \u00e0 petit volume con\u00e7us pour aider les laboratoires de recherche dans la pr\u00e9paration et le stockage des \u00e9chantillons. En savoir plus.\",\"breadcrumb\":{\"@id\":\"https:\\\/\\\/www.froilabo.com\\\/fr\\\/applications\\\/recherche\\\/#breadcrumb\"},\"inLanguage\":\"fr-FR\",\"potentialAction\":[{\"@type\":\"ReadAction\",\"target\":[\"https:\\\/\\\/www.froilabo.com\\\/fr\\\/applications\\\/recherche\\\/\"]}]},{\"@type\":\"BreadcrumbList\",\"@id\":\"https:\\\/\\\/www.froilabo.com\\\/fr\\\/applications\\\/recherche\\\/#breadcrumb\",\"itemListElement\":[{\"@type\":\"ListItem\",\"position\":1,\"name\":\"Home\",\"item\":\"https:\\\/\\\/www.froilabo.com\\\/fr\\\/home\\\/\"},{\"@type\":\"ListItem\",\"position\":2,\"name\":\"Applications\",\"item\":\"https:\\\/\\\/www.froilabo.com\\\/fr\\\/applications\\\/\"},{\"@type\":\"ListItem\",\"position\":3,\"name\":\"Recherche\"}]},{\"@type\":\"WebSite\",\"@id\":\"https:\\\/\\\/www.froilabo.com\\\/fr\\\/#website\",\"url\":\"https:\\\/\\\/www.froilabo.com\\\/fr\\\/\",\"name\":\"Froilabo\",\"description\":\"Precision for life\",\"potentialAction\":[{\"@type\":\"SearchAction\",\"target\":{\"@type\":\"EntryPoint\",\"urlTemplate\":\"https:\\\/\\\/www.froilabo.com\\\/fr\\\/?s={search_term_string}\"},\"query-input\":{\"@type\":\"PropertyValueSpecification\",\"valueRequired\":true,\"valueName\":\"search_term_string\"}}],\"inLanguage\":\"fr-FR\"}]}<\/script>\n<!-- \/ Yoast SEO plugin. -->","yoast_head_json":{"title":"Cong\u00e9lateurs ultra basse temp\u00e9rature pour la recherche | Bains maries petits volumes","description":"Cong\u00e9lateurs ultra basse temp\u00e9rature et bains maries \u00e0 petit volume con\u00e7us pour aider les laboratoires de recherche dans la pr\u00e9paration et le stockage des \u00e9chantillons. En savoir plus.","robots":{"index":"index","follow":"follow","max-snippet":"max-snippet:-1","max-image-preview":"max-image-preview:large","max-video-preview":"max-video-preview:-1"},"canonical":"https:\/\/www.froilabo.com\/fr\/applications\/recherche\/","og_locale":"fr_FR","og_type":"article","og_title":"Cong\u00e9lateurs ultra basse temp\u00e9rature pour la recherche | Bains maries petits volumes","og_description":"Cong\u00e9lateurs ultra basse temp\u00e9rature et bains maries \u00e0 petit volume con\u00e7us pour aider les laboratoires de recherche dans la pr\u00e9paration et le stockage des \u00e9chantillons. En savoir plus.","og_url":"https:\/\/www.froilabo.com\/fr\/applications\/recherche\/","og_site_name":"Froilabo","article_modified_time":"2025-11-25T15:09:16+00:00","twitter_card":"summary_large_image","twitter_misc":{"Dur\u00e9e de lecture estim\u00e9e":"1 minute"},"schema":{"@context":"https:\/\/schema.org","@graph":[{"@type":"WebPage","@id":"https:\/\/www.froilabo.com\/fr\/applications\/recherche\/","url":"https:\/\/www.froilabo.com\/fr\/applications\/recherche\/","name":"Cong\u00e9lateurs ultra basse temp\u00e9rature pour la recherche | Bains maries petits volumes","isPartOf":{"@id":"https:\/\/www.froilabo.com\/fr\/#website"},"datePublished":"2021-07-01T14:41:01+00:00","dateModified":"2025-11-25T15:09:16+00:00","description":"Cong\u00e9lateurs ultra basse temp\u00e9rature et bains maries \u00e0 petit volume con\u00e7us pour aider les laboratoires de recherche dans la pr\u00e9paration et le stockage des \u00e9chantillons. En savoir plus.","breadcrumb":{"@id":"https:\/\/www.froilabo.com\/fr\/applications\/recherche\/#breadcrumb"},"inLanguage":"fr-FR","potentialAction":[{"@type":"ReadAction","target":["https:\/\/www.froilabo.com\/fr\/applications\/recherche\/"]}]},{"@type":"BreadcrumbList","@id":"https:\/\/www.froilabo.com\/fr\/applications\/recherche\/#breadcrumb","itemListElement":[{"@type":"ListItem","position":1,"name":"Home","item":"https:\/\/www.froilabo.com\/fr\/home\/"},{"@type":"ListItem","position":2,"name":"Applications","item":"https:\/\/www.froilabo.com\/fr\/applications\/"},{"@type":"ListItem","position":3,"name":"Recherche"}]},{"@type":"WebSite","@id":"https:\/\/www.froilabo.com\/fr\/#website","url":"https:\/\/www.froilabo.com\/fr\/","name":"Froilabo","description":"Precision for life","potentialAction":[{"@type":"SearchAction","target":{"@type":"EntryPoint","urlTemplate":"https:\/\/www.froilabo.com\/fr\/?s={search_term_string}"},"query-input":{"@type":"PropertyValueSpecification","valueRequired":true,"valueName":"search_term_string"}}],"inLanguage":"fr-FR"}]}},"_links":{"self":[{"href":"https:\/\/www.froilabo.com\/fr\/wp-json\/wp\/v2\/pages\/1497","targetHints":{"allow":["GET"]}}],"collection":[{"href":"https:\/\/www.froilabo.com\/fr\/wp-json\/wp\/v2\/pages"}],"about":[{"href":"https:\/\/www.froilabo.com\/fr\/wp-json\/wp\/v2\/types\/page"}],"author":[{"embeddable":true,"href":"https:\/\/www.froilabo.com\/fr\/wp-json\/wp\/v2\/users\/53"}],"replies":[{"embeddable":true,"href":"https:\/\/www.froilabo.com\/fr\/wp-json\/wp\/v2\/comments?post=1497"}],"version-history":[{"count":10,"href":"https:\/\/www.froilabo.com\/fr\/wp-json\/wp\/v2\/pages\/1497\/revisions"}],"predecessor-version":[{"id":11428,"href":"https:\/\/www.froilabo.com\/fr\/wp-json\/wp\/v2\/pages\/1497\/revisions\/11428"}],"up":[{"embeddable":true,"href":"https:\/\/www.froilabo.com\/fr\/wp-json\/wp\/v2\/pages\/15995"}],"wp:attachment":[{"href":"https:\/\/www.froilabo.com\/fr\/wp-json\/wp\/v2\/media?parent=1497"}],"curies":[{"name":"wp","href":"https:\/\/api.w.org\/{rel}","templated":true}]}}